{"id":990,"date":"2023-11-21T10:38:20","date_gmt":"2023-11-21T08:38:20","guid":{"rendered":"https:\/\/ambmaputo.esteri.it\/?page_id=990"},"modified":"2024-01-23T10:50:21","modified_gmt":"2024-01-23T08:50:21","slug":"estudos","status":"publish","type":"page","link":"https:\/\/ambmaputo.esteri.it\/pt-pt\/servizi-consolari-e-visti-2\/servizi-per-il-cittadino-italiano\/estudos\/","title":{"rendered":"Estudos"},"content":{"rendered":"<p>O Gabinete de Estudos fornece informa\u00e7\u00f5es e consultoria para a inscri\u00e7\u00e3o em Escolas e Universidades em It\u00e1lia e emite as declara\u00e7\u00f5es de valor necess\u00e1rias para as qualifica\u00e7\u00f5es obtidas nas Escolas e Universidades do distrito consular para que os interessados possam obter a equival\u00eancia de qualifica\u00e7\u00f5es prim\u00e1rias e secund\u00e1rias com qualifica\u00e7\u00f5es italianas equivalentes, a inscri\u00e7\u00e3o em escolas e universidades italianas, o reconhecimento de estudos universit\u00e1rios em It\u00e1lia e a atribui\u00e7\u00e3o de bolsas de estudo.<\/p>\n<p>&nbsp;<\/p>\n","protected":false},"excerpt":{"rendered":"O Gabinete de Estudos fornece informa\u00e7\u00f5es e consultoria para a inscri\u00e7\u00e3o em Escolas e Universidades em It\u00e1lia e emite as declara\u00e7\u00f5es de valor necess\u00e1rias para as qualifica\u00e7\u00f5es obtidas nas Escolas e Universidades do distrito consular para que os interessados possam obter a equival\u00eancia de qualifica\u00e7\u00f5es prim\u00e1rias e secund\u00e1rias com qualifica\u00e7\u00f5es italianas equivalentes, a inscri\u00e7\u00e3o em [&hellip;]","protected":false},"author":4,"featured_media":0,"parent":256,"menu_order":15,"comment_status":"closed","ping_status":"closed","template":"","meta":{"footnotes":""},"class_list":["post-990","page","type-page","status-publish","hentry"],"_links":{"self":[{"href":"https:\/\/ambmaputo.esteri.it\/pt-pt\/wp-json\/wp\/v2\/pages\/990","targetHints":{"allow":["GET"]}}],"collection":[{"href":"https:\/\/ambmaputo.esteri.it\/pt-pt\/wp-json\/wp\/v2\/pages"}],"about":[{"href":"https:\/\/ambmaputo.esteri.it\/pt-pt\/wp-json\/wp\/v2\/types\/page"}],"author":[{"embeddable":true,"href":"https:\/\/ambmaputo.esteri.it\/pt-pt\/wp-json\/wp\/v2\/users\/4"}],"replies":[{"embeddable":true,"href":"https:\/\/ambmaputo.esteri.it\/pt-pt\/wp-json\/wp\/v2\/comments?post=990"}],"version-history":[{"count":1,"href":"https:\/\/ambmaputo.esteri.it\/pt-pt\/wp-json\/wp\/v2\/pages\/990\/revisions"}],"predecessor-version":[{"id":993,"href":"https:\/\/ambmaputo.esteri.it\/pt-pt\/wp-json\/wp\/v2\/pages\/990\/revisions\/993"}],"up":[{"embeddable":true,"href":"https:\/\/ambmaputo.esteri.it\/pt-pt\/wp-json\/wp\/v2\/pages\/256"}],"wp:attachment":[{"href":"https:\/\/ambmaputo.esteri.it\/pt-pt\/wp-json\/wp\/v2\/media?parent=990"}],"curies":[{"name":"wp","href":"https:\/\/api.w.org\/{rel}","templated":true}]}}