{"id":949,"date":"2023-11-20T16:14:49","date_gmt":"2023-11-20T14:14:49","guid":{"rendered":"https:\/\/ambmaputo.esteri.it\/?page_id=949"},"modified":"2023-11-21T10:02:18","modified_gmt":"2023-11-21T08:02:18","slug":"qualidade-das-fotos","status":"publish","type":"page","link":"https:\/\/ambmaputo.esteri.it\/pt-pt\/servizi-consolari-e-visti-2\/servizi-per-il-cittadino-italiano\/passaporti-e-carte-didentita\/qualidade-das-fotos\/","title":{"rendered":"Qualidade das fotos"},"content":{"rendered":"<p><strong>Qualidade das fotos<\/strong><\/p>\n<p>As fotografias devem ter as seguintes caracter\u00edsticas:<\/p>\n<ul>\n<li>n\u00e3o mais de seis meses<\/li>\n<li>tem uma largura de 4 x 4 cm<\/li>\n<li>de prefer\u00eancia com um fundo branco<\/li>\n<li>close-up da cabe\u00e7a e da parte superior dos ombros de modo que o rosto ocupe 70-80% da fotografia<\/li>\n<li>esteja perfeitamente focado e n\u00edtido<\/li>\n<li>ser de alta qualidade, sem marcas de tinta ou vincos.<\/li>\n<li>mostrar a pessoa olhando diretamente para\u00a0a c\u00e2mera<\/li>\n<li>mostrar a cor da pele de uma forma natural<\/li>\n<li>possuir brilho e contraste suficientes<\/li>\n<li>ser impressas em papel de alta qualidade e alta defini\u00e7\u00e3o.<\/li>\n<li>As fotografias impressas com c\u00e2mera digital devem ter cores de alta qualidade e ser impressas em papel fotogr\u00e1fico de alto rendimento.<\/li>\n<\/ul>\n<p><strong>Estilo e ilumina\u00e7\u00e3o<\/p>\n<p><\/strong>As fotos devem:<\/p>\n<ul>\n<li>tem uma cor neutra<\/li>\n<li>mostrar os olhos da pessoa abertos e claramente vis\u00edveis &#8211; sem cabelo cobrindo-os<\/li>\n<li>mostrar a pessoa de frente para a c\u00e2mera, sem olhar por cima do ombro (estilo retrato) ou com a cabe\u00e7a inclinada, e mostrando ambos os lados do rosto claramente vis\u00edveis<\/li>\n<li>ser filmado contra um fundo simples de cor clara<\/li>\n<li>ser filmado com ilumina\u00e7\u00e3o uniforme e sem sombras de flash ou reflexos no rosto ou efeito de &#8220;olhos vermelhos&#8221;.<\/li>\n<\/ul>\n<p><strong>\u00d3culos e chap\u00e9u<\/strong><\/p>\n<p>Se voc\u00ea usa \u00f3culos o capacete:<\/p>\n<ul>\n<li>a fotografia deve mostrar os olhos com clareza e sem reflexo do flash nas lentes, sem lentes sombreadas (se poss\u00edvel, evite arma\u00e7\u00f5es pesadas &#8211; use \u00f3culos com arma\u00e7\u00f5es mais leves, se tiver)<\/li>\n<li>certifique-se de que a moldura n\u00e3o cobre nenhuma parte dos olhos.<\/li>\n<li>Nenhum arn\u00eas \u00e9 permitido exceto por motivos religiosos, mas deve mostrar claramente as caracter\u00edsticas faciais da ponta do queixo ao topo da testa e ambos os lados do rosto devem ser vistos claramente.Express\u00e3o e enquadramento<\/li>\n<li>A fotografia deve mostrar apenas a pessoa (sem costas de cadeiras, brinquedos ou outras pessoas vis\u00edveis) olhando para a lente com uma express\u00e3o natural e boca fechada.<\/li>\n<\/ul>\n<p><strong>Express\u00e3o e enquadramento<\/strong><\/p>\n<p>A fotografia deve mostrar apenas a pessoa (sem encosto de cadeira, brinquedos ou outras pessoas vis\u00edveis) olhando para a c\u00e2mera com express\u00e3o natural e boca fechada.<\/p>\n","protected":false},"excerpt":{"rendered":"Qualidade das fotos As fotografias devem ter as seguintes caracter\u00edsticas: n\u00e3o mais de seis meses tem uma largura de 4 x 4 cm de prefer\u00eancia com um fundo branco close-up da cabe\u00e7a e da parte superior dos ombros de modo que o rosto ocupe 70-80% da fotografia esteja perfeitamente focado e n\u00edtido ser de alta [&hellip;]","protected":false},"author":4,"featured_media":0,"parent":258,"menu_order":0,"comment_status":"closed","ping_status":"closed","template":"","meta":{"footnotes":""},"class_list":["post-949","page","type-page","status-publish","hentry"],"_links":{"self":[{"href":"https:\/\/ambmaputo.esteri.it\/pt-pt\/wp-json\/wp\/v2\/pages\/949","targetHints":{"allow":["GET"]}}],"collection":[{"href":"https:\/\/ambmaputo.esteri.it\/pt-pt\/wp-json\/wp\/v2\/pages"}],"about":[{"href":"https:\/\/ambmaputo.esteri.it\/pt-pt\/wp-json\/wp\/v2\/types\/page"}],"author":[{"embeddable":true,"href":"https:\/\/ambmaputo.esteri.it\/pt-pt\/wp-json\/wp\/v2\/users\/4"}],"replies":[{"embeddable":true,"href":"https:\/\/ambmaputo.esteri.it\/pt-pt\/wp-json\/wp\/v2\/comments?post=949"}],"version-history":[{"count":3,"href":"https:\/\/ambmaputo.esteri.it\/pt-pt\/wp-json\/wp\/v2\/pages\/949\/revisions"}],"predecessor-version":[{"id":955,"href":"https:\/\/ambmaputo.esteri.it\/pt-pt\/wp-json\/wp\/v2\/pages\/949\/revisions\/955"}],"up":[{"embeddable":true,"href":"https:\/\/ambmaputo.esteri.it\/pt-pt\/wp-json\/wp\/v2\/pages\/258"}],"wp:attachment":[{"href":"https:\/\/ambmaputo.esteri.it\/pt-pt\/wp-json\/wp\/v2\/media?parent=949"}],"curies":[{"name":"wp","href":"https:\/\/api.w.org\/{rel}","templated":true}]}}