{"id":9287,"date":"2024-08-07T09:11:03","date_gmt":"2024-08-07T07:11:03","guid":{"rendered":"https:\/\/ambmaputo.esteri.it\/?page_id=9287"},"modified":"2024-08-07T09:55:38","modified_gmt":"2024-08-07T07:55:38","slug":"notificacaoes","status":"publish","type":"page","link":"https:\/\/ambmaputo.esteri.it\/pt-pt\/servizi-consolari-e-visti-2\/servizi-per-il-cittadino-italiano\/notificacaoes\/","title":{"rendered":"Notifica\u00e7\u00e3oes"},"content":{"rendered":"<h6 style=\"text-align: justify;\">NOTIFICA\u00c7\u00d5ES AOS CIDAD\u00c3OS ITALIANOS<\/h6>\n<p style=\"text-align: justify;\">No caso de notifica\u00e7\u00e3o a destinat\u00e1rios que <strong>apenas possuam cidadania italiana<\/strong>, \u00e9 poss\u00edvel adotar o procedimento de notifica\u00e7\u00e3o por via consular nos termos do art. 37\u00ba do Decreto Legislativo n\u00ba. 71, de 3 de fevereiro de 2011, para a qual n\u00e3o \u00e9 necess\u00e1ria tradu\u00e7\u00e3o. <span style=\"text-decoration: underline;\">No caso de dupla cidadania do destinat\u00e1rio \u00e9 necess\u00e1rio garantir que a pr\u00e1tica local estrangeira permite a notifica\u00e7\u00e3o consular.<\/span><\/p>\n<p style=\"text-align: justify;\">O pedido dever\u00e1 ser efetuado atrav\u00e9s da autoridade judici\u00e1ria competente e dever\u00e1: incluir o <strong>endere\u00e7o do destinat\u00e1rio<\/strong> por extenso, <strong>ser acompanhado do documento pelo menos em duas vias<\/strong> e conter: <strong>n\u00famero de protocolo<\/strong>; data, carimbo e assinatura da <strong>Autoridade requerente; PEC ou e-mail<\/strong> do organismo requerente.<\/p>\n<p style=\"text-align: justify;\">Na aus\u00eancia de Conven\u00e7\u00f5es e caso n\u00e3o seja poss\u00edvel proceder \u00e0 notifica\u00e7\u00e3o consular, <strong>a notifica\u00e7\u00e3o ocorre nos termos do art. 142.\u00ba do c\u00f3digo de processo civil italiano<\/strong>: o documento \u00e9 notificado ao destinat\u00e1rio enviando-o por correio registado e entregando outra c\u00f3pia ao Minist\u00e9rio P\u00fablico, que se encarrega da sua transmiss\u00e3o ao Minist\u00e9rio dos Neg\u00f3cios Estrangeiros para entrega \u00e0 pessoa a quem \u00e9 abordado (Unidade para a prote\u00e7\u00e3o dos italianos no estrangeiro e a coopera\u00e7\u00e3o judici\u00e1ria internacional da Dire\u00e7\u00e3o Geral dos Italianos no Estrangeiro e Pol\u00edticas Migrat\u00f3rias). O pedido dever\u00e1 incluir o endere\u00e7o completo do destinat\u00e1rio, conter o <strong>n\u00famero adequado de c\u00f3pias dos documentos a notificar<\/strong> e conter a <strong>tradu\u00e7\u00e3o certificada completa e legalizada<\/strong>.<\/p>\n<h6 style=\"text-align: justify;\">NOTIFICA\u00c7\u00d5ES AOS CIDAD\u00c3OS DO BOTSWANA<\/h6>\n<p style=\"text-align: justify;\"><span style=\"text-decoration: underline;\">Notifica\u00e7\u00f5es de documentos judiciais em mat\u00e9ria civil e comercial<\/span><br \/>\nO Botswana \u00e9 um dos pa\u00edses signat\u00e1rios da Conven\u00e7\u00e3o de Haia de 15 de Novembro de 1965, no que diz <strong>respeito aos documentos judiciais em mat\u00e9ria civil e comercial<\/strong>, cada Estado Contratante designa uma Autoridade Central, que assume a responsabilidade de receber pedidos de notifica\u00e7\u00e3o ou comunica\u00e7\u00e3o de outro Estado Contratante e para agir sobre isso. A Autoridade Designada para o Botswana \u00e9 o Ministro de Estado no Gabinete do Presidente:<\/p>\n<p style=\"text-align: justify;\"><em>O Ministro de Estado no Gabinete do Presidente<\/em><br \/>\n<em>Bolsa Privada 001<\/em><br \/>\n<em>Gaborone<\/em><br \/>\n<em>Botsuana<\/em><\/p>\n<p style=\"text-align: justify;\">A Autoridade competente ou funcion\u00e1rio ministerial transmite o pedido \u00e0 Autoridade Central do Estado requerido, <strong>sem necessidade de legaliza\u00e7\u00e3o dos documentos ou de qualquer outra formalidade equivalente<\/strong>. O requerimento dever\u00e1 ser acompanhado do documento judicial ou c\u00f3pia, <strong>todos em duplicado<\/strong>.<\/p>\n<p style=\"text-align: justify;\">O Botswana n\u00e3o se op\u00f5e \u00e0 op\u00e7\u00e3o de enviar o pedido de notifica\u00e7\u00e3o diretamente ao notificador.<\/p>\n<h6 style=\"text-align: justify;\">NOTIFICA\u00c7\u00d5ES AOS CIDAD\u00c3OS DE MO\u00c7AMBIQUE<\/h6>\n<p style=\"text-align: justify;\">A notifica\u00e7\u00e3o de atos judiciais e extrajudiciais em mat\u00e9ria civil e comercial ocorre nos termos do <strong>art. 142\u00ba do C\u00f3digo de Processo Civil<\/strong> atrav\u00e9s da Embaixada de It\u00e1lia em Mo\u00e7ambique.<\/p>\n<p style=\"text-align: justify;\">O pedido de <strong>notifica\u00e7\u00e3o dever\u00e1 ser remetido por via diplom\u00e1tica<\/strong> e qualificado como carta rogat\u00f3ria. \u00c9 necess\u00e1rio enviar os documentos em originais duplos, traduzidos e legalizados, para a Embaixada (por correio ou PEC para o endere\u00e7o amb.maputo@cert.esteri.it), que os enviar\u00e1 via Nota Verbal para o MINEC.<\/p>\n<h6 style=\"text-align: justify;\">NOTIFICA\u00c7\u00d5ES AOS CIDAD\u00c3OS ESWATINI<\/h6>\n<p style=\"text-align: justify;\">A notifica\u00e7\u00e3o de atos judiciais e extrajudiciais em mat\u00e9ria civil e comercial ocorre nos termos do<strong> art. 142\u00ba do C\u00f3digo de Processo Civil<\/strong> atrav\u00e9s da Embaixada de It\u00e1lia em Mo\u00e7ambique.<\/p>\n<p style=\"text-align: justify;\">O pedido de <strong>notifica\u00e7\u00e3o dever\u00e1 ser remetido por via diplom\u00e1tica<\/strong> e qualificado como carta rogat\u00f3ria. \u00c9 necess\u00e1rio enviar os documentos em duplo original, traduzidos e apostilados, para a Embaixada (por correio ou PEC para o endere\u00e7o <a href=\"mailto:amb.maputo@cert.esteri.it\">amb.maputo@cert.esteri.it<\/a>), que os enviar\u00e1 via Nota Verbal para o Minist\u00e9rio dos Neg\u00f3cios Estrangeiros e da coopera\u00e7\u00e3o internacional.<\/p>\n<p style=\"text-align: justify;\"><strong>Para os cidad\u00e3os italianos, a notifica\u00e7\u00e3o consular \u00e9 permitida<\/strong> nos termos do Decreto Legislativo 71\/2011.<\/p>\n<h6 style=\"text-align: justify;\">NOTIFICA\u00c7\u00d5ES ADMINISTRATIVAS EM MO\u00c7AMBIQUE, ESWATINI E BOTSWANA<\/h6>\n<p style=\"text-align: justify;\">O requerente da notifica\u00e7\u00e3o dever\u00e1 enviar o documento, em duplicado e com tradu\u00e7\u00e3o para a l\u00edngua do pa\u00eds de destino ou para a l\u00edngua veicular em uso, diretamente \u00e0 Embaixada, que proceder\u00e1 \u00e0 notifica\u00e7\u00e3o com base na pr\u00e1tica permitida pela legisla\u00e7\u00e3o local, providenciando ent\u00e3o a devolu\u00e7\u00e3o de uma c\u00f3pia do documento com o relat\u00f3rio de notifica\u00e7\u00e3o ao Organismo requerente.<\/p>\n","protected":false},"excerpt":{"rendered":"NOTIFICA\u00c7\u00d5ES AOS CIDAD\u00c3OS ITALIANOS No caso de notifica\u00e7\u00e3o a destinat\u00e1rios que apenas possuam cidadania italiana, \u00e9 poss\u00edvel adotar o procedimento de notifica\u00e7\u00e3o por via consular nos termos do art. 37\u00ba do Decreto Legislativo n\u00ba. 71, de 3 de fevereiro de 2011, para a qual n\u00e3o \u00e9 necess\u00e1ria tradu\u00e7\u00e3o. No caso de dupla cidadania do destinat\u00e1rio [&hellip;]","protected":false},"author":4,"featured_media":0,"parent":256,"menu_order":7,"comment_status":"closed","ping_status":"closed","template":"","meta":{"footnotes":""},"class_list":["post-9287","page","type-page","status-publish","hentry"],"_links":{"self":[{"href":"https:\/\/ambmaputo.esteri.it\/pt-pt\/wp-json\/wp\/v2\/pages\/9287","targetHints":{"allow":["GET"]}}],"collection":[{"href":"https:\/\/ambmaputo.esteri.it\/pt-pt\/wp-json\/wp\/v2\/pages"}],"about":[{"href":"https:\/\/ambmaputo.esteri.it\/pt-pt\/wp-json\/wp\/v2\/types\/page"}],"author":[{"embeddable":true,"href":"https:\/\/ambmaputo.esteri.it\/pt-pt\/wp-json\/wp\/v2\/users\/4"}],"replies":[{"embeddable":true,"href":"https:\/\/ambmaputo.esteri.it\/pt-pt\/wp-json\/wp\/v2\/comments?post=9287"}],"version-history":[{"count":3,"href":"https:\/\/ambmaputo.esteri.it\/pt-pt\/wp-json\/wp\/v2\/pages\/9287\/revisions"}],"predecessor-version":[{"id":9295,"href":"https:\/\/ambmaputo.esteri.it\/pt-pt\/wp-json\/wp\/v2\/pages\/9287\/revisions\/9295"}],"up":[{"embeddable":true,"href":"https:\/\/ambmaputo.esteri.it\/pt-pt\/wp-json\/wp\/v2\/pages\/256"}],"wp:attachment":[{"href":"https:\/\/ambmaputo.esteri.it\/pt-pt\/wp-json\/wp\/v2\/media?parent=9287"}],"curies":[{"name":"wp","href":"https:\/\/api.w.org\/{rel}","templated":true}]}}