{"id":7992,"date":"2023-11-21T16:00:02","date_gmt":"2023-11-21T14:00:02","guid":{"rendered":"https:\/\/ambmaputo.esteri.it\/?page_id=7992"},"modified":"2024-01-03T13:47:06","modified_gmt":"2024-01-03T11:47:06","slug":"prenotami","status":"publish","type":"page","link":"https:\/\/ambmaputo.esteri.it\/pt-pt\/servizi-consolari-e-visti-2\/servizi-per-il-cittadino-italiano\/prenotami\/","title":{"rendered":"Prenotami"},"content":{"rendered":"<p>O portal online est\u00e1 operacional para reservas de servi\u00e7os consulares<\/p>\n<p style=\"text-align: center;\"><strong><a href=\"https:\/\/prenotami.esteri.it\/\"><img loading=\"lazy\" decoding=\"async\" class=\"alignnone wp-image-441 img-fluid\" src=\"https:\/\/ambmaputo.esteri.it\/wp-content\/uploads\/2023\/10\/Prenotami-300x120.jpg\" alt=\"\" width=\"203\" height=\"81\" \/><\/a><\/strong><\/p>\n<p><span class=\"jCAhz ChMk0b\"><span class=\"ryNqvb\">dispon\u00edvel em <a href=\"https:\/\/prenotami.esteri.it\/\">https:\/\/prenotami.esteri.it<\/a>, para inscri\u00e7\u00e3o e posterior marca\u00e7\u00e3o de consultas para servi\u00e7os consulares.<\/span><\/span> <span class=\"jCAhz ChMk0b\"><span class=\"ryNqvb\">Antes de iniciar a navega\u00e7\u00e3o, recomendamos a leitura atenta do manual do usu\u00e1rio dispon\u00edvel no portal Prenot@mi.<\/span><\/span><\/p>\n<p><span class=\"jCAhz ChMk0b\"><span class=\"ryNqvb\">Para informa\u00e7\u00f5es sobre procedimentos consulares espec\u00edficos pode ligar para o n\u00famero 20606571, ativo todos os dias das 12 \u00e0s 13.<\/span><\/span><\/p>\n<p><span class=\"jCAhz ChMk0b\"><span class=\"ryNqvb\">Para informa\u00e7\u00f5es gerais sobre servi\u00e7os consulares consulte as p\u00e1ginas listadas no menu \u00e0 direita.<\/span><\/span><\/p>\n<p><span style=\"text-decoration: underline;\"><span class=\"jCAhz ChMk0b\"><span class=\"ryNqvb\">Informa-se os utilizadores que, por motivos relacionados com sistemas t\u00e9cnicos e alheios \u00e0 nossa vontade, os vistos n\u00e3o podem em caso algum ser emitidos antes de um m\u00ednimo de 4 dias a contar da apresenta\u00e7\u00e3o do pedido e os passaportes antes de 3 dias.<\/span><\/span> <\/span><\/p>\n<p><span class=\"jCAhz ChMk0b\"><span class=\"ryNqvb\">Todos os usu\u00e1rios s\u00e3o convidados a levar em considera\u00e7\u00e3o o acima exposto ao enviar a inscri\u00e7\u00e3o para garantir um servi\u00e7o mais r\u00e1pido.<\/span><\/span><\/p>\n<p>&nbsp;<\/p>\n","protected":false},"excerpt":{"rendered":"O portal online est\u00e1 operacional para reservas de servi\u00e7os consulares dispon\u00edvel em https:\/\/prenotami.esteri.it, para inscri\u00e7\u00e3o e posterior marca\u00e7\u00e3o de consultas para servi\u00e7os consulares. Antes de iniciar a navega\u00e7\u00e3o, recomendamos a leitura atenta do manual do usu\u00e1rio dispon\u00edvel no portal Prenot@mi. Para informa\u00e7\u00f5es sobre procedimentos consulares espec\u00edficos pode ligar para o n\u00famero 20606571, ativo todos os [&hellip;]","protected":false},"author":4,"featured_media":0,"parent":256,"menu_order":12,"comment_status":"closed","ping_status":"closed","template":"","meta":{"footnotes":""},"class_list":["post-7992","page","type-page","status-publish","hentry"],"_links":{"self":[{"href":"https:\/\/ambmaputo.esteri.it\/pt-pt\/wp-json\/wp\/v2\/pages\/7992","targetHints":{"allow":["GET"]}}],"collection":[{"href":"https:\/\/ambmaputo.esteri.it\/pt-pt\/wp-json\/wp\/v2\/pages"}],"about":[{"href":"https:\/\/ambmaputo.esteri.it\/pt-pt\/wp-json\/wp\/v2\/types\/page"}],"author":[{"embeddable":true,"href":"https:\/\/ambmaputo.esteri.it\/pt-pt\/wp-json\/wp\/v2\/users\/4"}],"replies":[{"embeddable":true,"href":"https:\/\/ambmaputo.esteri.it\/pt-pt\/wp-json\/wp\/v2\/comments?post=7992"}],"version-history":[{"count":4,"href":"https:\/\/ambmaputo.esteri.it\/pt-pt\/wp-json\/wp\/v2\/pages\/7992\/revisions"}],"predecessor-version":[{"id":8006,"href":"https:\/\/ambmaputo.esteri.it\/pt-pt\/wp-json\/wp\/v2\/pages\/7992\/revisions\/8006"}],"up":[{"embeddable":true,"href":"https:\/\/ambmaputo.esteri.it\/pt-pt\/wp-json\/wp\/v2\/pages\/256"}],"wp:attachment":[{"href":"https:\/\/ambmaputo.esteri.it\/pt-pt\/wp-json\/wp\/v2\/media?parent=7992"}],"curies":[{"name":"wp","href":"https:\/\/api.w.org\/{rel}","templated":true}]}}