{"id":7800,"date":"2023-11-21T15:44:59","date_gmt":"2023-11-21T13:44:59","guid":{"rendered":"https:\/\/ambmaputo.esteri.it\/?page_id=7800"},"modified":"2025-11-21T15:30:11","modified_gmt":"2025-11-21T13:30:11","slug":"formularios","status":"publish","type":"page","link":"https:\/\/ambmaputo.esteri.it\/pt-pt\/servizi-consolari-e-visti-2\/servizi-per-il-cittadino-straniero\/formularios\/","title":{"rendered":"Formul\u00e1rios"},"content":{"rendered":"<p><strong>VISTOS<\/strong><\/p>\n<p><strong>\u00a0 \u00a0 \u00a0 Checklist dos documentos necess\u00e1rios<\/strong><\/p>\n<ul>\n<li><a href=\"https:\/\/ambmaputo.esteri.it\/wp-content\/uploads\/2024\/10\/TURISMO-e-VISITA-FAMILIARES-E-AMIGOS.docx\">Turismo e visita a familiares e amigos<\/a><\/li>\n<li><a href=\"https:\/\/ambmaputo.esteri.it\/wp-content\/uploads\/2024\/10\/TURISMO-FAMILIARES-UE.docx\">Turismo &#8211; Familiares de cidad\u00e3os da UE<\/a><\/li>\n<li><a href=\"https:\/\/ambmaputo.esteri.it\/wp-content\/uploads\/2024\/10\/CONVITE-DE-ENTIDADES-PUBLICAS-OU-PRIVADAS.docx\">Convite de entidade publicas e privadas<\/a><\/li>\n<li><span style=\"text-decoration: underline;\">N<a href=\"https:\/\/ambmaputo.esteri.it\/wp-content\/uploads\/2025\/03\/BUSINESS.pdf\">eg\u00f3cios<\/a><\/span><\/li>\n<\/ul>\n<p><strong>Documentos e formul\u00e1rios<\/strong><\/p>\n<ul>\n<li><a href=\"https:\/\/e-applicationvisa.esteri.it\/\">E-@pplication &#8211; pedido de visto para Estados Schengen online<\/a><\/li>\n<li><a href=\"https:\/\/ambmaputo.esteri.it\/wp-content\/uploads\/2024\/07\/Formulario-Schengen-2024-PT.docx\">Pedido de visto para os Estados Schengen<\/a><\/li>\n<li><a href=\"https:\/\/ambmaputo.esteri.it\/wp-content\/uploads\/2023\/11\/formulario_visto_nazionale-D.doc\">Pedido de visto nacional (D)<\/a><\/li>\n<li><a href=\"https:\/\/ambmaputo.esteri.it\/wp-content\/uploads\/2024\/10\/Tabella-dei-Mezzi-di-Sussistenza-Tabela-de-meios-de-subsistencia-Table-means-of-subsistence.pdf\">Directiva que indica os meios financeiros de subsist\u00eancia a demonstrar, no contexto das condi\u00e7\u00f5es de entrada no territ\u00f3rio nacional e de emiss\u00e3o de visto<\/a><\/li>\n<li><a href=\"https:\/\/ambmaputo.esteri.it\/wp-content\/uploads\/2024\/05\/DICHIARAZIONEALLOGGIOGARANZIA.pdf\">Carta convite<\/a><\/li>\n<li><a href=\"https:\/\/ambmaputo.esteri.it\/wp-content\/uploads\/2023\/12\/LETTERA-INVITO-AFFARI.pdf\">Carta convite para neg\u00f3cios<\/a><\/li>\n<li><a href=\"https:\/\/ambmaputo.esteri.it\/wp-content\/uploads\/2023\/11\/informativa_sulla_protezione_delle_persone_fisiche__visti.docx\">Informativa proteccao dados pessoais<\/a><\/li>\n<\/ul>\n<p>&nbsp;<\/p>\n<p><strong>CIDADANIA<\/strong><\/p>\n<ul>\n<li><a href=\"https:\/\/ambmaputo.esteri.it\/wp-content\/uploads\/2024\/11\/ISTANZA-IT-EN-Citt.-per-discendenza.pdf\">Pedido de reconhecimento de cidadania italiana para cidad\u00e3os de origem italiana por descend\u00eancia<\/a><\/li>\n<\/ul>\n","protected":false},"excerpt":{"rendered":"VISTOS \u00a0 \u00a0 \u00a0 Checklist dos documentos necess\u00e1rios Turismo e visita a familiares e amigos Turismo &#8211; Familiares de cidad\u00e3os da UE Convite de entidade publicas e privadas Neg\u00f3cios Documentos e formul\u00e1rios E-@pplication &#8211; pedido de visto para Estados Schengen online Pedido de visto para os Estados Schengen Pedido de visto nacional (D) Directiva que [&hellip;]","protected":false},"author":4,"featured_media":0,"parent":308,"menu_order":3,"comment_status":"closed","ping_status":"closed","template":"","meta":{"footnotes":""},"class_list":["post-7800","page","type-page","status-publish","hentry"],"_links":{"self":[{"href":"https:\/\/ambmaputo.esteri.it\/pt-pt\/wp-json\/wp\/v2\/pages\/7800","targetHints":{"allow":["GET"]}}],"collection":[{"href":"https:\/\/ambmaputo.esteri.it\/pt-pt\/wp-json\/wp\/v2\/pages"}],"about":[{"href":"https:\/\/ambmaputo.esteri.it\/pt-pt\/wp-json\/wp\/v2\/types\/page"}],"author":[{"embeddable":true,"href":"https:\/\/ambmaputo.esteri.it\/pt-pt\/wp-json\/wp\/v2\/users\/4"}],"replies":[{"embeddable":true,"href":"https:\/\/ambmaputo.esteri.it\/pt-pt\/wp-json\/wp\/v2\/comments?post=7800"}],"version-history":[{"count":7,"href":"https:\/\/ambmaputo.esteri.it\/pt-pt\/wp-json\/wp\/v2\/pages\/7800\/revisions"}],"predecessor-version":[{"id":10912,"href":"https:\/\/ambmaputo.esteri.it\/pt-pt\/wp-json\/wp\/v2\/pages\/7800\/revisions\/10912"}],"up":[{"embeddable":true,"href":"https:\/\/ambmaputo.esteri.it\/pt-pt\/wp-json\/wp\/v2\/pages\/308"}],"wp:attachment":[{"href":"https:\/\/ambmaputo.esteri.it\/pt-pt\/wp-json\/wp\/v2\/media?parent=7800"}],"curies":[{"name":"wp","href":"https:\/\/api.w.org\/{rel}","templated":true}]}}