{"id":638,"date":"2023-11-20T09:21:28","date_gmt":"2023-11-20T07:21:28","guid":{"rendered":"https:\/\/ambmaputo.esteri.it\/?page_id=638"},"modified":"2026-03-12T16:23:32","modified_gmt":"2026-03-12T14:23:32","slug":"formularios","status":"publish","type":"page","link":"https:\/\/ambmaputo.esteri.it\/pt-pt\/servizi-consolari-e-visti-2\/servizi-per-il-cittadino-italiano\/formularios\/","title":{"rendered":"Formul\u00e1rios"},"content":{"rendered":"<p><strong>REGISTO CONSULAR \/ ESTADO CIVIL<\/strong><\/p>\n<ul>\n<li><a href=\"https:\/\/ambmaputo.esteri.it\/wp-content\/uploads\/2025\/10\/aire-Moz-Esw-Bot.doc\">Registro e atualiza\u00e7\u00e3o da AIRE<\/a><\/li>\n<li><a href=\"https:\/\/ambmaputo.esteri.it\/wp-content\/uploads\/2026\/03\/Autodichiarazione-non-AIRE.doc\">Autodeclara\u00e7\u00e3o de n\u00e3o inscri\u00e7\u00e3o no AIRE<\/a><\/li>\n<li><a href=\"https:\/\/ambmaputo.esteri.it\/wp-content\/uploads\/2023\/11\/richiesta_trascrizione_atti_stato_civile.pdf\">Pedido de transcri\u00e7\u00e3o de documentos do estado civile<\/a><\/li>\n<li><a href=\"https:\/\/ambmaputo.esteri.it\/wp-content\/uploads\/2023\/11\/autodichiarazione_unione_di_fatto.doc\">Autodeclara\u00e7\u00e3o de conviv\u00eancia de fato<\/a><\/li>\n<li><a href=\"https:\/\/ambmaputo.esteri.it\/wp-content\/uploads\/2023\/11\/formulario_istanza_cambio_nome.pdf\">Pedido de mudan\u00e7a de nome<\/a><\/li>\n<\/ul>\n<p><strong>PASSAPORTES<\/strong><\/p>\n<ul>\n<li><a href=\"https:\/\/ambmaputo.esteri.it\/wp-content\/uploads\/2023\/11\/formulario_passaporto.doc\">Solicita\u00e7\u00e3o de emiss\u00e3o de passaporte<\/a><\/li>\n<li><a href=\"https:\/\/ambmaputo.esteri.it\/wp-content\/uploads\/2023\/11\/dichiarazione_assenza_ostative_passaporto.pdf\">Atestado de aus\u00eancia de impedimentos \u00e0 emiss\u00e3o de passaporte<\/a><\/li>\n<li><a href=\"https:\/\/ambmaputo.esteri.it\/wp-content\/uploads\/2023\/11\/domanda-rilascio-passaporto-citt.-maggiorenne-con-figli.pdf\">Solicita\u00e7\u00e3o de passaporte (pais de filhos menores)<\/a><\/li>\n<li><a href=\"https:\/\/ambmaputo.esteri.it\/wp-content\/uploads\/2023\/11\/domanda-rilascio-passaporto-per-figli-minori.pdf\">Solicita\u00e7\u00e3o de passaporte para filhos menores<\/a><\/li>\n<li><a href=\"https:\/\/ambmaputo.esteri.it\/wp-content\/uploads\/2023\/11\/atto_di_assenso_per_figlio_minorenne.pdf\">Ato de consentimento para emitir um passaporte para um filho menor<\/a><\/li>\n<li><a href=\"https:\/\/ambmaputo.esteri.it\/wp-content\/uploads\/2023\/11\/mod._dichiarazione_accompagnamento_minori_di_14_anni.doc\">Declara\u00e7\u00e3o de acompanhamento para menores<\/a><\/li>\n<li><a href=\"https:\/\/ambmaputo.esteri.it\/wp-content\/uploads\/2023\/11\/formulario_etd.doc\">Pedido de documento de viagem provis\u00f3rio<\/a><\/li>\n<\/ul>\n<p><strong>CARTA DE CONDU\u00c7\u00c3O<\/strong><\/p>\n<ul>\n<li><a href=\"https:\/\/ambmaputo.esteri.it\/wp-content\/uploads\/2023\/11\/modulo-cert.-medico-patente-guida.pdf\">Atestado m\u00e9dico para renova\u00e7\u00e3o da carta de conduc\u00e3o<\/a><\/li>\n<li><a href=\"https:\/\/ambmaputo.esteri.it\/wp-content\/uploads\/2024\/11\/MODULO-DI-RICHIESTA-PATENTE.docx\">Pedido de rrenova\u00e7\u00e3o da carta de conduc\u00e3o<\/a><\/li>\n<\/ul>\n<p><strong>V\u00c1RIOS<\/strong><\/p>\n<ul>\n<li><a href=\"https:\/\/ambmaputo.esteri.it\/wp-content\/uploads\/2023\/11\/richiesta_codice_fiscale.pdf\">Atribui\u00e7\u00e3o do &#8220;Codice Fiscale&#8221;<\/a><\/li>\n<li><a href=\"https:\/\/ambmaputo.esteri.it\/wp-content\/uploads\/2025\/10\/domanda-legalizzazione-titoli-di-studio.docx\">Pedido de legaliza\u00e7\u00e3o \/ declara\u00e7\u00e3o de valor<\/a><\/li>\n<li><a href=\"https:\/\/ambmaputo.esteri.it\/wp-content\/uploads\/2025\/01\/Informativa-sul-trattamento-dei-dati-personali.pdf\">Informa\u00e7\u00f5es sobre o tratamento de dados pessoais para efeitos de presta\u00e7\u00e3o de servi\u00e7os consulares (excluindo procedimentos de cidadania) (Regulamento Geral sobre a Prote\u00e7\u00e3o de Dados (UE) 2016\/679, artigos 13.\u00ba e 14.\u00ba.)<\/a><\/li>\n<\/ul>\n","protected":false},"excerpt":{"rendered":"REGISTO CONSULAR \/ ESTADO CIVIL Registro e atualiza\u00e7\u00e3o da AIRE Autodeclara\u00e7\u00e3o de n\u00e3o inscri\u00e7\u00e3o no AIRE Pedido de transcri\u00e7\u00e3o de documentos do estado civile Autodeclara\u00e7\u00e3o de conviv\u00eancia de fato Pedido de mudan\u00e7a de nome PASSAPORTES Solicita\u00e7\u00e3o de emiss\u00e3o de passaporte Atestado de aus\u00eancia de impedimentos \u00e0 emiss\u00e3o de passaporte Solicita\u00e7\u00e3o de passaporte (pais de filhos [&hellip;]","protected":false},"author":4,"featured_media":0,"parent":256,"menu_order":6,"comment_status":"closed","ping_status":"closed","template":"","meta":{"footnotes":""},"class_list":["post-638","page","type-page","status-publish","hentry"],"_links":{"self":[{"href":"https:\/\/ambmaputo.esteri.it\/pt-pt\/wp-json\/wp\/v2\/pages\/638","targetHints":{"allow":["GET"]}}],"collection":[{"href":"https:\/\/ambmaputo.esteri.it\/pt-pt\/wp-json\/wp\/v2\/pages"}],"about":[{"href":"https:\/\/ambmaputo.esteri.it\/pt-pt\/wp-json\/wp\/v2\/types\/page"}],"author":[{"embeddable":true,"href":"https:\/\/ambmaputo.esteri.it\/pt-pt\/wp-json\/wp\/v2\/users\/4"}],"replies":[{"embeddable":true,"href":"https:\/\/ambmaputo.esteri.it\/pt-pt\/wp-json\/wp\/v2\/comments?post=638"}],"version-history":[{"count":7,"href":"https:\/\/ambmaputo.esteri.it\/pt-pt\/wp-json\/wp\/v2\/pages\/638\/revisions"}],"predecessor-version":[{"id":11391,"href":"https:\/\/ambmaputo.esteri.it\/pt-pt\/wp-json\/wp\/v2\/pages\/638\/revisions\/11391"}],"up":[{"embeddable":true,"href":"https:\/\/ambmaputo.esteri.it\/pt-pt\/wp-json\/wp\/v2\/pages\/256"}],"wp:attachment":[{"href":"https:\/\/ambmaputo.esteri.it\/pt-pt\/wp-json\/wp\/v2\/media?parent=638"}],"curies":[{"name":"wp","href":"https:\/\/api.w.org\/{rel}","templated":true}]}}