{"id":506,"date":"2023-10-12T11:04:37","date_gmt":"2023-10-12T09:04:37","guid":{"rendered":"https:\/\/ambmaputo.esteri.it\/?page_id=506"},"modified":"2025-03-26T13:25:04","modified_gmt":"2025-03-26T11:25:04","slug":"normas-e-incentivos-texto-em-italiano","status":"publish","type":"page","link":"https:\/\/ambmaputo.esteri.it\/pt-pt\/italia-e-mozambico\/diplomazia-economica\/fare-affari-in-italia\/normas-e-incentivos-texto-em-italiano\/","title":{"rendered":"Normas e incentivos"},"content":{"rendered":"<p style=\"text-align: justify;\">Durante a d\u00e9cada de &#8217;90, foram introduzidas reformas estruturais que permitiram \u00e0 It\u00e1lia harmonizar o seu quadro regulamentar, fiscal e de facilita\u00e7\u00e3o com as normas europeias.<\/p>\n<p style=\"text-align: justify;\">Em particular, foram implementadas reformas importantes nos mercados do trabalho, do cr\u00e9dito, da energia e da administra\u00e7\u00e3o p\u00fablica.<\/p>\n<p style=\"text-align: justify;\">Tr\u00eas \u00e1reas fundamentais da legisla\u00e7\u00e3o econ\u00f3mica foram revolucionadas. O fio condutor das interven\u00e7\u00f5es foi a adapta\u00e7\u00e3o das regras \u00e0s dos pa\u00edses mais avan\u00e7ados, a fim de tornar o sistema italiano mais atrativo para os operadores econ\u00f3micos e mais competitivo na compara\u00e7\u00e3o internacional. O s\u00edtio Web BusinessItalia oferece informa\u00e7\u00f5es precisas, em quatro l\u00ednguas, sobre as oportunidades de fazer neg\u00f3cios e produzir em It\u00e1lia \u00e0 luz das recentes reformas econ\u00f3micas implementadas.<\/p>\n","protected":false},"excerpt":{"rendered":"Durante a d\u00e9cada de &#8217;90, foram introduzidas reformas estruturais que permitiram \u00e0 It\u00e1lia harmonizar o seu quadro regulamentar, fiscal e de facilita\u00e7\u00e3o com as normas europeias. Em particular, foram implementadas reformas importantes nos mercados do trabalho, do cr\u00e9dito, da energia e da administra\u00e7\u00e3o p\u00fablica. Tr\u00eas \u00e1reas fundamentais da legisla\u00e7\u00e3o econ\u00f3mica foram revolucionadas. O fio condutor [&hellip;]","protected":false},"author":4,"featured_media":0,"parent":206,"menu_order":0,"comment_status":"closed","ping_status":"closed","template":"","meta":{"footnotes":""},"class_list":["post-506","page","type-page","status-publish","hentry"],"_links":{"self":[{"href":"https:\/\/ambmaputo.esteri.it\/pt-pt\/wp-json\/wp\/v2\/pages\/506","targetHints":{"allow":["GET"]}}],"collection":[{"href":"https:\/\/ambmaputo.esteri.it\/pt-pt\/wp-json\/wp\/v2\/pages"}],"about":[{"href":"https:\/\/ambmaputo.esteri.it\/pt-pt\/wp-json\/wp\/v2\/types\/page"}],"author":[{"embeddable":true,"href":"https:\/\/ambmaputo.esteri.it\/pt-pt\/wp-json\/wp\/v2\/users\/4"}],"replies":[{"embeddable":true,"href":"https:\/\/ambmaputo.esteri.it\/pt-pt\/wp-json\/wp\/v2\/comments?post=506"}],"version-history":[{"count":3,"href":"https:\/\/ambmaputo.esteri.it\/pt-pt\/wp-json\/wp\/v2\/pages\/506\/revisions"}],"predecessor-version":[{"id":10186,"href":"https:\/\/ambmaputo.esteri.it\/pt-pt\/wp-json\/wp\/v2\/pages\/506\/revisions\/10186"}],"up":[{"embeddable":true,"href":"https:\/\/ambmaputo.esteri.it\/pt-pt\/wp-json\/wp\/v2\/pages\/206"}],"wp:attachment":[{"href":"https:\/\/ambmaputo.esteri.it\/pt-pt\/wp-json\/wp\/v2\/media?parent=506"}],"curies":[{"name":"wp","href":"https:\/\/api.w.org\/{rel}","templated":true}]}}