{"id":412,"date":"2023-10-05T12:07:50","date_gmt":"2023-10-05T10:07:50","guid":{"rendered":"https:\/\/ambmaputo.esteri.it\/?page_id=412"},"modified":"2025-02-26T10:55:28","modified_gmt":"2025-02-26T08:55:28","slug":"o-sistema-italia-em-mocambique","status":"publish","type":"page","link":"https:\/\/ambmaputo.esteri.it\/pt-pt\/chi-siamo\/gli-uffici\/o-sistema-italia-em-mocambique\/","title":{"rendered":"O Sistema Italia em Mo\u00e7ambique"},"content":{"rendered":"<p><strong>AICS &#8211; Ag\u00eancia Italiana de Coopera\u00e7\u00e3o para o Desenvolvimento<\/strong><\/p>\n<table class=\"table\">\n<tbody>\n<tr>\n<td><img loading=\"lazy\" decoding=\"async\" class=\"alignnone size-medium wp-image-9334 img-fluid\" src=\"https:\/\/ambmaputo.esteri.it\/wp-content\/uploads\/2024\/09\/LOGO_AICS_MOZ_ITA_800x130-300x49.jpg\" alt=\"\" width=\"300\" height=\"49\" srcset=\"https:\/\/ambmaputo.esteri.it\/wp-content\/uploads\/2024\/09\/LOGO_AICS_MOZ_ITA_800x130-300x49.jpg 300w, https:\/\/ambmaputo.esteri.it\/wp-content\/uploads\/2024\/09\/LOGO_AICS_MOZ_ITA_800x130-768x125.jpg 768w, https:\/\/ambmaputo.esteri.it\/wp-content\/uploads\/2024\/09\/LOGO_AICS_MOZ_ITA_800x130.jpg 800w\" sizes=\"auto, (max-width: 300px) 100vw, 300px\" \/><\/td>\n<td>Rua : Dami\u00e3o De Gois, 381 &#8211; Maputo<br \/>\nTel: +258 21498513 &#8211; 21491782 &#8211; 21491787\/8<br \/>\nWeb:\u00a0<a href=\"https:\/\/maputo.aics.gov.it\/\">maputo.aics.gov.it\/<\/a><br \/>\nE-mail:\u00a0<a title=\"Envie um e-mail A AICS Maputo\" href=\"mailto:maputo@aics.gov.it\">maputo@aics.gov.it\u00a0<\/a><\/td>\n<\/tr>\n<\/tbody>\n<\/table>\n<p><strong>ICE &#8211; Ag\u00eancia de promo\u00e7\u00e3o no exterior e internacionaliza\u00e7\u00e3o de empresas italianas<\/strong><\/p>\n<table class=\"table\">\n<tbody>\n<tr>\n<td><img loading=\"lazy\" decoding=\"async\" class=\"alignnone size-full wp-image-9332 img-fluid\" src=\"https:\/\/ambmaputo.esteri.it\/wp-content\/uploads\/2024\/09\/logo-ICE.png\" alt=\"\" width=\"205\" height=\"113\" \/><\/td>\n<td>c\/o Embaixada de It\u00e1lia, Av. Kenneth Kaunda, 387 &#8211; Maputo<br \/>\nTel +258 20606550<br \/>\nFax +258 20606559<br \/>\nWeb: <a href=\"http:\/\/www.ice.it\/it\/mercati\/mozambico\/maputo\">ice.it\/it\/mercati\/mozambico\/maputo<\/a><br \/>\nE-mail:\u00a0<a href=\"mailto:maputo@ice.it\">maputo@ice.it<\/a><\/td>\n<\/tr>\n<\/tbody>\n<\/table>\n<p><strong>CCMI &#8211; Conselho Empresarial Mo\u00e7ambique-Italia (Business Council Mozambico-Italia)<br \/>\n<\/strong><\/p>\n<table class=\"table\">\n<tbody>\n<tr>\n<td><\/td>\n<td>Av. Paulo Samuel Kankhomba, 1371 &#8211; Maputo<br \/>\nTel: +258 21329684 &#8211; 846383180<br \/>\nE-mail:\u00a0<a href=\"mailto:contacto.ccmi@gmail.com\">contacto.ccmi@gmail.com<\/a><\/td>\n<\/tr>\n<\/tbody>\n<\/table>\n<p><strong>Associa\u00e7\u00e3o &#8220;Dante Alighieri&#8221; Maputo<\/strong><\/p>\n<table class=\"table\">\n<tbody>\n<tr>\n<td><\/td>\n<td>Av. Kenneth Kaunda, 1227 &#8211; Maputo<br \/>\nTel: +258 876703971<br \/>\nWeb:\u00a0<a href=\"http:\/\/www.facebook.com\/dantemaputo\/\">www.facebook.com\/dantemaputo\/<\/a><br \/>\nE-mail:\u00a0<a href=\"mailto:ladantemaputo@gmail.com\">ladantemaputo@gmail.com<\/a><\/td>\n<\/tr>\n<\/tbody>\n<\/table>\n<p><strong>Escola italiana &#8220;Giovanni Falcone&#8221;<br \/>\n<\/strong><\/p>\n<table class=\"table\">\n<tbody>\n<tr>\n<td><\/td>\n<td>Rua Nwamatibyana 70, Maputo<br \/>\nTel: +258 21491268<br \/>\nFax: +258 21491268<br \/>\nWeb: <a href=\"https:\/\/escolaitaliana.edu.mz\/\">https:\/\/escolaitaliana.edu.mz\/<\/a><br \/>\nE-mail:\u00a0<a href=\"mailto:info@escolaitaliana.edu.mz\">info@escolaitaliana.edu.mz<\/a><br \/>\n<a href=\"mailto:scuolait@tvcabo.co.mz\">scuolait@tvcabo.co.mz<\/a><\/td>\n<\/tr>\n<\/tbody>\n<\/table>\n<p>&nbsp;<\/p>\n","protected":false},"excerpt":{"rendered":"AICS &#8211; Ag\u00eancia Italiana de Coopera\u00e7\u00e3o para o Desenvolvimento Rua : Dami\u00e3o De Gois, 381 &#8211; Maputo Tel: +258 21498513 &#8211; 21491782 &#8211; 21491787\/8 Web:\u00a0maputo.aics.gov.it\/ E-mail:\u00a0maputo@aics.gov.it\u00a0 ICE &#8211; Ag\u00eancia de promo\u00e7\u00e3o no exterior e internacionaliza\u00e7\u00e3o de empresas italianas c\/o Embaixada de It\u00e1lia, Av. Kenneth Kaunda, 387 &#8211; Maputo Tel +258 20606550 Fax +258 20606559 Web: [&hellip;]","protected":false},"author":4,"featured_media":0,"parent":181,"menu_order":0,"comment_status":"closed","ping_status":"closed","template":"","meta":{"footnotes":""},"class_list":["post-412","page","type-page","status-publish","hentry"],"_links":{"self":[{"href":"https:\/\/ambmaputo.esteri.it\/pt-pt\/wp-json\/wp\/v2\/pages\/412","targetHints":{"allow":["GET"]}}],"collection":[{"href":"https:\/\/ambmaputo.esteri.it\/pt-pt\/wp-json\/wp\/v2\/pages"}],"about":[{"href":"https:\/\/ambmaputo.esteri.it\/pt-pt\/wp-json\/wp\/v2\/types\/page"}],"author":[{"embeddable":true,"href":"https:\/\/ambmaputo.esteri.it\/pt-pt\/wp-json\/wp\/v2\/users\/4"}],"replies":[{"embeddable":true,"href":"https:\/\/ambmaputo.esteri.it\/pt-pt\/wp-json\/wp\/v2\/comments?post=412"}],"version-history":[{"count":5,"href":"https:\/\/ambmaputo.esteri.it\/pt-pt\/wp-json\/wp\/v2\/pages\/412\/revisions"}],"predecessor-version":[{"id":10070,"href":"https:\/\/ambmaputo.esteri.it\/pt-pt\/wp-json\/wp\/v2\/pages\/412\/revisions\/10070"}],"up":[{"embeddable":true,"href":"https:\/\/ambmaputo.esteri.it\/pt-pt\/wp-json\/wp\/v2\/pages\/181"}],"wp:attachment":[{"href":"https:\/\/ambmaputo.esteri.it\/pt-pt\/wp-json\/wp\/v2\/media?parent=412"}],"curies":[{"name":"wp","href":"https:\/\/api.w.org\/{rel}","templated":true}]}}