{"id":386,"date":"2023-10-02T15:11:05","date_gmt":"2023-10-02T13:11:05","guid":{"rendered":"https:\/\/ambmaputo.esteri.it\/?page_id=386"},"modified":"2025-01-15T16:03:41","modified_gmt":"2025-01-15T14:03:41","slug":"386-2","status":"publish","type":"page","link":"https:\/\/ambmaputo.esteri.it\/pt-pt\/chi-siamo\/lambasciatore\/386-2\/","title":{"rendered":"Mensagem do Embaixador"},"content":{"rendered":"<p><em>\u00c9 uma grande honra para mim representar a It\u00e1lia como Embaixador em Maputo \u2013 acreditado em Mo\u00e7ambique, Eswatini, Botswana e na SADC \u2013 numa regi\u00e3o de \u00c1frica com o qual temos la\u00e7os hist\u00f3ricos e muito s\u00f3lidos de fraternidade e coopera\u00e7\u00e3o. Estes la\u00e7os ser\u00e3o a base do renovado impulso que daremos \u00e0s nossas rela\u00e7\u00f5es bilaterais, tamb\u00e9m no \u00e2mbito do Plano Mattei.<\/em><\/p>\n<p><em>Gabriele Phillip Annis<br \/>\n<\/em><em>Embaixador da It\u00e1lia em Mo\u00e7ambique<\/em><\/p>\n","protected":false},"excerpt":{"rendered":"\u00c9 uma grande honra para mim representar a It\u00e1lia como Embaixador em Maputo \u2013 acreditado em Mo\u00e7ambique, Eswatini, Botswana e na SADC \u2013 numa regi\u00e3o de \u00c1frica com o qual temos la\u00e7os hist\u00f3ricos e muito s\u00f3lidos de fraternidade e coopera\u00e7\u00e3o. Estes la\u00e7os ser\u00e3o a base do renovado impulso que daremos \u00e0s nossas rela\u00e7\u00f5es bilaterais, tamb\u00e9m [&hellip;]","protected":false},"author":4,"featured_media":0,"parent":170,"menu_order":0,"comment_status":"closed","ping_status":"closed","template":"","meta":{"footnotes":""},"class_list":["post-386","page","type-page","status-publish","hentry"],"_links":{"self":[{"href":"https:\/\/ambmaputo.esteri.it\/pt-pt\/wp-json\/wp\/v2\/pages\/386","targetHints":{"allow":["GET"]}}],"collection":[{"href":"https:\/\/ambmaputo.esteri.it\/pt-pt\/wp-json\/wp\/v2\/pages"}],"about":[{"href":"https:\/\/ambmaputo.esteri.it\/pt-pt\/wp-json\/wp\/v2\/types\/page"}],"author":[{"embeddable":true,"href":"https:\/\/ambmaputo.esteri.it\/pt-pt\/wp-json\/wp\/v2\/users\/4"}],"replies":[{"embeddable":true,"href":"https:\/\/ambmaputo.esteri.it\/pt-pt\/wp-json\/wp\/v2\/comments?post=386"}],"version-history":[{"count":4,"href":"https:\/\/ambmaputo.esteri.it\/pt-pt\/wp-json\/wp\/v2\/pages\/386\/revisions"}],"predecessor-version":[{"id":9959,"href":"https:\/\/ambmaputo.esteri.it\/pt-pt\/wp-json\/wp\/v2\/pages\/386\/revisions\/9959"}],"up":[{"embeddable":true,"href":"https:\/\/ambmaputo.esteri.it\/pt-pt\/wp-json\/wp\/v2\/pages\/170"}],"wp:attachment":[{"href":"https:\/\/ambmaputo.esteri.it\/pt-pt\/wp-json\/wp\/v2\/media?parent=386"}],"curies":[{"name":"wp","href":"https:\/\/api.w.org\/{rel}","templated":true}]}}