{"id":310,"date":"2023-04-11T18:22:07","date_gmt":"2023-04-11T16:22:07","guid":{"rendered":"https:\/\/ambmaputo.esteri.it\/servizi-consolari-e-visti\/servizi-per-il-cittadino-straniero\/visti\/"},"modified":"2025-11-25T16:39:57","modified_gmt":"2025-11-25T14:39:57","slug":"visti","status":"publish","type":"page","link":"https:\/\/ambmaputo.esteri.it\/pt-pt\/servizi-consolari-e-visti-2\/servizi-per-il-cittadino-straniero\/visti\/","title":{"rendered":"Visto"},"content":{"rendered":"<p><em>Informamos que a partir <strong>de 15 de Janeiro de 2024<\/strong> a submiss\u00e3o de pedidos de vistos de entrada em It\u00e1lia e de legaliza\u00e7\u00e3o de documentos ser\u00e1 gerida em nome desta Embaixada pela empresa VFS Global sediada em Maputo no 6\u00ba andar do Centro Comercial Maputo (rua Ngungunhane). A VFS ser\u00e1, em particular, respons\u00e1vel pela recep\u00e7\u00e3o dos pedidos de visto, cobran\u00e7a de taxas consulares e devolu\u00e7\u00e3o dos passaportes aos utilizadores, uma vez que a Embaixada tenha avaliado os procedimentos relevantes.<\/em><\/p>\n<p><em>A empresa VFS Global prestar\u00e1 tamb\u00e9m um servi\u00e7o de informa\u00e7\u00e3o e assist\u00eancia atrav\u00e9s do telefone <\/em><a href=\"https:\/\/visa.vfsglobal.com\/moz\/en\/ita\/contact-us\"><em>indicado na p\u00e1gina seguinte<\/em><\/a><em> ou do endere\u00e7o de e-mail <\/em><a href=\"mailto:info.italymoz@vfsglobal.com\"><em>info.italymoz@vfsglobal.com<\/em><\/a><em>.<\/em><\/p>\n<p><em>Com o objetivo de melhorar o servi\u00e7o a todos os utilizadores, informamos assim que esta Embaixada deixar\u00e1 de aceitar pedidos de visto nos seus balc\u00f5es. Assim, de acordo com o considerando 6 do Regulamento (UE) 1155 de 2019, <strong>a partir de 17 de janeiro, deixar\u00e1 de ser poss\u00edvel efetuar marca\u00e7\u00e3o no portal Prenot@mi para efeitos de visto, exceto para familiares de cidad\u00e3os da UE (2004 Diretiva \/38\/CE):<\/strong> a partir dessa data, os agendamentos efetuados para esses efeitos ser\u00e3o, portanto, cancelados ou em qualquer caso<\/em> desconsiderados.<\/p>\n<p>Note que, em geral, o tempo de processamento dos pedidos varia entre um m\u00ednimo de 15 dias e um m\u00e1ximo de 45 dias. \u00c9 favor apresentar uma reserva a\u00e9rea com uma data de partida m\u00ednima de 15 dias ap\u00f3s a data do pedido.<\/p>\n<p>&nbsp;<\/p>\n<p><strong>COMO OBTER UM VISTO?<\/strong><\/p>\n<ol>\n<li>Os utilizadores poder\u00e3o solicitar o visto na agencia VFS <strong>sem necessidade de marca\u00e7\u00e3o, todos os dias \u00fateis entre as 08h00 e as 14h00\u00a0<\/strong>ou mediante agendamento (<a href=\"https:\/\/visa.vfsglobal.com\/moz\/pt\/ita\">https:\/\/visa.vfsglobal.com\/moz\/pt\/ita\/<\/a>).<\/li>\n<li><strong>Familiares de cidad\u00e3os da UE<\/strong>\u00a0nos termos do art. 2\u00ba do Decreto Legislativo 30\/2007 (c\u00f4njuge, parte em uni\u00e3o civil, ascendentes diretos dependentes e do c\u00f4njuge\/companheiro, descendentes diretos menores de 21 anos ou dependentes e do c\u00f4njuge\/companheiro) que acompanhem ou se juntem a cidad\u00e3o dos cidad\u00e3os da UE t\u00eam benef\u00edcios especiais:\n<ul>\n<li>podem apresentar um pedido de visto na Embaixada de It\u00e1lia em Maputo, solicitando marca\u00e7\u00e3o atrav\u00e9s do portal\u00a0<a href=\"https:\/\/prenotami.esteri.it\/\">Prenot@mi<\/a>\u00a0e submetendo a documenta\u00e7ao indicada na check list especifica (TURISMO &#8211; FAMILIARES UE), dispon\u00edveis em \u201c<a href=\"https:\/\/ambmaputo.esteri.it\/pt-pt\/servizi-consolari-e-visti-2\/servizi-per-il-cittadino-straniero\/formularios\/\">formul\u00e1rios<\/a>\u201d neste site;<\/li>\n<li>t\u00eam direito ao processamento gratuito e priorit\u00e1rio de pedidos de visto.<\/li>\n<\/ul>\n<\/li>\n<li>Os pedidos de visto Schengen solicitados por pessoas residentes em localidades mais pr\u00f3ximas da cidade da\u00a0<strong>Beira<\/strong>\u00a0do que de Maputo podem ser apresentados no\u00a0<a href=\"https:\/\/beira.consuladoportugal.mne.gov.pt\/pt\/assuntos-consulares\/vistos#estados-membros-representados\">Consulado Geral de Portugal na Beira<\/a>.<\/li>\n<li>Preencha o formul\u00e1rio online para o visto C Schengen ou baixe o formul\u00e1rio para o visto nacional D, dispon\u00edveis em \u201c<a href=\"https:\/\/ambmaputo.esteri.it\/pt-pt\/servizi-consolari-e-visti-2\/servizi-per-il-cittadino-straniero\/formularios\/\">formul\u00e1rios<\/a>\u201d neste site.<\/li>\n<li>Os cidad\u00e3os residentes no Botswana podem solicitar visto no\u00a0<a href=\"https:\/\/consjohannesburg.esteri.it\/consolato_johannesburg\/it\/\">Consulado Geral em Joanesburgo<\/a>\u00a0atrav\u00e9s do Gabinete de Outsourcing em Gaborone (<a href=\"mailto:info.itza@vfshelpline.com\">itza@vfshelpline.com<\/a>).<\/li>\n<\/ol>\n<p>No dia da apresenta\u00e7\u00e3o do pedido de visto \u00e9 necess\u00e1ria a <strong>presen\u00e7a f\u00edsica do requerente<\/strong>\u00a0para recolha de\u00a0<strong>dados biom\u00e9tricos<\/strong>\u00a0(impress\u00f5es digitais). Exce\u00e7\u00f5es s\u00e3o abertas para crian\u00e7as menores de doze anos e pessoas com necessidades f\u00edsicas especiais.<\/p>\n<p>&nbsp;<\/p>\n<p><strong>O QUE DEVO TRAZER COMIGO NO DIA DA DO PEDIDO DE VISTO ?<\/strong><\/p>\n<ol>\n<li>A check list dos documentos para pedir um visto de turismo, visita a familiares e amigos e de convite de entidade publicas e privadas est\u00e1 dispon\u00edvel em \u201c<a href=\"https:\/\/ambmaputo.esteri.it\/pt-pt\/servizi-consolari-e-visti-2\/servizi-per-il-cittadino-straniero\/formularios\/\">formul\u00e1rios<\/a>\u201d neste site;<\/li>\n<li>Para os outros tipos de vistos, a documenta\u00e7\u00e3o completa a ser apresentada como suporte ao pedido de visto encontra-se no portal MAECI <a href=\"https:\/\/vistoperitalia.esteri.it\/?lang=it_IT\">(https:\/\/vistoperitalia.esteri.it\/?lang=it_IT)<\/a> ou no site da Ag\u00eancia VFS (Apply for a visa | vfsglobal).<\/li>\n<li>Para <strong>quem <u>n\u00e3o<\/u> \u00e9 cidad\u00e3o dos pa\u00edses<\/strong>\u00a0da circunscri\u00e7\u00e3o consular (Mo\u00e7ambique, Eswatini ou Botswana),\u00a0<strong>comprovativo de resid\u00eancia<\/strong>\u00a0num dos pa\u00edses;<\/li>\n<li>Para\u00a0<strong>menores viajando sozinhos, consentimento expresso dos pais<\/strong>\u00a0ou respons\u00e1vel legal. Se o\u00a0<strong>menor<\/strong>\u00a0viajar apenas\u00a0<strong>com um dos progenitores, consentimento expresso do outro.<\/strong><\/li>\n<\/ol>\n<p>&nbsp;<\/p>\n<p><strong>TARIFAS CONSULARES<\/strong><\/p>\n<p>Lista atualizada de requisitos para emiss\u00e3o de vistos:<\/p>\n<ul>\n<li>90 euros para vistos Schengen;<\/li>\n<li>116 euros para vistos nacionais de longa dura\u00e7\u00e3o;<\/li>\n<li>50 euros para vistos nacionais de longa dura\u00e7\u00e3o para fins de estudo;<\/li>\n<li>Gratuito para visto de curto e longo prazo para familiares de cidad\u00e3os da EU e para menores de 6 anos.<\/li>\n<\/ul>\n<p><strong>\u00a0<\/strong><\/p>\n<p><strong>VISTOS PARA ESTUDO<\/strong><\/p>\n<p>Al\u00e9m do acima exposto, para obter o visto para fins de estudo \u00e9 necess\u00e1rio ter conclu\u00eddo o procedimento de\u00a0<strong>inscri\u00e7\u00e3o ou pr\u00e9-inscri\u00e7\u00e3o<\/strong>\u00a0do curso a ser cursado na It\u00e1lia, atrav\u00e9s do\u00a0<strong>portal UNIVERSITALY<\/strong>\u00a0<a href=\"http:\/\/www.universitaly.it\/\">www.universitaly.it<\/a><\/p>\n<p>&nbsp;<\/p>\n<p><strong>TITULARES DE PASSAPORTE DIPLOM\u00c1TICO E DE SERVI\u00c7O<\/strong><\/p>\n<p><strong>Os cidad\u00e3os mo\u00e7ambicanos titulares de passaporte <u>diplom\u00e1tico<\/u> est\u00e3o isentos da obriga\u00e7\u00e3o de visto para estadias em It\u00e1lia at\u00e9 90 dias<\/strong>\u00a0(em um ou mais per\u00edodos) num per\u00edodo de 6 meses.<\/p>\n<p><strong>Os cidad\u00e3os do Reino de Eswatini titulares de passaporte <u>diplom\u00e1tico<\/u> o de <u>servi\u00e7o<\/u> est\u00e3o isentos da obriga\u00e7\u00e3o de visto para estadias em It\u00e1lia\u00a0at\u00e9 90 dias<\/strong>\u00a0(em um ou mais per\u00edodos) num per\u00edodo de 6 meses.<\/p>\n<p>O formul\u00e1rio de pedido de visto e o modelo da carta-convite est\u00e3o dispon\u00edveis em \u201c<a href=\"https:\/\/ambmaputo.esteri.it\/pt-pt\/servizi-consolari-e-visti-2\/servizi-per-il-cittadino-straniero\/formularios\/\">formul\u00e1rios<\/a>\u201d neste site.<\/p>\n<p>Para qualquer necessidade voc\u00ea pode escrever para\u00a0<a href=\"mailto:consolare.maputo@esteri.it\">consolare.maputo@esteri.it<\/a><\/p>\n","protected":false},"excerpt":{"rendered":"Informamos que a partir de 15 de Janeiro de 2024 a submiss\u00e3o de pedidos de vistos de entrada em It\u00e1lia e de legaliza\u00e7\u00e3o de documentos ser\u00e1 gerida em nome desta Embaixada pela empresa VFS Global sediada em Maputo no 6\u00ba andar do Centro Comercial Maputo (rua Ngungunhane). A VFS ser\u00e1, em particular, respons\u00e1vel pela recep\u00e7\u00e3o [&hellip;]","protected":false},"author":1,"featured_media":0,"parent":308,"menu_order":0,"comment_status":"closed","ping_status":"closed","template":"","meta":{"footnotes":""},"class_list":["post-310","page","type-page","status-publish","hentry"],"_links":{"self":[{"href":"https:\/\/ambmaputo.esteri.it\/pt-pt\/wp-json\/wp\/v2\/pages\/310","targetHints":{"allow":["GET"]}}],"collection":[{"href":"https:\/\/ambmaputo.esteri.it\/pt-pt\/wp-json\/wp\/v2\/pages"}],"about":[{"href":"https:\/\/ambmaputo.esteri.it\/pt-pt\/wp-json\/wp\/v2\/types\/page"}],"author":[{"embeddable":true,"href":"https:\/\/ambmaputo.esteri.it\/pt-pt\/wp-json\/wp\/v2\/users\/1"}],"replies":[{"embeddable":true,"href":"https:\/\/ambmaputo.esteri.it\/pt-pt\/wp-json\/wp\/v2\/comments?post=310"}],"version-history":[{"count":6,"href":"https:\/\/ambmaputo.esteri.it\/pt-pt\/wp-json\/wp\/v2\/pages\/310\/revisions"}],"predecessor-version":[{"id":10937,"href":"https:\/\/ambmaputo.esteri.it\/pt-pt\/wp-json\/wp\/v2\/pages\/310\/revisions\/10937"}],"up":[{"embeddable":true,"href":"https:\/\/ambmaputo.esteri.it\/pt-pt\/wp-json\/wp\/v2\/pages\/308"}],"wp:attachment":[{"href":"https:\/\/ambmaputo.esteri.it\/pt-pt\/wp-json\/wp\/v2\/media?parent=310"}],"curies":[{"name":"wp","href":"https:\/\/api.w.org\/{rel}","templated":true}]}}