{"id":289,"date":"2023-04-11T18:20:20","date_gmt":"2023-04-11T16:20:20","guid":{"rendered":"https:\/\/ambmaputo.esteri.it\/servizi-consolari-e-visti\/servizi-per-il-cittadino-italiano\/codice-fiscale\/"},"modified":"2024-07-15T09:57:27","modified_gmt":"2024-07-15T07:57:27","slug":"codice-fiscale","status":"publish","type":"page","link":"https:\/\/ambmaputo.esteri.it\/pt-pt\/servizi-consolari-e-visti-2\/servizi-per-il-cittadino-italiano\/codice-fiscale\/","title":{"rendered":"C\u00f3digo de identifica\u00e7\u00e3o fiscal"},"content":{"rendered":"<p>O C\u00f3digo Fiscal (Codice Fiscale), que \u00e9 o instrumento de identifica\u00e7\u00e3o nas rela\u00e7\u00f5es com os organismos e as administra\u00e7\u00f5es p\u00fablicas italianas, \u00e9 emitido pela Agenzia delle Entrate. Tamb\u00e9m pode ser emitido a cidad\u00e3os n\u00e3o italianos.<\/p>\n<p>Apenas para cidad\u00e3os italianos adultos registados no AIRE, a partir de 15 de julho de 2024 est\u00e1 dispon\u00edvel uma nova fun\u00e7\u00e3o de pedido de c\u00f3digo fiscal integrada no <a href=\"https:\/\/serviziconsolari.esteri.it\/ScoFE\/index.sco\">portal Fast It<\/a>.<\/p>\n<p>Os cidad\u00e3os estrangeiros e compatriotas residentes em Botsuana, Eswatini e Mo\u00e7ambique podem solicitar o c\u00f3digo fiscal atrav\u00e9s do Gabinete Consular da Embaixada, preenchendo o formul\u00e1rio <a href=\"https:\/\/ambmaputo.esteri.it\/wp-content\/uploads\/2023\/11\/richiesta_codice_fiscale.pdf\">Attribuzione Codice Fiscale<\/a>. \u00c9 poss\u00edvel submeter o pedido pessoalmente ao Escrit\u00f3rio consular da Embaixada ou por correio electr\u00f3nico (neste caso deve ser anexada uma c\u00f3pia de um documento de identidade), escrevendo para <a href=\"mailto:consolare.maputo@esteri.it\">consolare.maputo@esteri.it<\/a>.<\/p>\n<p>\u00c9 poss\u00edvel solicitar uma segunda via do c\u00f3digo fiscal no website da\u00a0<a href=\"https:\/\/www.agenziaentrate.gov.it\/portale\/home\">Agenzia delle Entrate<\/a>.<\/p>\n","protected":false},"excerpt":{"rendered":"O C\u00f3digo Fiscal (Codice Fiscale), que \u00e9 o instrumento de identifica\u00e7\u00e3o nas rela\u00e7\u00f5es com os organismos e as administra\u00e7\u00f5es p\u00fablicas italianas, \u00e9 emitido pela Agenzia delle Entrate. Tamb\u00e9m pode ser emitido a cidad\u00e3os n\u00e3o italianos. Apenas para cidad\u00e3os italianos adultos registados no AIRE, a partir de 15 de julho de 2024 est\u00e1 dispon\u00edvel uma nova [&hellip;]","protected":false},"author":1,"featured_media":0,"parent":256,"menu_order":5,"comment_status":"closed","ping_status":"closed","template":"","meta":{"footnotes":""},"class_list":["post-289","page","type-page","status-publish","hentry"],"_links":{"self":[{"href":"https:\/\/ambmaputo.esteri.it\/pt-pt\/wp-json\/wp\/v2\/pages\/289","targetHints":{"allow":["GET"]}}],"collection":[{"href":"https:\/\/ambmaputo.esteri.it\/pt-pt\/wp-json\/wp\/v2\/pages"}],"about":[{"href":"https:\/\/ambmaputo.esteri.it\/pt-pt\/wp-json\/wp\/v2\/types\/page"}],"author":[{"embeddable":true,"href":"https:\/\/ambmaputo.esteri.it\/pt-pt\/wp-json\/wp\/v2\/users\/1"}],"replies":[{"embeddable":true,"href":"https:\/\/ambmaputo.esteri.it\/pt-pt\/wp-json\/wp\/v2\/comments?post=289"}],"version-history":[{"count":4,"href":"https:\/\/ambmaputo.esteri.it\/pt-pt\/wp-json\/wp\/v2\/pages\/289\/revisions"}],"predecessor-version":[{"id":9169,"href":"https:\/\/ambmaputo.esteri.it\/pt-pt\/wp-json\/wp\/v2\/pages\/289\/revisions\/9169"}],"up":[{"embeddable":true,"href":"https:\/\/ambmaputo.esteri.it\/pt-pt\/wp-json\/wp\/v2\/pages\/256"}],"wp:attachment":[{"href":"https:\/\/ambmaputo.esteri.it\/pt-pt\/wp-json\/wp\/v2\/media?parent=289"}],"curies":[{"name":"wp","href":"https:\/\/api.w.org\/{rel}","templated":true}]}}