{"id":287,"date":"2023-04-11T18:20:09","date_gmt":"2023-04-11T16:20:09","guid":{"rendered":"https:\/\/ambmaputo.esteri.it\/servizi-consolari-e-visti\/servizi-per-il-cittadino-italiano\/autoveicoli-e-patenti-di-guida\/"},"modified":"2024-10-25T13:23:02","modified_gmt":"2024-10-25T11:23:02","slug":"autoveicoli-e-patenti-di-guida","status":"publish","type":"page","link":"https:\/\/ambmaputo.esteri.it\/pt-pt\/servizi-consolari-e-visti-2\/servizi-per-il-cittadino-italiano\/autoveicoli-e-patenti-di-guida\/","title":{"rendered":"Cartas de condu\u00e7\u00e3o"},"content":{"rendered":"<p style=\"text-align: justify;\">Para estadias breves, inferiores a 90 dias, \u00e9 poss\u00edvel alugar e conduzir um carro em Mo\u00e7ambique com uma <a href=\"https:\/\/www.mit.gov.it\/permesso-internazionale-di-guida\">carta de condu\u00e7\u00e3o internacional<\/a> (art. 129 do Codigo da Estrada de Mo\u00e7ambique). Para o Eswatini esta oportunidade \u00e9 concedida at\u00e9 um m\u00e1ximo de seis meses. Para estadias longas, uma vez que n\u00e3o existe acordo de reciprocidade em vigor com a It\u00e1lia sobre a convers\u00e3o das cartas de condu\u00e7\u00e3o, \u00e9 necess\u00e1rio contactar as autoridades locais competentes (o Instituto Nacional de Via\u00e7\u00e3o para Mo\u00e7ambique e o Minist\u00e9rio dos Transportes para Eswatini) para os procedimentos de obten\u00e7\u00e3o de uma carta de condu\u00e7\u00e3o local.<\/p>\n<p style=\"text-align: justify;\">Os nacionais residentes em Botsuana,\u00a0Eswatini e Mo\u00e7ambique podem requerer ao Gabinete Consular a confirma\u00e7\u00e3o da validade da sua carta de condu\u00e7\u00e3o italiana, desde que esta n\u00e3o tenha expirado h\u00e1 mais de cinco anos e excepto nos casos previstos no artigo 119, par\u00e1grafos 2-bis e 4 do C\u00f3digo da Estrada (cartas de condu\u00e7\u00e3o de condutores que sofram de diabetes ou cuja aptid\u00e3o psicof\u00edsica deva ser certificada por comiss\u00f5es m\u00e9dicas especiais). Para a emiss\u00e3o da certid\u00e3o de confirma\u00e7\u00e3o, as partes interessadas ter\u00e3o de realizar o exame previsto para verificar os requisitos psicol\u00f3gicos e f\u00edsicos num consult\u00f3rio m\u00e9dico localizado perto da Embaixada. O formul\u00e1rio do atestado m\u00e9dico pode ser baixado a partir dos\u00a0<a href=\"https:\/\/ambmaputo.esteri.it\/pt-pt\/servizi-consolari-e-visti\/servizi-per-il-cittadino-italiano\/formularios\/\">Formul\u00e1rios<\/a>.<\/p>\n<p style=\"text-align: justify;\">Quem aqui renovou a sua carta de condu\u00e7\u00e3o \u00e9 obrigado, no prazo de seis meses a contar da readmiss\u00e3o da resid\u00eancia em It\u00e1lia, a renovar a pr\u00f3pria carta de condu\u00e7\u00e3o de acordo com o procedimento ordin\u00e1rio previsto no n. 8 do art. 126 do C\u00f3digo da Estrada, portanto tamb\u00e9m no caso de a renova\u00e7\u00e3o feita na Embaixada ainda ser v\u00e1lida.<\/p>\n<p style=\"text-align: justify;\">Ser\u00e1 sempre necess\u00e1rio manter o certificado junto com a carta de condu\u00e7\u00e3o e, principalmente, apresent\u00e1-la para realizar o exame m\u00e9dico para confirma\u00e7\u00e3o da validade na It\u00e1lia, a fim de provar, ao m\u00e9dico examinador, a renova\u00e7\u00e3o no exterior e, portanto, demonstrar a aus\u00eancia de per\u00edodos de inatividade para dirigir.<\/p>\n","protected":false},"excerpt":{"rendered":"Para estadias breves, inferiores a 90 dias, \u00e9 poss\u00edvel alugar e conduzir um carro em Mo\u00e7ambique com uma carta de condu\u00e7\u00e3o internacional (art. 129 do Codigo da Estrada de Mo\u00e7ambique). Para o Eswatini esta oportunidade \u00e9 concedida at\u00e9 um m\u00e1ximo de seis meses. Para estadias longas, uma vez que n\u00e3o existe acordo de reciprocidade em [&hellip;]","protected":false},"author":1,"featured_media":0,"parent":256,"menu_order":9,"comment_status":"closed","ping_status":"closed","template":"","meta":{"footnotes":""},"class_list":["post-287","page","type-page","status-publish","hentry"],"_links":{"self":[{"href":"https:\/\/ambmaputo.esteri.it\/pt-pt\/wp-json\/wp\/v2\/pages\/287","targetHints":{"allow":["GET"]}}],"collection":[{"href":"https:\/\/ambmaputo.esteri.it\/pt-pt\/wp-json\/wp\/v2\/pages"}],"about":[{"href":"https:\/\/ambmaputo.esteri.it\/pt-pt\/wp-json\/wp\/v2\/types\/page"}],"author":[{"embeddable":true,"href":"https:\/\/ambmaputo.esteri.it\/pt-pt\/wp-json\/wp\/v2\/users\/1"}],"replies":[{"embeddable":true,"href":"https:\/\/ambmaputo.esteri.it\/pt-pt\/wp-json\/wp\/v2\/comments?post=287"}],"version-history":[{"count":3,"href":"https:\/\/ambmaputo.esteri.it\/pt-pt\/wp-json\/wp\/v2\/pages\/287\/revisions"}],"predecessor-version":[{"id":9618,"href":"https:\/\/ambmaputo.esteri.it\/pt-pt\/wp-json\/wp\/v2\/pages\/287\/revisions\/9618"}],"up":[{"embeddable":true,"href":"https:\/\/ambmaputo.esteri.it\/pt-pt\/wp-json\/wp\/v2\/pages\/256"}],"wp:attachment":[{"href":"https:\/\/ambmaputo.esteri.it\/pt-pt\/wp-json\/wp\/v2\/media?parent=287"}],"curies":[{"name":"wp","href":"https:\/\/api.w.org\/{rel}","templated":true}]}}