{"id":283,"date":"2023-04-11T18:19:34","date_gmt":"2023-04-11T16:19:34","guid":{"rendered":"https:\/\/ambmaputo.esteri.it\/servizi-consolari-e-visti\/servizi-per-il-cittadino-italiano\/pensioni-e-sicurezza-sociale\/"},"modified":"2023-11-21T10:07:28","modified_gmt":"2023-11-21T08:07:28","slug":"pensioni-e-sicurezza-sociale","status":"publish","type":"page","link":"https:\/\/ambmaputo.esteri.it\/pt-pt\/servizi-consolari-e-visti-2\/servizi-per-il-cittadino-italiano\/pensioni-e-sicurezza-sociale\/","title":{"rendered":"Pens\u00f5es e seguran\u00e7a social"},"content":{"rendered":"<p>A verifica\u00e7\u00e3o peri\u00f3dica do requisito de estar vivo para o pagamento das mensalidades acumuladas pelo <a href=\"https:\/\/www.inps.it\/it\/it.html\">Instituto Italiano de Seguran\u00e7a Social (INPS)<\/a> pode ser realizada na reparti\u00e7\u00e3o consular, dirigindo-se pessoalmente ao balc\u00e3o.<\/p>\n<p>Para informa\u00e7\u00f5es sobre o pagamento de pens\u00f5es do INPS no exterior, consulte o site do <a href=\"https:\/\/www.citibank.com\/tts\/sa\/inps\/faq.html\">Citibank<\/a>.<\/p>\n","protected":false},"excerpt":{"rendered":"A verifica\u00e7\u00e3o peri\u00f3dica do requisito de estar vivo para o pagamento das mensalidades acumuladas pelo Instituto Italiano de Seguran\u00e7a Social (INPS) pode ser realizada na reparti\u00e7\u00e3o consular, dirigindo-se pessoalmente ao balc\u00e3o. Para informa\u00e7\u00f5es sobre o pagamento de pens\u00f5es do INPS no exterior, consulte o site do Citibank.","protected":false},"author":1,"featured_media":0,"parent":256,"menu_order":10,"comment_status":"closed","ping_status":"closed","template":"","meta":{"footnotes":""},"class_list":["post-283","page","type-page","status-publish","hentry"],"_links":{"self":[{"href":"https:\/\/ambmaputo.esteri.it\/pt-pt\/wp-json\/wp\/v2\/pages\/283","targetHints":{"allow":["GET"]}}],"collection":[{"href":"https:\/\/ambmaputo.esteri.it\/pt-pt\/wp-json\/wp\/v2\/pages"}],"about":[{"href":"https:\/\/ambmaputo.esteri.it\/pt-pt\/wp-json\/wp\/v2\/types\/page"}],"author":[{"embeddable":true,"href":"https:\/\/ambmaputo.esteri.it\/pt-pt\/wp-json\/wp\/v2\/users\/1"}],"replies":[{"embeddable":true,"href":"https:\/\/ambmaputo.esteri.it\/pt-pt\/wp-json\/wp\/v2\/comments?post=283"}],"version-history":[{"count":2,"href":"https:\/\/ambmaputo.esteri.it\/pt-pt\/wp-json\/wp\/v2\/pages\/283\/revisions"}],"predecessor-version":[{"id":958,"href":"https:\/\/ambmaputo.esteri.it\/pt-pt\/wp-json\/wp\/v2\/pages\/283\/revisions\/958"}],"up":[{"embeddable":true,"href":"https:\/\/ambmaputo.esteri.it\/pt-pt\/wp-json\/wp\/v2\/pages\/256"}],"wp:attachment":[{"href":"https:\/\/ambmaputo.esteri.it\/pt-pt\/wp-json\/wp\/v2\/media?parent=283"}],"curies":[{"name":"wp","href":"https:\/\/api.w.org\/{rel}","templated":true}]}}