{"id":268,"date":"2023-04-11T18:19:16","date_gmt":"2023-04-11T16:19:16","guid":{"rendered":"https:\/\/ambmaputo.esteri.it\/servizi-consolari-e-visti\/servizi-per-il-cittadino-italiano\/servizi-notarili\/"},"modified":"2023-11-20T12:40:21","modified_gmt":"2023-11-20T10:40:21","slug":"servizi-notarili","status":"publish","type":"page","link":"https:\/\/ambmaputo.esteri.it\/pt-pt\/servizi-consolari-e-visti-2\/servizi-per-il-cittadino-italiano\/servizi-notarili\/","title":{"rendered":"Servi\u00e7os notariais"},"content":{"rendered":"<p>O Gabinete Consular da Embaixada exerce, exclusivamente em rela\u00e7\u00e3o aos cidad\u00e3os italianos que se encontram no estrangeiro a t\u00edtulo permanente ou tempor\u00e1rio, algumas fun\u00e7\u00f5es notariais previstas pela nossa lei. Essencialmente, isto envolve o recebimento de escrituras p\u00fablicas (procura\u00e7\u00f5es, testamentos), escrituras not\u00f3rias, aceita\u00e7\u00e3o ou ren\u00fancia de heran\u00e7a, autentica\u00e7\u00f5es e subscri\u00e7\u00f5es de escrituras privadas. Para estes servi\u00e7os \u00e9 necess\u00e1rio dirigir-se pessoalmente ao Gabinete Consular da Embaixada.<\/p>\n","protected":false},"excerpt":{"rendered":"O Gabinete Consular da Embaixada exerce, exclusivamente em rela\u00e7\u00e3o aos cidad\u00e3os italianos que se encontram no estrangeiro a t\u00edtulo permanente ou tempor\u00e1rio, algumas fun\u00e7\u00f5es notariais previstas pela nossa lei. Essencialmente, isto envolve o recebimento de escrituras p\u00fablicas (procura\u00e7\u00f5es, testamentos), escrituras not\u00f3rias, aceita\u00e7\u00e3o ou ren\u00fancia de heran\u00e7a, autentica\u00e7\u00f5es e subscri\u00e7\u00f5es de escrituras privadas. Para estes servi\u00e7os [&hellip;]","protected":false},"author":1,"featured_media":0,"parent":256,"menu_order":13,"comment_status":"closed","ping_status":"closed","template":"","meta":{"footnotes":""},"class_list":["post-268","page","type-page","status-publish","hentry"],"_links":{"self":[{"href":"https:\/\/ambmaputo.esteri.it\/pt-pt\/wp-json\/wp\/v2\/pages\/268","targetHints":{"allow":["GET"]}}],"collection":[{"href":"https:\/\/ambmaputo.esteri.it\/pt-pt\/wp-json\/wp\/v2\/pages"}],"about":[{"href":"https:\/\/ambmaputo.esteri.it\/pt-pt\/wp-json\/wp\/v2\/types\/page"}],"author":[{"embeddable":true,"href":"https:\/\/ambmaputo.esteri.it\/pt-pt\/wp-json\/wp\/v2\/users\/1"}],"replies":[{"embeddable":true,"href":"https:\/\/ambmaputo.esteri.it\/pt-pt\/wp-json\/wp\/v2\/comments?post=268"}],"version-history":[{"count":2,"href":"https:\/\/ambmaputo.esteri.it\/pt-pt\/wp-json\/wp\/v2\/pages\/268\/revisions"}],"predecessor-version":[{"id":810,"href":"https:\/\/ambmaputo.esteri.it\/pt-pt\/wp-json\/wp\/v2\/pages\/268\/revisions\/810"}],"up":[{"embeddable":true,"href":"https:\/\/ambmaputo.esteri.it\/pt-pt\/wp-json\/wp\/v2\/pages\/256"}],"wp:attachment":[{"href":"https:\/\/ambmaputo.esteri.it\/pt-pt\/wp-json\/wp\/v2\/media?parent=268"}],"curies":[{"name":"wp","href":"https:\/\/api.w.org\/{rel}","templated":true}]}}