{"id":264,"date":"2023-04-11T18:18:20","date_gmt":"2023-04-11T16:18:20","guid":{"rendered":"https:\/\/ambmaputo.esteri.it\/servizi-consolari-e-visti\/servizi-per-il-cittadino-italiano\/assistenza-ai-cittadini-allestero\/"},"modified":"2024-01-16T10:53:15","modified_gmt":"2024-01-16T08:53:15","slug":"assistenza-ai-cittadini-allestero","status":"publish","type":"page","link":"https:\/\/ambmaputo.esteri.it\/pt-pt\/servizi-consolari-e-visti-2\/servizi-per-il-cittadino-italiano\/assistenza-ai-cittadini-allestero\/","title":{"rendered":"Assist\u00eancia a cidad\u00e3os no estrangeiro"},"content":{"rendered":"<p>O escrit\u00f3rio consular da Embaixada presta assist\u00eancia aos cidad\u00e3os italianos que se encontrem em dificuldades durante a sua estadia em Mo\u00e7ambique, Eswatini ou Botswana. Os compatriotas em Eswatini podem contactar o Consulado Honor\u00e1rio em Mbabane para assist\u00eancia inicial, enquanto os compatriotas no Botswana podem contactar o Vice-Consulado Honor\u00e1rio em Gaborone. Os respetivos contactos encontram-se em \u201cRede Consular\u201d \u00e0 direita da p\u00e1gina.<\/p>\n<p>As poss\u00edveis interven\u00e7\u00f5es incluem assist\u00eancia aos presos e detidos, assist\u00eancia econ\u00f3mica, assist\u00eancia em caso de roubo ou perda de documentos, assist\u00eancia na localiza\u00e7\u00e3o de compatriotas, repatria\u00e7\u00f5es.<\/p>\n<p>Al\u00e9m disso, de acordo com as disposi\u00e7\u00f5es atuais, o servi\u00e7o consular tamb\u00e9m pode prestar assist\u00eancia &#8211; para interven\u00e7\u00f5es espec\u00edficas &#8211; aos cidad\u00e3os da Uni\u00e3o Europeia.<\/p>\n","protected":false},"excerpt":{"rendered":"O escrit\u00f3rio consular da Embaixada presta assist\u00eancia aos cidad\u00e3os italianos que se encontrem em dificuldades durante a sua estadia em Mo\u00e7ambique, Eswatini ou Botswana. Os compatriotas em Eswatini podem contactar o Consulado Honor\u00e1rio em Mbabane para assist\u00eancia inicial, enquanto os compatriotas no Botswana podem contactar o Vice-Consulado Honor\u00e1rio em Gaborone. Os respetivos contactos encontram-se em [&hellip;]","protected":false},"author":1,"featured_media":0,"parent":256,"menu_order":3,"comment_status":"closed","ping_status":"closed","template":"","meta":{"footnotes":""},"class_list":["post-264","page","type-page","status-publish","hentry"],"_links":{"self":[{"href":"https:\/\/ambmaputo.esteri.it\/pt-pt\/wp-json\/wp\/v2\/pages\/264","targetHints":{"allow":["GET"]}}],"collection":[{"href":"https:\/\/ambmaputo.esteri.it\/pt-pt\/wp-json\/wp\/v2\/pages"}],"about":[{"href":"https:\/\/ambmaputo.esteri.it\/pt-pt\/wp-json\/wp\/v2\/types\/page"}],"author":[{"embeddable":true,"href":"https:\/\/ambmaputo.esteri.it\/pt-pt\/wp-json\/wp\/v2\/users\/1"}],"replies":[{"embeddable":true,"href":"https:\/\/ambmaputo.esteri.it\/pt-pt\/wp-json\/wp\/v2\/comments?post=264"}],"version-history":[{"count":3,"href":"https:\/\/ambmaputo.esteri.it\/pt-pt\/wp-json\/wp\/v2\/pages\/264\/revisions"}],"predecessor-version":[{"id":8093,"href":"https:\/\/ambmaputo.esteri.it\/pt-pt\/wp-json\/wp\/v2\/pages\/264\/revisions\/8093"}],"up":[{"embeddable":true,"href":"https:\/\/ambmaputo.esteri.it\/pt-pt\/wp-json\/wp\/v2\/pages\/256"}],"wp:attachment":[{"href":"https:\/\/ambmaputo.esteri.it\/pt-pt\/wp-json\/wp\/v2\/media?parent=264"}],"curies":[{"name":"wp","href":"https:\/\/api.w.org\/{rel}","templated":true}]}}