{"id":260,"date":"2023-04-11T18:17:44","date_gmt":"2023-04-11T16:17:44","guid":{"rendered":"https:\/\/ambmaputo.esteri.it\/servizi-consolari-e-visti\/servizi-per-il-cittadino-italiano\/emergency-travel-documents-etd\/"},"modified":"2023-10-10T12:18:56","modified_gmt":"2023-10-10T10:18:56","slug":"emergency-travel-documents-etd","status":"publish","type":"page","link":"https:\/\/ambmaputo.esteri.it\/pt-pt\/servizi-consolari-e-visti-2\/servizi-per-il-cittadino-italiano\/passaporti-e-carte-didentita\/emergency-travel-documents-etd\/","title":{"rendered":"Documentos de viagem de emerg\u00eancia (ETD)"},"content":{"rendered":"<p>Em situa\u00e7\u00f5es de emerg\u00eancia, por exemplo em caso de perda ou roubo do passaporte com a necessidade de regressar a It\u00e1lia em tempo \u00fatil, o Gabinete Consular da Embaixada pode emitir um Documento de Viagem de Emerg\u00eancia (E.T.D.- Emergency Travel Documento). A E.T.D. \u00e9 v\u00e1lida apenas para a viagem de regresso a It\u00e1lia ou ao pa\u00eds de resid\u00eancia habitual (apenas em casos excepcionais pode ser emitida para um destino diferente), cuja validade \u00e9 limitada ao tempo estritamente necess\u00e1rio para atingir o destino final da viagem.<\/p>\n<p>Para obter o documento, deve apresentar-se na Embaixada com a seguinte documenta\u00e7\u00e3o:<\/p>\n<ul>\n<li>2 fotografias (formato 4&#215;4 cm, frontais, com fundo branco);<\/li>\n<li>outro documento de identidade, como bilhete de identidade ou carta de condu\u00e7\u00e3o (tamb\u00e9m em fotoc\u00f3pia) ou fotoc\u00f3pia de passaporte roubado\/perdido. Em caso de aus\u00eancia, o servi\u00e7o consular ter\u00e1 de efectuar os controlos de identidade apropriados antes de emitir a ETD.<\/li>\n<\/ul>\n<p>O relat\u00f3rio do roubo ou perda do passaporte deve tamb\u00e9m ser apresentado \u00e0s autoridades policiais locais, a fim de facilitar o tr\u00e2nsito na fronteira.<\/p>\n<p>Recomendamos vivamente que uma fotoc\u00f3pia dos documentos mais importantes (passaporte, bilhete de identidade, cart\u00e3o de cr\u00e9dito) seja guardada num local diferente daquele onde s\u00e3o guardados os documentos originais, a fim de facilitar os procedimentos de assist\u00eancia em caso de roubo ou perda.<\/p>\n<p>A ETD tamb\u00e9m pode ser emitida a cidad\u00e3os de outros Estados-Membros da Uni\u00e3o Europeia, mediante autoriza\u00e7\u00e3o formal da representa\u00e7\u00e3o diplom\u00e1tico-consular competente ou do Minist\u00e9rio dos Neg\u00f3cios Estrangeiros do pa\u00eds de origem do requerente.<\/p>\n","protected":false},"excerpt":{"rendered":"Em situa\u00e7\u00f5es de emerg\u00eancia, por exemplo em caso de perda ou roubo do passaporte com a necessidade de regressar a It\u00e1lia em tempo \u00fatil, o Gabinete Consular da Embaixada pode emitir um Documento de Viagem de Emerg\u00eancia (E.T.D.- Emergency Travel Documento). A E.T.D. \u00e9 v\u00e1lida apenas para a viagem de regresso a It\u00e1lia ou ao [&hellip;]","protected":false},"author":1,"featured_media":0,"parent":258,"menu_order":2,"comment_status":"closed","ping_status":"closed","template":"","meta":{"footnotes":""},"class_list":["post-260","page","type-page","status-publish","hentry"],"_links":{"self":[{"href":"https:\/\/ambmaputo.esteri.it\/pt-pt\/wp-json\/wp\/v2\/pages\/260","targetHints":{"allow":["GET"]}}],"collection":[{"href":"https:\/\/ambmaputo.esteri.it\/pt-pt\/wp-json\/wp\/v2\/pages"}],"about":[{"href":"https:\/\/ambmaputo.esteri.it\/pt-pt\/wp-json\/wp\/v2\/types\/page"}],"author":[{"embeddable":true,"href":"https:\/\/ambmaputo.esteri.it\/pt-pt\/wp-json\/wp\/v2\/users\/1"}],"replies":[{"embeddable":true,"href":"https:\/\/ambmaputo.esteri.it\/pt-pt\/wp-json\/wp\/v2\/comments?post=260"}],"version-history":[{"count":2,"href":"https:\/\/ambmaputo.esteri.it\/pt-pt\/wp-json\/wp\/v2\/pages\/260\/revisions"}],"predecessor-version":[{"id":469,"href":"https:\/\/ambmaputo.esteri.it\/pt-pt\/wp-json\/wp\/v2\/pages\/260\/revisions\/469"}],"up":[{"embeddable":true,"href":"https:\/\/ambmaputo.esteri.it\/pt-pt\/wp-json\/wp\/v2\/pages\/258"}],"wp:attachment":[{"href":"https:\/\/ambmaputo.esteri.it\/pt-pt\/wp-json\/wp\/v2\/media?parent=260"}],"curies":[{"name":"wp","href":"https:\/\/api.w.org\/{rel}","templated":true}]}}