{"id":258,"date":"2023-04-11T18:13:11","date_gmt":"2023-04-11T16:13:11","guid":{"rendered":"https:\/\/ambmaputo.esteri.it\/servizi-consolari-e-visti\/servizi-per-il-cittadino-italiano\/passaporti-e-carte-didentita\/"},"modified":"2024-10-07T10:08:09","modified_gmt":"2024-10-07T08:08:09","slug":"passaporti-e-carte-didentita","status":"publish","type":"page","link":"https:\/\/ambmaputo.esteri.it\/pt-pt\/servizi-consolari-e-visti-2\/servizi-per-il-cittadino-italiano\/passaporti-e-carte-didentita\/","title":{"rendered":"Passaportes e documentos de viagem"},"content":{"rendered":"<p class=\"boxLevel03\">Para emitir o passaporte, voc\u00ea deve marcar uma consulta e se apresentar no Escrit\u00f3rio Consular da Embaixada no hor\u00e1rio reservado com a seguinte documenta\u00e7\u00e3o:<\/p>\n<ul>\n<li class=\"boxLevel03\">formul\u00e1rio de pedido de passaporte assinado pela pessoa interessada;<\/li>\n<li class=\"boxLevel03\">duas fotografias recentes ( id\u00eanticas, frontais, a cores, formato 35 X 40 mm);<\/li>\n<li class=\"boxLevel03\">autoriza\u00e7\u00e3o de resid\u00eancia ou prova de resid\u00eancia efetiva na circunscri\u00e7\u00e3o consular.<\/li>\n<li class=\"boxLevel03\">no caso o requerente tenha filhos menores de 18 anos, declara\u00e7\u00e3o da inexist\u00eancia de motivos impeditivos \u00e0 emiss\u00e3o do passaporte,\u00a0independentemente do estado civil do requerente (solteiro, casado, separado ou divorciado);<\/li>\n<li class=\"boxLevel03\">quando o requerente for uma crian\u00e7a com menos de 18 anos, a autoriza\u00e7\u00e3o de ambos os pais.<\/li>\n<\/ul>\n<p class=\"boxLevel03\">Para os cidad\u00e3os n\u00e3o residentes em Mo\u00e7ambique, Botsuana\u00a0e Eswatini, a emiss\u00e3o do passaporte s\u00f3 pode ter lugar depois de o Gabinete Consular ter solicitado e obtido autoriza\u00e7\u00e3o e delega\u00e7\u00e3o do Gabinete (Questura ou Consulado Italiano) competente para o territ\u00f3rio de resid\u00eancia. Deve-se ter em considera\u00e7\u00e3o que a necess\u00e1ria delega\u00e7\u00e3o da Questura\/Consulado competente poderia prolongar o tempo de emiss\u00e3o.<\/p>\n<p class=\"boxLevel03\">Os formul\u00e1rios de pedido e autoriza\u00e7\u00e3o de passaporte podem ser encontrados na sec\u00e7\u00e3o de\u00a0<a href=\"https:\/\/ambmaputo.esteri.it\/pt-pt\/servizi-consolari-e-visti\/servizi-per-il-cittadino-italiano\/formularios\/\">Formul\u00e1rios<\/a><a href=\"https:\/\/ambmaputo.esteri.it\/Ambasciata_Maputo\/it\/in_linea_con_utente\/modulistica\/modulistica.html\">.<\/a> \u00c9 favor notar que a assinatura do progenitor que n\u00e3o \u00e9 cidad\u00e3o da Uni\u00e3o Europeia deve necessariamente ser autenticada, pelo que a pessoa em quest\u00e3o deve apresentar-se no posto consular na Embaixada.<\/p>\n<p class=\"boxLevel03\">Os passaportes para cidad\u00e3os com idade legal s\u00e3o v\u00e1lidos por dez anos. Os menores de idade devem tamb\u00e9m ter necessariamente um passaporte individual, com validade de 3 (para menores de 0 a 3 anos) ou cinco anos (de 3 a 18 anos).<\/p>\n<p class=\"boxLevel03\">Os menores de 14 anos viajam para o estrangeiro acompanhados por um dos seus pais ou tutores. Se forem confiados a outras pessoas s f\u00edsicas ou jur\u00eddicas (Entidades\/Empresas a\u00e9reas), devem necessariamente receber uma indica\u00e7\u00e3o especial no seu passaporte ou uma certid\u00e3o de declara\u00e7\u00e3o de acompanhamento (para mais informa\u00e7\u00f5es ver\u00a0<a href=\"https:\/\/ambmaputo.esteri.it\/pt-pt\/servizi-consolari-e-visti\/servizi-per-il-cittadino-italiano\/passaporti-e-carte-didentita\/declaracao-de-acompanhamento-para-menores-de-14-anos\/\">Declara\u00e7\u00e3o de acompanhamento para menores de 14 anos<\/a>).<\/p>\n<h5><span class=\"jCAhz ChMk0b\"><span class=\"ryNqvb\">Bilhetes de identidade<\/span><\/span><\/h5>\n<p><span class=\"jCAhz ChMk0b\"><span class=\"ryNqvb\">Actualmente, os bilhetes de identidade n\u00e3o s\u00e3o emitidos pelo Consulado.<\/span><\/span> <span class=\"jCAhz ChMk0b\"><span class=\"ryNqvb\">Para mais informa\u00e7\u00f5es, consulte a <a href=\"https:\/\/www.esteri.it\/it\/servizi-consolari-e-visti\/italiani-all-estero\/documenti_di_viaggio\/carta_identita\/\">p\u00e1gina dedicada<\/a> no site do Minist\u00e9rio dos Neg\u00f3cios Estrangeiros.<\/span><\/span><\/p>\n","protected":false},"excerpt":{"rendered":"Para emitir o passaporte, voc\u00ea deve marcar uma consulta e se apresentar no Escrit\u00f3rio Consular da Embaixada no hor\u00e1rio reservado com a seguinte documenta\u00e7\u00e3o: formul\u00e1rio de pedido de passaporte assinado pela pessoa interessada; duas fotografias recentes ( id\u00eanticas, frontais, a cores, formato 35 X 40 mm); autoriza\u00e7\u00e3o de resid\u00eancia ou prova de resid\u00eancia efetiva na [&hellip;]","protected":false},"author":1,"featured_media":0,"parent":256,"menu_order":8,"comment_status":"closed","ping_status":"closed","template":"","meta":{"footnotes":""},"class_list":["post-258","page","type-page","status-publish","hentry"],"_links":{"self":[{"href":"https:\/\/ambmaputo.esteri.it\/pt-pt\/wp-json\/wp\/v2\/pages\/258","targetHints":{"allow":["GET"]}}],"collection":[{"href":"https:\/\/ambmaputo.esteri.it\/pt-pt\/wp-json\/wp\/v2\/pages"}],"about":[{"href":"https:\/\/ambmaputo.esteri.it\/pt-pt\/wp-json\/wp\/v2\/types\/page"}],"author":[{"embeddable":true,"href":"https:\/\/ambmaputo.esteri.it\/pt-pt\/wp-json\/wp\/v2\/users\/1"}],"replies":[{"embeddable":true,"href":"https:\/\/ambmaputo.esteri.it\/pt-pt\/wp-json\/wp\/v2\/comments?post=258"}],"version-history":[{"count":6,"href":"https:\/\/ambmaputo.esteri.it\/pt-pt\/wp-json\/wp\/v2\/pages\/258\/revisions"}],"predecessor-version":[{"id":9514,"href":"https:\/\/ambmaputo.esteri.it\/pt-pt\/wp-json\/wp\/v2\/pages\/258\/revisions\/9514"}],"up":[{"embeddable":true,"href":"https:\/\/ambmaputo.esteri.it\/pt-pt\/wp-json\/wp\/v2\/pages\/256"}],"wp:attachment":[{"href":"https:\/\/ambmaputo.esteri.it\/pt-pt\/wp-json\/wp\/v2\/media?parent=258"}],"curies":[{"name":"wp","href":"https:\/\/api.w.org\/{rel}","templated":true}]}}