{"id":244,"date":"2023-04-11T18:11:52","date_gmt":"2023-04-11T16:11:52","guid":{"rendered":"https:\/\/ambmaputo.esteri.it\/italia-e-mozambico\/cooperazione-allo-sviluppo\/"},"modified":"2023-11-16T13:05:11","modified_gmt":"2023-11-16T11:05:11","slug":"cooperazione-allo-sviluppo","status":"publish","type":"page","link":"https:\/\/ambmaputo.esteri.it\/pt-pt\/italia-e-mozambico\/cooperazione-allo-sviluppo\/","title":{"rendered":"Coopera\u00e7\u00e3o para o desenvolvimento"},"content":{"rendered":"<p>Mo\u00e7ambique \u00e9 historicamente um dos pa\u00edses priorit\u00e1rios da Coopera\u00e7\u00e3o Italiana. Na verdade, continua entre os mais pobres do mundo (185\u00ba entre 191 pa\u00edses no ranking de Desenvolvimento Humano das Na\u00e7\u00f5es Unidas para 2021) e sempre esteve ligado \u00e0 It\u00e1lia por uma forte amizade. Pretende-se assim continuar a apoiar activamente o seu desenvolvimento, em linha com os principais instrumentos pol\u00edticos e program\u00e1ticos adoptados pelo governo mo\u00e7ambicano e pelas Na\u00e7\u00f5es Unidas.<\/p>\n<p>Desde 1982, a It\u00e1lia desembolsou fundos de donativos a Mo\u00e7ambique no valor aproximado de 890 milh\u00f5es de euros. Os setores em que historicamente se concentrou o apoio italiano s\u00e3o: agricultura e desenvolvimento rural; educa\u00e7\u00e3o, forma\u00e7\u00e3o t\u00e9cnico-profissional e universit\u00e1ria; assist\u00eancia m\u00e9dica. Est\u00e3o em curso programas na ordem dos 250 milh\u00f5es de euros, entre bolsas e empr\u00e9stimos bonificados.<\/p>\n<p>Mo\u00e7ambique est\u00e1 particularmente exposto \u00e0s consequ\u00eancias das altera\u00e7\u00f5es clim\u00e1ticas. Neste contexto, durante o ano de 2019 (entre mar\u00e7o e abril) as prov\u00edncias do centro e norte do pa\u00eds foram atingidas pelos ciclones Idai e Kenneth, que causaram preju\u00edzos e preju\u00edzos superiores a 3 mil milh\u00f5es de d\u00f3lares. \u00c9 not\u00e1vel o empenho italiano nas fases de emerg\u00eancia e reconstru\u00e7\u00e3o p\u00f3s-ciclone, ainda em curso. Em primeiro lugar, foi anunciada a concess\u00e3o de um cr\u00e9dito de ajuda de 35 milh\u00f5es de euros, cuja utiliza\u00e7\u00e3o concreta est\u00e1 neste momento a ser estudada a favor da recupera\u00e7\u00e3o das actividades produtivas do sector agr\u00edcola, junto dos parceiros institucionais (Minist\u00e9rio da Agricultura e Desenvolvimento Rural ). Al\u00e9m disso, o hospital cir\u00fargico de campanha montado durante a emerg\u00eancia, no valor de 2,2 milh\u00f5es de euros, foi definitivamente doado ao hospital central da cidade da Beira ap\u00f3s um per\u00edodo de forma\u00e7\u00e3o do pessoal m\u00e9dico local por parte dos operadores de prote\u00e7\u00e3o civil italianos.<\/p>\n<p>Foram ainda atribu\u00eddos 2,7 milh\u00f5es de euros \u00e0 recupera\u00e7\u00e3o de servi\u00e7os e tecido econ\u00f3mico-social a favor das popula\u00e7\u00f5es afectadas pelos dois ciclones; outras interven\u00e7\u00f5es incidiram nas prov\u00edncias de Manica e Sofala: 1 milh\u00e3o de euros para a melhoria das condi\u00e7\u00f5es de vida dos deslocados na zona da cidade de Pemba e distrito de Metuge, em Cabo Delgado, 500 mil euros para o fornecimento de subsist\u00eancia e oportunidades econ\u00f3micas para jovens e mulheres em comunidades deslocadas e de acolhimento e 605 mil euros atrav\u00e9s da Delega\u00e7\u00e3o de Manica do Fundo de Desenvolvimento Agr\u00edcola (FDA), dependente do Minist\u00e9rio da Agricultura e Desenvolvimento Rural, foram destinados a medidas de seguran\u00e7a alimentar.<\/p>\n<p>A presen\u00e7a da sociedade civil italiana \u00e9 significativa, com mais de 30 organiza\u00e7\u00f5es atuantes no pa\u00eds.<\/p>\n<p>Para mais informa\u00e7\u00f5es sobre as actividades da Coopera\u00e7\u00e3o Italiana em Mo\u00e7ambique, sugere-se consultar a p\u00e1gina web do Gabinete AICS (Ag\u00eancia Italiana de Coopera\u00e7\u00e3o para o Desenvolvimento) em Maputo no seguinte endere\u00e7o internet:\u00a0<a href=\"https:\/\/maputo.aics.gov.it\/\">https:\/\/maputo.aics.gov.it\/<\/a><\/p>\n","protected":false},"excerpt":{"rendered":"Mo\u00e7ambique \u00e9 historicamente um dos pa\u00edses priorit\u00e1rios da Coopera\u00e7\u00e3o Italiana. Na verdade, continua entre os mais pobres do mundo (185\u00ba entre 191 pa\u00edses no ranking de Desenvolvimento Humano das Na\u00e7\u00f5es Unidas para 2021) e sempre esteve ligado \u00e0 It\u00e1lia por uma forte amizade. Pretende-se assim continuar a apoiar activamente o seu desenvolvimento, em linha com [&hellip;]","protected":false},"author":1,"featured_media":0,"parent":202,"menu_order":6,"comment_status":"closed","ping_status":"closed","template":"","meta":{"footnotes":""},"class_list":["post-244","page","type-page","status-publish","hentry"],"_links":{"self":[{"href":"https:\/\/ambmaputo.esteri.it\/pt-pt\/wp-json\/wp\/v2\/pages\/244","targetHints":{"allow":["GET"]}}],"collection":[{"href":"https:\/\/ambmaputo.esteri.it\/pt-pt\/wp-json\/wp\/v2\/pages"}],"about":[{"href":"https:\/\/ambmaputo.esteri.it\/pt-pt\/wp-json\/wp\/v2\/types\/page"}],"author":[{"embeddable":true,"href":"https:\/\/ambmaputo.esteri.it\/pt-pt\/wp-json\/wp\/v2\/users\/1"}],"replies":[{"embeddable":true,"href":"https:\/\/ambmaputo.esteri.it\/pt-pt\/wp-json\/wp\/v2\/comments?post=244"}],"version-history":[{"count":2,"href":"https:\/\/ambmaputo.esteri.it\/pt-pt\/wp-json\/wp\/v2\/pages\/244\/revisions"}],"predecessor-version":[{"id":581,"href":"https:\/\/ambmaputo.esteri.it\/pt-pt\/wp-json\/wp\/v2\/pages\/244\/revisions\/581"}],"up":[{"embeddable":true,"href":"https:\/\/ambmaputo.esteri.it\/pt-pt\/wp-json\/wp\/v2\/pages\/202"}],"wp:attachment":[{"href":"https:\/\/ambmaputo.esteri.it\/pt-pt\/wp-json\/wp\/v2\/media?parent=244"}],"curies":[{"name":"wp","href":"https:\/\/api.w.org\/{rel}","templated":true}]}}