{"id":242,"date":"2023-04-11T18:10:55","date_gmt":"2023-04-11T16:10:55","guid":{"rendered":"https:\/\/ambmaputo.esteri.it\/italia-e-mozambico\/diplomazia-scientifica\/"},"modified":"2024-10-28T09:59:56","modified_gmt":"2024-10-28T07:59:56","slug":"diplomazia-scientifica","status":"publish","type":"page","link":"https:\/\/ambmaputo.esteri.it\/pt-pt\/italia-e-mozambico\/diplomazia-scientifica\/","title":{"rendered":"Diplomacia cient\u00edfica"},"content":{"rendered":"<p style=\"text-align: justify;\">A coopera\u00e7\u00e3o cient\u00edfica com Mo\u00e7ambique traduz-se em numerosas actividades interuniversit\u00e1rias de investiga\u00e7\u00e3o e forma\u00e7\u00e3o em dom\u00ednios como a biologia, a medicina, a geologia, a agronomia, a engenharia qu\u00edmica e ambiental, o ordenamento do territ\u00f3rio, a educa\u00e7\u00e3o, as pol\u00edticas de g\u00e9nero, a antropologia e a economia.<\/p>\n<p style=\"text-align: justify;\">O Acordo de Coopera\u00e7\u00e3o Cultural, Cient\u00edfica e Tecnol\u00f3gica entre a It\u00e1lia e Mo\u00e7ambique, assinado em 2007 e j\u00e1 ratificado por Mo\u00e7ambique, est\u00e1 tamb\u00e9m a ser ratificado pela parte italiana. De um modo geral, a coopera\u00e7\u00e3o cultural entre os dois pa\u00edses est\u00e1 a conhecer um relan\u00e7amento, gra\u00e7as tamb\u00e9m ao programa \u201cIt\u00e1lia, Cultura, \u00c1frica\u201d promovido pelo MAECI para 2019.<\/p>\n<p style=\"text-align: justify;\">As actividades de coopera\u00e7\u00e3o cient\u00edfica e tecnol\u00f3gica s\u00e3o realizadas principalmente na principal universidade p\u00fablica do pa\u00eds, a Universidade Eduardo Mondlane (UEM), nos dom\u00ednios da sa\u00fade p\u00fablica, do ambiente, da produ\u00e7\u00e3o agropecu\u00e1ria, do ordenamento do territ\u00f3rio e do desenvolvimento local. O empenhamento financeiro da It\u00e1lia no apoio \u00e0 UEM traduziu-se na atribui\u00e7\u00e3o de mais de 25 milh\u00f5es de euros ao longo dos anos. Com a UEM, est\u00e3o em curso 25 projectos de investiga\u00e7\u00e3o nos dom\u00ednios das ci\u00eancias biom\u00e9dicas e das ci\u00eancias aplicadas ao ordenamento do territ\u00f3rio. Foram tamb\u00e9m criados v\u00e1rios centros de excel\u00eancia: de particular import\u00e2ncia \u00e9 o \u201cCentro de Biotecnologia\u201d cofinanciado pela Coopera\u00e7\u00e3o Italiana e pelas Universidades de Sassari e Roma La Sapienza.<\/p>\n<p style=\"text-align: justify;\">A UEM organiza tamb\u00e9m regularmente, com o apoio da nossa coopera\u00e7\u00e3o, cursos de mestrado de p\u00f3s-gradua\u00e7\u00e3o em biotecnologia, gest\u00e3o e planeamento de aglomerados urbanos informais, ensino agr\u00edcola, coopera\u00e7\u00e3o internacional, educa\u00e7\u00e3o inclusiva, ensino \u00e0 dist\u00e2ncia, geologia do petr\u00f3leo e do g\u00e1s e anatomia patol\u00f3gica.<\/p>\n","protected":false},"excerpt":{"rendered":"A coopera\u00e7\u00e3o cient\u00edfica com Mo\u00e7ambique traduz-se em numerosas actividades interuniversit\u00e1rias de investiga\u00e7\u00e3o e forma\u00e7\u00e3o em dom\u00ednios como a biologia, a medicina, a geologia, a agronomia, a engenharia qu\u00edmica e ambiental, o ordenamento do territ\u00f3rio, a educa\u00e7\u00e3o, as pol\u00edticas de g\u00e9nero, a antropologia e a economia. O Acordo de Coopera\u00e7\u00e3o Cultural, Cient\u00edfica e Tecnol\u00f3gica entre a [&hellip;]","protected":false},"author":1,"featured_media":0,"parent":202,"menu_order":4,"comment_status":"closed","ping_status":"closed","template":"","meta":{"footnotes":""},"class_list":["post-242","page","type-page","status-publish","hentry"],"_links":{"self":[{"href":"https:\/\/ambmaputo.esteri.it\/pt-pt\/wp-json\/wp\/v2\/pages\/242","targetHints":{"allow":["GET"]}}],"collection":[{"href":"https:\/\/ambmaputo.esteri.it\/pt-pt\/wp-json\/wp\/v2\/pages"}],"about":[{"href":"https:\/\/ambmaputo.esteri.it\/pt-pt\/wp-json\/wp\/v2\/types\/page"}],"author":[{"embeddable":true,"href":"https:\/\/ambmaputo.esteri.it\/pt-pt\/wp-json\/wp\/v2\/users\/1"}],"replies":[{"embeddable":true,"href":"https:\/\/ambmaputo.esteri.it\/pt-pt\/wp-json\/wp\/v2\/comments?post=242"}],"version-history":[{"count":5,"href":"https:\/\/ambmaputo.esteri.it\/pt-pt\/wp-json\/wp\/v2\/pages\/242\/revisions"}],"predecessor-version":[{"id":9654,"href":"https:\/\/ambmaputo.esteri.it\/pt-pt\/wp-json\/wp\/v2\/pages\/242\/revisions\/9654"}],"up":[{"embeddable":true,"href":"https:\/\/ambmaputo.esteri.it\/pt-pt\/wp-json\/wp\/v2\/pages\/202"}],"wp:attachment":[{"href":"https:\/\/ambmaputo.esteri.it\/pt-pt\/wp-json\/wp\/v2\/media?parent=242"}],"curies":[{"name":"wp","href":"https:\/\/api.w.org\/{rel}","templated":true}]}}