{"id":217,"date":"2023-04-11T18:08:31","date_gmt":"2023-04-11T16:08:31","guid":{"rendered":"https:\/\/ambmaputo.esteri.it\/chi-siamo\/la-rete-consolare\/"},"modified":"2024-10-25T09:56:41","modified_gmt":"2024-10-25T07:56:41","slug":"la-rete-consolare","status":"publish","type":"page","link":"https:\/\/ambmaputo.esteri.it\/pt-pt\/chi-siamo\/la-rete-consolare\/","title":{"rendered":"A Rede Consular"},"content":{"rendered":"<h5><strong>Esuatini<\/strong><\/h5>\n<p><strong>Consulado Honor\u00e1rio \u2013 Esuatini<br \/>\n<\/strong>C\u00f4nsul Honor\u00e1rio Roberto Russo<br \/>\nPlot 179, 1st Street, Matsapha<br \/>\nTel:\u00a0<span class=\"baec5a81-e4d6-4674-97f3-e9220f0136c1\">+268 2518 7797<\/span>\u00a0(escritorio)<br \/>\n<span class=\"baec5a81-e4d6-4674-97f3-e9220f0136c1\">Telemovel: +268 7602 2882<\/span><br \/>\nE-mail: <a href=\"mailto:mbabane.onorario@esteri.it\">mbabane.onorario@esteri.it<\/a><br \/>\nHorario de abertura ao publico: de segunda a sexta feira das 9:00 as 15:00<br \/>\n<a href=\"https:\/\/ambmaputo.esteri.it\/wp-content\/uploads\/2023\/10\/decreto_russo.pdf\">Decreto de limita\u00e7\u00e3o das fun\u00e7\u00f5es consulares<\/a><\/p>\n<p>Correspondente Consular Marzio D&#8217;Orsi<br \/>\nMantenga Drive, Ezulwini<br \/>\nTel:\u00a0<span class=\"baec5a81-e4d6-4674-97f3-e9220f0136c1\">+268 76042535<\/span><br \/>\nE-mail: <a href=\"mailto:dorsimmg@gmail.com\">dorsimmg@gmail.com<\/a><\/p>\n<h5><strong>Botsuana<\/strong><\/h5>\n<p><strong>Vice-Consulado Honor\u00e1rio &#8211; Botsuana<br \/>\n<\/strong>Vice-C\u00f4nsul Honor\u00e1rio Guido Renato Giovanni Giachetti<br \/>\nLejara Road, Lote 5624, Broadhurst Ind.<br \/>\nP.O. Box 495, Gaborone<br \/>\nWhatsApp: +267 72300110<br \/>\nFax:\u00a0<span class=\"baec5a81-e4d6-4674-97f3-e9220f0136c1\">+267 3973441<br \/>\nE-mail: <a href=\"mailto:givenm@rdc.bw\">givenm@rdc.bw<\/a> <a href=\"mailto:gaborone.onorario@esteri.it\"><br \/>\n<\/a><\/span><a href=\"https:\/\/ambmaputo.esteri.it\/wp-content\/uploads\/2023\/10\/Decreto_Giachetti.pdf\">Decreto de limita\u00e7\u00e3o das fun\u00e7\u00f5es consulares<\/a><\/p>\n<h5><strong>Mo\u00e7ambique<\/strong><\/h5>\n<p><strong>Correspondente Consular \u2013 Pemba<\/strong><br \/>\n(compet\u00eancia para toda a Provincia de Cabo Delgado)<br \/>\nCorrespondente Consular: Luigi Giglio<br \/>\nRua Jer\u00f3nimo Romero, pr\u00e9dio CoWork<br \/>\nTel: +258 848164119<br \/>\nE-mail <a href=\"mailto:geom.giglioluigi@gmail.com\">geom.giglioluigi@gmail.com<\/a><br \/>\nHorario de abertura ao publico: de segunda a sexta feira das 7:30 as 17:30<\/p>\n<p><strong>Consulado Geral de Portugal na Beira<\/strong><br \/>\n(Gabinete respons\u00e1vel pelo processamento dos pedidos de visto Schengen apresentados por pessoas que residam mais perto daquela cidade do que de Maputo)<br \/>\nRua Ant\u00f3nio Enes, 148\/149 \u2013 2\u00ba andar<br \/>\nCaixa Postal n.\u00ba 1996, Beira<br \/>\nTel. +(258) 233 260 66\/76<br \/>\nTel. +(258) 233 222 96<br \/>\nE-mail: <a href=\"mailto:consulado.beira@mne.pt\">consulado.beira@mne.pt<\/a><br \/>\n<a href=\"https:\/\/beira.consuladoportugal.mne.gov.pt\/pt\/\">https:\/\/beira.consuladoportugal.mne.gov.pt\/pt\/<\/a><\/p>\n","protected":false},"excerpt":{"rendered":"Esuatini Consulado Honor\u00e1rio \u2013 Esuatini C\u00f4nsul Honor\u00e1rio Roberto Russo Plot 179, 1st Street, Matsapha Tel:\u00a0+268 2518 7797\u00a0(escritorio) Telemovel: +268 7602 2882 E-mail: mbabane.onorario@esteri.it Horario de abertura ao publico: de segunda a sexta feira das 9:00 as 15:00 Decreto de limita\u00e7\u00e3o das fun\u00e7\u00f5es consulares Correspondente Consular Marzio D&#8217;Orsi Mantenga Drive, Ezulwini Tel:\u00a0+268 76042535 E-mail: dorsimmg@gmail.com Botsuana [&hellip;]","protected":false},"author":1,"featured_media":0,"parent":168,"menu_order":8,"comment_status":"closed","ping_status":"closed","template":"","meta":{"footnotes":""},"class_list":["post-217","page","type-page","status-publish","hentry"],"_links":{"self":[{"href":"https:\/\/ambmaputo.esteri.it\/pt-pt\/wp-json\/wp\/v2\/pages\/217","targetHints":{"allow":["GET"]}}],"collection":[{"href":"https:\/\/ambmaputo.esteri.it\/pt-pt\/wp-json\/wp\/v2\/pages"}],"about":[{"href":"https:\/\/ambmaputo.esteri.it\/pt-pt\/wp-json\/wp\/v2\/types\/page"}],"author":[{"embeddable":true,"href":"https:\/\/ambmaputo.esteri.it\/pt-pt\/wp-json\/wp\/v2\/users\/1"}],"replies":[{"embeddable":true,"href":"https:\/\/ambmaputo.esteri.it\/pt-pt\/wp-json\/wp\/v2\/comments?post=217"}],"version-history":[{"count":6,"href":"https:\/\/ambmaputo.esteri.it\/pt-pt\/wp-json\/wp\/v2\/pages\/217\/revisions"}],"predecessor-version":[{"id":9609,"href":"https:\/\/ambmaputo.esteri.it\/pt-pt\/wp-json\/wp\/v2\/pages\/217\/revisions\/9609"}],"up":[{"embeddable":true,"href":"https:\/\/ambmaputo.esteri.it\/pt-pt\/wp-json\/wp\/v2\/pages\/168"}],"wp:attachment":[{"href":"https:\/\/ambmaputo.esteri.it\/pt-pt\/wp-json\/wp\/v2\/media?parent=217"}],"curies":[{"name":"wp","href":"https:\/\/api.w.org\/{rel}","templated":true}]}}