{"id":211,"date":"2023-04-11T18:10:45","date_gmt":"2023-04-11T16:10:45","guid":{"rendered":"https:\/\/ambmaputo.esteri.it\/italia-e-mozambico\/diplomazia-culturale\/"},"modified":"2023-11-15T14:32:23","modified_gmt":"2023-11-15T12:32:23","slug":"diplomazia-culturale","status":"publish","type":"page","link":"https:\/\/ambmaputo.esteri.it\/pt-pt\/italia-e-mozambico\/diplomazia-culturale\/","title":{"rendered":"Diplomacia cultural"},"content":{"rendered":"<p><strong>L\u00edngua e cultura italiana em Mo\u00e7ambique<\/strong><\/p>\n<p>A promo\u00e7\u00e3o da l\u00edngua e da cultura italiana desenvolve-se nas seguintes linhas:<\/p>\n<p><strong>Ensino<br \/>\n<\/strong>A escola privada italiana &#8220;Giovanni Falcone&#8221; funciona em Maputo, com cerca de cem alunos do jardim de inf\u00e2ncia e da escola prim\u00e1ria. A Embaixada colabora ativamente com a\u00a0<a href=\"https:\/\/www.facebook.com\/dantemaputo\/\">Associa\u00e7\u00e3o Dante Alighieri<\/a>\u00a0local, que oferece cursos de italiano certificados PLIDA e participa em iniciativas culturais com o objetivo de colabora\u00e7\u00e3o sin\u00e9rgica. Por fim, o ensino do italiano est\u00e1 presente no Semin\u00e1rio Diocesano Pio X e na Universidade S\u00e3o Tom\u00e1s como curso curricular.<\/p>\n<p><strong>Eventos culturais e semanas tem\u00e1ticas<br \/>\n<\/strong>Todos os anos, a Embaixada organiza v\u00e1rios eventos culturais: o Festival de Cinema Italiano em maio; a Semana da L\u00edngua Italiana em outubro, junto com a\u00a0<a href=\"https:\/\/www.facebook.com\/dantemaputo\/\">Associa\u00e7\u00e3o Dante Alighieri<\/a>; o Festival de Jazz It\u00e1lia-Mo\u00e7ambique tamb\u00e9m em outubro; a Semana da Cozinha Italiana em novembro em colabora\u00e7\u00e3o com o\u00a0<a href=\"https:\/\/www.ice.it\/it\/mercati\/mozambico\">ICE Office &#8211; Ag\u00eancia de Maputo<\/a>\u00a0e com operadores italianos e locais do sector; Cr\u00edticas cinematogr\u00e1ficas com filmes italianos, tamb\u00e9m no \u00e2mbito do European Film Festival, com as Embaixadas dos pa\u00edses da Uni\u00e3o Europeia em Mo\u00e7ambique.<\/p>\n<p><strong>Bolsas para estudantes mo\u00e7ambicanos<br \/>\n<\/strong>A Embaixada divulga informa\u00e7\u00f5es sobre\u00a0<a href=\"https:\/\/www.esteri.it\/mae\/it\/servizi\/stranieri\/opportunita\/borsestudio_stranieri.html\">bolsas do Minist\u00e9rio de Rela\u00e7\u00f5es Exteriores e Coopera\u00e7\u00e3o Internacional<\/a>\u00a0e as diversas oportunidades de estudos na It\u00e1lia oferecidas por universidades p\u00fablicas e privadas.<\/p>\n","protected":false},"excerpt":{"rendered":"L\u00edngua e cultura italiana em Mo\u00e7ambique A promo\u00e7\u00e3o da l\u00edngua e da cultura italiana desenvolve-se nas seguintes linhas: Ensino A escola privada italiana &#8220;Giovanni Falcone&#8221; funciona em Maputo, com cerca de cem alunos do jardim de inf\u00e2ncia e da escola prim\u00e1ria. A Embaixada colabora ativamente com a\u00a0Associa\u00e7\u00e3o Dante Alighieri\u00a0local, que oferece cursos de italiano certificados [&hellip;]","protected":false},"author":1,"featured_media":0,"parent":202,"menu_order":2,"comment_status":"closed","ping_status":"closed","template":"","meta":{"footnotes":""},"class_list":["post-211","page","type-page","status-publish","hentry"],"_links":{"self":[{"href":"https:\/\/ambmaputo.esteri.it\/pt-pt\/wp-json\/wp\/v2\/pages\/211","targetHints":{"allow":["GET"]}}],"collection":[{"href":"https:\/\/ambmaputo.esteri.it\/pt-pt\/wp-json\/wp\/v2\/pages"}],"about":[{"href":"https:\/\/ambmaputo.esteri.it\/pt-pt\/wp-json\/wp\/v2\/types\/page"}],"author":[{"embeddable":true,"href":"https:\/\/ambmaputo.esteri.it\/pt-pt\/wp-json\/wp\/v2\/users\/1"}],"replies":[{"embeddable":true,"href":"https:\/\/ambmaputo.esteri.it\/pt-pt\/wp-json\/wp\/v2\/comments?post=211"}],"version-history":[{"count":4,"href":"https:\/\/ambmaputo.esteri.it\/pt-pt\/wp-json\/wp\/v2\/pages\/211\/revisions"}],"predecessor-version":[{"id":546,"href":"https:\/\/ambmaputo.esteri.it\/pt-pt\/wp-json\/wp\/v2\/pages\/211\/revisions\/546"}],"up":[{"embeddable":true,"href":"https:\/\/ambmaputo.esteri.it\/pt-pt\/wp-json\/wp\/v2\/pages\/202"}],"wp:attachment":[{"href":"https:\/\/ambmaputo.esteri.it\/pt-pt\/wp-json\/wp\/v2\/media?parent=211"}],"curies":[{"name":"wp","href":"https:\/\/api.w.org\/{rel}","templated":true}]}}