{"id":206,"date":"2023-04-11T18:24:01","date_gmt":"2023-04-11T16:24:01","guid":{"rendered":"https:\/\/ambmaputo.esteri.it\/italia-e-mozambico\/diplomazia-economica\/fare-affari-in-italia\/"},"modified":"2023-10-12T10:54:28","modified_gmt":"2023-10-12T08:54:28","slug":"fare-affari-in-italia","status":"publish","type":"page","link":"https:\/\/ambmaputo.esteri.it\/pt-pt\/italia-e-mozambico\/diplomazia-economica\/fare-affari-in-italia\/","title":{"rendered":"Fazendo neg\u00f3cios na It\u00e1lia"},"content":{"rendered":"<p>A It\u00e1lia \u00e9 o sexto pa\u00eds da \u00e1rea da OCDE e o quarto da Europa em termos de produto interno bruto. A produ\u00e7\u00e3o italiana representa mais de 13% do PIB da Uni\u00e3o Europeia.<br \/>\nPelas caracter\u00edsticas da estrutura produtiva, a composi\u00e7\u00e3o da It\u00e1lia por setores de atividade econ\u00f4mica \u00e9 semelhante \u00e0 dos principais pa\u00edses europeus, com 27,7% da produ\u00e7\u00e3o nos setores de manufatura e constru\u00e7\u00e3o e quase 70% no setor de servi\u00e7os. Dentro deste \u00faltimo setor, com\u00e9rcio, transporte e comunica\u00e7\u00f5es absorvem uma parcela maior do PIB do que a m\u00e9dia dos pa\u00edses europeus.<br \/>\nLocalizada no cora\u00e7\u00e3o do Mediterr\u00e2neo, a It\u00e1lia representa um centro crucial para liga\u00e7\u00f5es rodovi\u00e1rias, mar\u00edtimas e a\u00e9reas entre o norte e o sul da Europa.<br \/>\nO mercado italiano oferece in\u00fameras oportunidades de expans\u00e3o de neg\u00f3cios, com quase 60 milh\u00f5es de consumidores e um PIB que ocupa o quarto lugar na Europa.<br \/>\nGra\u00e7as \u00e0 sua localiza\u00e7\u00e3o estrat\u00e9gica, a It\u00e1lia permite que voc\u00ea alcance facilmente 396 milh\u00f5es de consumidores em outros estados da Uni\u00e3o Europeia e 240 milh\u00f5es no Norte da \u00c1frica e no Oriente M\u00e9dio.<br \/>\nConquistou uma posi\u00e7\u00e3o de lideran\u00e7a (11% do market share europeu), com um faturamento de aproximadamente 65 bilh\u00f5es de euros.<br \/>\nNa Europa, a It\u00e1lia ocupa o primeiro lugar como o pa\u00eds com o menor custo de liquida\u00e7\u00e3o para o setor de biotecnologia e o segundo para testes de produtos em pesquisa e desenvolvimento, qu\u00edmica e eletr\u00f4nica.<\/p>\n","protected":false},"excerpt":{"rendered":"A It\u00e1lia \u00e9 o sexto pa\u00eds da \u00e1rea da OCDE e o quarto da Europa em termos de produto interno bruto. A produ\u00e7\u00e3o italiana representa mais de 13% do PIB da Uni\u00e3o Europeia. Pelas caracter\u00edsticas da estrutura produtiva, a composi\u00e7\u00e3o da It\u00e1lia por setores de atividade econ\u00f4mica \u00e9 semelhante \u00e0 dos principais pa\u00edses europeus, com [&hellip;]","protected":false},"author":1,"featured_media":0,"parent":204,"menu_order":0,"comment_status":"closed","ping_status":"closed","template":"","meta":{"footnotes":""},"class_list":["post-206","page","type-page","status-publish","hentry"],"_links":{"self":[{"href":"https:\/\/ambmaputo.esteri.it\/pt-pt\/wp-json\/wp\/v2\/pages\/206","targetHints":{"allow":["GET"]}}],"collection":[{"href":"https:\/\/ambmaputo.esteri.it\/pt-pt\/wp-json\/wp\/v2\/pages"}],"about":[{"href":"https:\/\/ambmaputo.esteri.it\/pt-pt\/wp-json\/wp\/v2\/types\/page"}],"author":[{"embeddable":true,"href":"https:\/\/ambmaputo.esteri.it\/pt-pt\/wp-json\/wp\/v2\/users\/1"}],"replies":[{"embeddable":true,"href":"https:\/\/ambmaputo.esteri.it\/pt-pt\/wp-json\/wp\/v2\/comments?post=206"}],"version-history":[{"count":2,"href":"https:\/\/ambmaputo.esteri.it\/pt-pt\/wp-json\/wp\/v2\/pages\/206\/revisions"}],"predecessor-version":[{"id":502,"href":"https:\/\/ambmaputo.esteri.it\/pt-pt\/wp-json\/wp\/v2\/pages\/206\/revisions\/502"}],"up":[{"embeddable":true,"href":"https:\/\/ambmaputo.esteri.it\/pt-pt\/wp-json\/wp\/v2\/pages\/204"}],"wp:attachment":[{"href":"https:\/\/ambmaputo.esteri.it\/pt-pt\/wp-json\/wp\/v2\/media?parent=206"}],"curies":[{"name":"wp","href":"https:\/\/api.w.org\/{rel}","templated":true}]}}