{"id":204,"date":"2023-04-11T18:10:30","date_gmt":"2023-04-11T16:10:30","guid":{"rendered":"https:\/\/ambmaputo.esteri.it\/italia-e-mozambico\/diplomazia-economica\/"},"modified":"2026-04-15T14:37:57","modified_gmt":"2026-04-15T12:37:57","slug":"diplomazia-economica","status":"publish","type":"page","link":"https:\/\/ambmaputo.esteri.it\/pt-pt\/italia-e-mozambico\/diplomazia-economica\/","title":{"rendered":"Diplomacia econ\u00f4mica"},"content":{"rendered":"<p class=\"boxLevel03\" style=\"text-align: justify;\">Mo\u00e7ambique representa um importante parceiro da It\u00e1lia no continente africano em termos de coopera\u00e7\u00e3o econ\u00f3mica e comercial. At\u00e9 2016, o pa\u00eds registou taxas de crescimento das mais elevadas da \u00c1frica subsariana, suportadas em particular pelas atividades no setor mineiro e energ\u00e9tico, bem como pelos investimentos em infraestruturas. Em 2022, o crescimento econ\u00f3mico de Mo\u00e7ambique rondou os 4%, um aumento acentuado face aos anos da pandemia de Covid-19.<\/p>\n<p class=\"boxLevel03\" style=\"text-align: justify;\">Em 2022 a It\u00e1lia confirmou o seu lugar entre os principais investidores europeus em Mo\u00e7ambique, com cerca de 155 milh\u00f5es de d\u00f3lares (segundo dados do Banco Central local), registando um decr\u00e9scimo face a 2021, ano em que o IDE italiano ascendeu a 200 milh\u00f5es de d\u00f3lares. De qualquer forma, a It\u00e1lia ocupa o quarto lugar em n\u00edvel de IDE, depois de Maur\u00edcio, Holanda e Emirados \u00c1rabes Unidos.<\/p>\n<p class=\"boxLevel03\" style=\"text-align: justify;\">O com\u00e9rcio bilateral ainda \u00e9 relativamente limitado e em 2022 atingiu os 915 milh\u00f5es de euros, registando um aumento acentuado face a 2021 (mais de 90%), aproximando-se dos n\u00edveis recordes de 2018. As importa\u00e7\u00f5es de Mo\u00e7ambique mais do que duplicaram (+113%), atingindo mais de 860 milh\u00f5es de euros, enquanto as exporta\u00e7\u00f5es italianas para Mo\u00e7ambique diminu\u00edram (cerca de 57 milh\u00f5es de euros, -25% face a 2021). A balan\u00e7a comercial, tradicionalmente desequilibrada a favor de Mo\u00e7ambique, atingiu um d\u00e9fice de 803 milh\u00f5es de euros em 2022.<\/p>\n<p class=\"boxLevel03\" style=\"text-align: justify;\">At\u00e9 o momento, existem cerca de cinquenta empresas italianas no pa\u00eds, principalmente ativas nos setores de hidrocarbonetos, constru\u00e7\u00e3o e infraestrutura, turismo, log\u00edstica e transporte, bens de consumo.<\/p>\n<p class=\"boxLevel03\" style=\"text-align: justify;\">As expectativas de crescimento de Mo\u00e7ambique s\u00e3o positivas. As descobertas de enormes dep\u00f3sitos de g\u00e1s natural (pela ENI e Anadarko) e da riqueza mineral do pa\u00eds (carv\u00e3o, grafite e areia pesada em particular) poder\u00e3o continuar a atrair um importante fluxo de investimentos directos estrangeiros a m\u00e9dio prazo, alimentando tamb\u00e9m actividades conexas, criando assim novos espa\u00e7os tamb\u00e9m para as PME. Em particular, a ENI (num cons\u00f3rcio a par da americana ExxonMobil) iniciou j\u00e1 em 2017 um projeto off-shore de extra\u00e7\u00e3o e liquefa\u00e7\u00e3o de g\u00e1s natural (Coral Sud). Este \u00faltimo projeto entrou em opera\u00e7\u00e3o e a primeira carga de GNL saiu em novembro de 2022. O FMI estima que no tri\u00eanio 2023-2025 o crescimento econ\u00f4mico atinja taxas de 6% ao ano sustentado pelo setor extrativo (concentrado em particular em GNL , cuja extrac\u00e7\u00e3o se iniciou em 2022) e da exporta\u00e7\u00e3o de mat\u00e9rias-primas n\u00e3o transformadas.<\/p>\n<p class=\"boxLevel03\" style=\"text-align: justify;\">Em termos de ajuda oficial ao desenvolvimento (APD), a It\u00e1lia tem investido significativamente em Mo\u00e7ambique, o primeiro pa\u00eds benefici\u00e1rio da Coopera\u00e7\u00e3o Italiana: entre 1992 e 2014, foram doados 538 milh\u00f5es de euros, al\u00e9m de dois cancelamentos de d\u00edvida em 1996 (154,3 milh\u00f5es de euros) e em 2002 (557,3 milh\u00f5es). Em 2022, as iniciativas de desenvolvimento e humanit\u00e1rias promovidas pela Ag\u00eancia Italiana de Coopera\u00e7\u00e3o para o Desenvolvimento em Maputo ascenderam a cerca de 243 milh\u00f5es de euros, incluindo donativos e empr\u00e9stimos bonificados. Por ocasi\u00e3o da visita do Presidente da Rep\u00fablica Sergio Mattarella, em julho de 2022, foi assinado um Plano Indicativo Plurianual (PIP) 2022-2026 no valor total de 85 milh\u00f5es de euros (dos quais 50 a cr\u00e9dito, para os primeiros tr\u00eas anos ).<\/p>\n","protected":false},"excerpt":{"rendered":"Mo\u00e7ambique representa um importante parceiro da It\u00e1lia no continente africano em termos de coopera\u00e7\u00e3o econ\u00f3mica e comercial. At\u00e9 2016, o pa\u00eds registou taxas de crescimento das mais elevadas da \u00c1frica subsariana, suportadas em particular pelas atividades no setor mineiro e energ\u00e9tico, bem como pelos investimentos em infraestruturas. Em 2022, o crescimento econ\u00f3mico de Mo\u00e7ambique rondou [&hellip;]","protected":false},"author":1,"featured_media":0,"parent":202,"menu_order":0,"comment_status":"closed","ping_status":"closed","template":"","meta":{"footnotes":""},"class_list":["post-204","page","type-page","status-publish","hentry"],"_links":{"self":[{"href":"https:\/\/ambmaputo.esteri.it\/pt-pt\/wp-json\/wp\/v2\/pages\/204","targetHints":{"allow":["GET"]}}],"collection":[{"href":"https:\/\/ambmaputo.esteri.it\/pt-pt\/wp-json\/wp\/v2\/pages"}],"about":[{"href":"https:\/\/ambmaputo.esteri.it\/pt-pt\/wp-json\/wp\/v2\/types\/page"}],"author":[{"embeddable":true,"href":"https:\/\/ambmaputo.esteri.it\/pt-pt\/wp-json\/wp\/v2\/users\/1"}],"replies":[{"embeddable":true,"href":"https:\/\/ambmaputo.esteri.it\/pt-pt\/wp-json\/wp\/v2\/comments?post=204"}],"version-history":[{"count":3,"href":"https:\/\/ambmaputo.esteri.it\/pt-pt\/wp-json\/wp\/v2\/pages\/204\/revisions"}],"predecessor-version":[{"id":10170,"href":"https:\/\/ambmaputo.esteri.it\/pt-pt\/wp-json\/wp\/v2\/pages\/204\/revisions\/10170"}],"up":[{"embeddable":true,"href":"https:\/\/ambmaputo.esteri.it\/pt-pt\/wp-json\/wp\/v2\/pages\/202"}],"wp:attachment":[{"href":"https:\/\/ambmaputo.esteri.it\/pt-pt\/wp-json\/wp\/v2\/media?parent=204"}],"curies":[{"name":"wp","href":"https:\/\/api.w.org\/{rel}","templated":true}]}}