{"id":202,"date":"2023-04-11T17:08:52","date_gmt":"2023-04-11T15:08:52","guid":{"rendered":"https:\/\/ambmaputo.esteri.it\/italia-e-mozambico\/"},"modified":"2023-11-15T14:00:54","modified_gmt":"2023-11-15T12:00:54","slug":"italia-e-mozambico","status":"publish","type":"page","link":"https:\/\/ambmaputo.esteri.it\/pt-pt\/italia-e-mozambico\/","title":{"rendered":"It\u00e1lia e Mo\u00e7ambique"},"content":{"rendered":"<p>As rela\u00e7\u00f5es entre a It\u00e1lia e Mo\u00e7ambique baseiam-se numa amizade s\u00f3lida e profunda, que come\u00e7ou mesmo antes da independ\u00eancia na d\u00e9cada de 70. Em seguida, refor\u00e7aram-se significativamente com o papel de mediador desempenhado pela It\u00e1lia durante as negocia\u00e7\u00f5es que culminaram com a assinatura do Acordo de Paz de Roma em 4 de Outubro de 1992, que p\u00f4s fim a 16 anos de guerra civil que devastou o Pa\u00eds. Tamb\u00e9m se devem mencionar as numerosas interven\u00e7\u00f5es da Coopera\u00e7\u00e3o para o Desenvolvimento nos \u00faltimos 30 anos, em rela\u00e7\u00e3o \u00e0s quais as autoridades mo\u00e7ambicanas est\u00e3o sinceramente gratas e que contribu\u00edram para tornar a It\u00e1lia um dos principais parceiros de Mo\u00e7ambique. Intensas s\u00e3o tamb\u00e9m as rela\u00e7\u00f5es existentes ao n\u00edvel dos governos locais e organiza\u00e7\u00f5es da sociedade civil.<\/p>\n<p>Nesta fase, apesar das restri\u00e7\u00f5es or\u00e7amentais conhecidas, a It\u00e1lia continua a ser um parceiro importante, tanto em termos de coopera\u00e7\u00e3o para o desenvolvimento como noutros sectores importantes das rela\u00e7\u00f5es bilaterais como o econ\u00f3mico-comercial e cultural. Nos \u00faltimos anos, gra\u00e7as \u00e0 pol\u00edtica de apoio adoptada pela Embaixada com o apoio do Minist\u00e9rio dos Neg\u00f3cios Estrangeiros, tamb\u00e9m as rela\u00e7\u00f5es econ\u00f3micas e comerciais melhoraram significativamente, amplificadas pela recente descoberta de grandes dep\u00f3sitos de g\u00e1s natural feita pela ENI na bacia o rio Rovuma, no norte do Pa\u00eds.<\/p>\n<p>A n\u00edvel multilateral, a It\u00e1lia e Mo\u00e7ambique mant\u00eam um di\u00e1logo construtivo em todos os principais f\u00f3runs internacionais.<\/p>\n<p><strong>ITALOMOZ HISTORIA<\/strong><\/p>\n<p>A hist\u00f3rica rela\u00e7\u00e3o bilateral entre It\u00e1lia e Mo\u00e7ambique \u00e9 objecto de um projecto espec\u00edfico concebido pela Embaixada para criar um arquivo online que ilustre a hist\u00f3ria da coopera\u00e7\u00e3o entre os dois pa\u00edses de 1964 a 1994, com informa\u00e7\u00f5es e documentos que mostram o percurso das rela\u00e7\u00f5es durante o Guerra da Independ\u00eancia e os primeiros anos cruciais ap\u00f3s a descoloniza\u00e7\u00e3o. O projeto (em portugu\u00eas) foi idealizado pela Embaixada da It\u00e1lia em Mo\u00e7ambique, produzido pela empresa PROMARTE e pode ser encontrado no seguinte endere\u00e7o: <a href=\"https:\/\/italomozhistoria.com\/\">https:\/\/italomozhistoria.com\/<\/a><\/p>\n","protected":false},"excerpt":{"rendered":"As rela\u00e7\u00f5es entre a It\u00e1lia e Mo\u00e7ambique baseiam-se numa amizade s\u00f3lida e profunda, que come\u00e7ou mesmo antes da independ\u00eancia na d\u00e9cada de 70. Em seguida, refor\u00e7aram-se significativamente com o papel de mediador desempenhado pela It\u00e1lia durante as negocia\u00e7\u00f5es que culminaram com a assinatura do Acordo de Paz de Roma em 4 de Outubro de 1992, [&hellip;]","protected":false},"author":1,"featured_media":0,"parent":0,"menu_order":4,"comment_status":"closed","ping_status":"closed","template":"","meta":{"footnotes":""},"class_list":["post-202","page","type-page","status-publish","hentry"],"_links":{"self":[{"href":"https:\/\/ambmaputo.esteri.it\/pt-pt\/wp-json\/wp\/v2\/pages\/202","targetHints":{"allow":["GET"]}}],"collection":[{"href":"https:\/\/ambmaputo.esteri.it\/pt-pt\/wp-json\/wp\/v2\/pages"}],"about":[{"href":"https:\/\/ambmaputo.esteri.it\/pt-pt\/wp-json\/wp\/v2\/types\/page"}],"author":[{"embeddable":true,"href":"https:\/\/ambmaputo.esteri.it\/pt-pt\/wp-json\/wp\/v2\/users\/1"}],"replies":[{"embeddable":true,"href":"https:\/\/ambmaputo.esteri.it\/pt-pt\/wp-json\/wp\/v2\/comments?post=202"}],"version-history":[{"count":4,"href":"https:\/\/ambmaputo.esteri.it\/pt-pt\/wp-json\/wp\/v2\/pages\/202\/revisions"}],"predecessor-version":[{"id":518,"href":"https:\/\/ambmaputo.esteri.it\/pt-pt\/wp-json\/wp\/v2\/pages\/202\/revisions\/518"}],"wp:attachment":[{"href":"https:\/\/ambmaputo.esteri.it\/pt-pt\/wp-json\/wp\/v2\/media?parent=202"}],"curies":[{"name":"wp","href":"https:\/\/api.w.org\/{rel}","templated":true}]}}