{"id":184,"date":"2023-04-11T18:07:19","date_gmt":"2023-04-11T16:07:19","guid":{"rendered":"https:\/\/ambmaputo.esteri.it\/chi-siamo\/numeri-di-emergenza\/"},"modified":"2024-05-23T09:25:11","modified_gmt":"2024-05-23T07:25:11","slug":"numeri-di-emergenza","status":"publish","type":"page","link":"https:\/\/ambmaputo.esteri.it\/pt-pt\/chi-siamo\/numeri-di-emergenza\/","title":{"rendered":"N\u00fameros de emerg\u00eancia"},"content":{"rendered":"<p><span style=\"text-decoration: underline;\">Apenas e exclusivamente para situa\u00e7\u00f5es de emerg\u00eancia comprovadas fora do hor\u00e1rio de expediente (por exemplo, para acidentes, pris\u00f5es, problemas de sa\u00fade graves e urgentes, etc.). Solicita\u00e7\u00f5es de pr\u00e1ticas consulares comuns, solicita\u00e7\u00f5es de informa\u00e7\u00f5es N\u00c3O ser\u00e3o levadas em considera\u00e7\u00e3o.\u00a0Por motivos de servi\u00e7o, as chamadas podem ser gravadas.<\/span><\/p>\n<p><strong><span class=\"baec5a81-e4d6-4674-97f3-e9220f0136c1\">+258 823039940<\/span><\/strong><span class=\"baec5a81-e4d6-4674-97f3-e9220f0136c1\">\u00a0(Tmcel, n\u00famero com aplicativo WhatsApp)<\/span><\/p>\n<p><strong>UNIDADE DE CRISE<\/strong> do Minist\u00e9rio das Rela\u00e7\u00f5es Exteriores em Roma (h24):<br \/>\nTel.:\u00a0<span class=\"baec5a81-e4d6-4674-97f3-e9220f0136c1\">+39 06 36225<\/span><br \/>\nE-mail:\u00a0<a href=\"mailto:unita.crisi@esteri.it\">unita.crisi@esteri.it<\/a><\/p>\n","protected":false},"excerpt":{"rendered":"Apenas e exclusivamente para situa\u00e7\u00f5es de emerg\u00eancia comprovadas fora do hor\u00e1rio de expediente (por exemplo, para acidentes, pris\u00f5es, problemas de sa\u00fade graves e urgentes, etc.). Solicita\u00e7\u00f5es de pr\u00e1ticas consulares comuns, solicita\u00e7\u00f5es de informa\u00e7\u00f5es N\u00c3O ser\u00e3o levadas em considera\u00e7\u00e3o.\u00a0Por motivos de servi\u00e7o, as chamadas podem ser gravadas. +258 823039940\u00a0(Tmcel, n\u00famero com aplicativo WhatsApp) UNIDADE DE CRISE [&hellip;]","protected":false},"author":1,"featured_media":0,"parent":168,"menu_order":6,"comment_status":"closed","ping_status":"closed","template":"","meta":{"footnotes":""},"class_list":["post-184","page","type-page","status-publish","hentry"],"_links":{"self":[{"href":"https:\/\/ambmaputo.esteri.it\/pt-pt\/wp-json\/wp\/v2\/pages\/184","targetHints":{"allow":["GET"]}}],"collection":[{"href":"https:\/\/ambmaputo.esteri.it\/pt-pt\/wp-json\/wp\/v2\/pages"}],"about":[{"href":"https:\/\/ambmaputo.esteri.it\/pt-pt\/wp-json\/wp\/v2\/types\/page"}],"author":[{"embeddable":true,"href":"https:\/\/ambmaputo.esteri.it\/pt-pt\/wp-json\/wp\/v2\/users\/1"}],"replies":[{"embeddable":true,"href":"https:\/\/ambmaputo.esteri.it\/pt-pt\/wp-json\/wp\/v2\/comments?post=184"}],"version-history":[{"count":7,"href":"https:\/\/ambmaputo.esteri.it\/pt-pt\/wp-json\/wp\/v2\/pages\/184\/revisions"}],"predecessor-version":[{"id":9026,"href":"https:\/\/ambmaputo.esteri.it\/pt-pt\/wp-json\/wp\/v2\/pages\/184\/revisions\/9026"}],"up":[{"embeddable":true,"href":"https:\/\/ambmaputo.esteri.it\/pt-pt\/wp-json\/wp\/v2\/pages\/168"}],"wp:attachment":[{"href":"https:\/\/ambmaputo.esteri.it\/pt-pt\/wp-json\/wp\/v2\/media?parent=184"}],"curies":[{"name":"wp","href":"https:\/\/api.w.org\/{rel}","templated":true}]}}