{"id":178,"date":"2023-09-21T16:01:27","date_gmt":"2023-09-21T14:01:27","guid":{"rendered":"https:\/\/ambmaputo.esteri.it\/chi-siamo\/contatti\/"},"modified":"2026-04-15T14:35:37","modified_gmt":"2026-04-15T12:35:37","slug":"contatti","status":"publish","type":"page","link":"https:\/\/ambmaputo.esteri.it\/pt-pt\/chi-siamo\/contatti\/","title":{"rendered":"Contatos"},"content":{"rendered":"<p><strong>EMBAIXADA DA ITALIA EM MAPUTO<\/strong><br \/>\nAv. Kenneth Kaunda, 387<br \/>\n976, Maputo<br \/>\nTel.: +258 20606560<br \/>\nE-mail: <a href=\"mailto:ambasciata.maputo@esteri.it\">ambasciata.maputo@esteri.it<\/a><br \/>\nPEC: <a href=\"mailto:amb.maputo@cert.esteri.it\">amb.maputo@cert.esteri.it<\/a><\/p>\n<p><em><strong>Hor\u00e1rio de abertura da Embaixada<\/strong><\/em><\/p>\n<p>Segunda: 08.00 &#8211; 17.00<br \/>\nTer\u00e7a: 08.00 &#8211; 15.30<br \/>\nQuarta: 08.00 &#8211; 15.30<br \/>\nQuinta: 08.00 &#8211; 15.30<br \/>\nSexta: 08.00 &#8211; 13.30<\/p>\n<p><em><strong>Hor\u00e1rio dos servi\u00e7os consulares<\/strong><\/em><\/p>\n<p>De segunda a sexta: 09.00 &#8211; 12.00<br \/>\nSegunda: 14.00 &#8211; 16.00<\/p>\n<p>&nbsp;<\/p>\n<p><strong>Apenas e exclusivamente para <span style=\"text-decoration: underline;\">situa\u00e7\u00f5es de emerg\u00eancia<\/span> comprovadas fora do hor\u00e1rio de expediente<\/strong> (por exemplo: para acidentes, pris\u00f5es, problemas de sa\u00fade graves e urgentes, etc. Solicita\u00e7\u00f5es de pr\u00e1ticas consulares comuns, solicita\u00e7\u00f5es de informa\u00e7\u00f5es N\u00c3O ser\u00e3o levadas em considera\u00e7\u00e3o. Por motivos de servi\u00e7o, as chamadas podem ser gravadas):<\/p>\n<p><strong><span class=\"baec5a81-e4d6-4674-97f3-e9220f0136c1\">+258 823039940 <\/span><\/strong><span class=\"baec5a81-e4d6-4674-97f3-e9220f0136c1\">(Tmcel, n\u00famero com aplicativo WhatsApp)<\/span><\/p>\n<p><strong>UNIDADE DE CRISE<\/strong> do Minist\u00e9rio dos Neg\u00f3cios Estrangeiros em Roma (h24):<br \/>\nTel.:\u00a0<span class=\"baec5a81-e4d6-4674-97f3-e9220f0136c1\">+39 06 36225<\/span><br \/>\nE-mail:\u00a0<a href=\"mailto:unita.crisi@esteri.it\">unita.crisi@esteri.it<\/a><\/p>\n<p><span lang=\"PT\"><strong>ICE\u00a0\u2013\u00a0Ag\u00eancia para a Promo\u00e7\u00e3o no estrangeiro Internacionaliza\u00e7\u00e3o da empresas Italianas<br \/>\n<\/strong><\/span><span lang=\"PT\">c\/o Ambasciata d\u2019Italia, Av. Kenneth Kaunda, 387 \u2013 Maputo<br \/>\n<\/span><span lang=\"PT\">Director: Dr. Giancarlo ALBANO<br \/>\n<\/span><span lang=\"PT\">Tel.: +258 20606550<br \/>\nFax: +258 20606559<br \/>\n<\/span><span lang=\"PT\">E-mail:\u00a0maputo@ice.it<br \/>\nWeb:\u00a0www.ice.it\/it\/mercati\/mozambico\/maputo<br \/>\nPara pedidos de assist\u00eancia \u00e0 sec\u00e7\u00e3o econ\u00f3mica e comercial, <a href=\"https:\/\/www.ice.it\/it\/area-clienti\/login\">clique aqui<\/a>.<br \/>\nPara informa\u00e7\u00f5es sobre concursos p\u00fablicos,<a href=\"https:\/\/www.ice.it\/it\/area-clienti\/ricerche\/opportunita-commerciali?idPaese=366\"> clique aqui<\/a>.<br \/>\n<\/span><\/p>\n<p><span lang=\"PT\"><strong>GABINETE\u00a0AICS\u00a0\u2013\u00a0Ag\u00eancia Italiana para a Coopera\u00e7\u00e3o ao Desenvolvimento<br \/>\n<\/strong>Rua Dami\u00e3o de G\u00f3is 381, Maputo<br \/>\nDirector: Dr. Paolo SERTOLI<br \/>\nTel. +258 21491782\/7\/8 \u2013 21498513<br \/>\n<\/span><span lang=\"PT\">E-mail:\u00a0<a href=\"mailto:maputo@aics.gov.it\">maputo@aics.gov.it<br \/>\n<\/a><\/span><span lang=\"PT\">Web:\u00a0<a title=\"Link para o site da AICS\" href=\"https:\/\/maputo.aics.gov.it\/\">https:\/\/maputo.aics.gov.it<\/a><\/span><\/p>\n<p><span lang=\"PT\"><strong>GABINETE DO ADIDO MILITAR<\/strong><br \/>\nCoronel <span class=\"baec5a81-e4d6-4674-97f3-e9220f0136c1\">Franco LINZALONE<\/span><br \/>\nc\/o Embaixada da Italia em Pretoria (Africa do Sul)<br \/>\nTel +27 12 3420026<br \/>\nFax +27 12 4302091<br \/>\nE-mail:\u00a0<a href=\"mailto:difeitalia.pretoria@smd.difesa.it\">difeitalia.pretoria@smd.difesa.it<\/a><\/span><\/p>\n<p><strong>Correspondente Consular \u2013 Pemba<\/strong><br \/>\n(compet\u00eancia para toda a Provincia de Cabo Delgado)<br \/>\nCorrespondente Consular: Luigi Giglio<br \/>\nRua Jer\u00f3nimo Romero, pr\u00e9dio CoWork<br \/>\nTel: +258 848164119<br \/>\nE-mail <a href=\"mailto:geom.giglioluigi@gmail.com\">geom.giglioluigi@gmail.com<\/a><br \/>\nHorario de abertura ao publico: de segunda a sexta feira das 7:30 as 17:30<\/p>\n<p><strong>Consulado Geral de Portugal na Beira<\/strong><br \/>\n(Gabinete respons\u00e1vel pelo processamento dos pedidos de visto Schengen apresentados por pessoas que residam mais perto daquela cidade do que de Maputo)<br \/>\nRua Ant\u00f3nio Enes, 148\/149 \u2013 2\u00ba andar<br \/>\nCaixa Postal n.\u00ba 1996, Beira<br \/>\nTel. +(258) 233 260 66\/76<br \/>\nTel. +(258) 233 222 96<br \/>\nE-mail: <a href=\"mailto:consulado.beira@mne.pt\">consulado.beira@mne.pt<\/a><br \/>\n<a href=\"https:\/\/beira.consuladoportugal.mne.gov.pt\/pt\/\">https:\/\/beira.consuladoportugal.mne.gov.pt\/pt\/<\/a><\/p>\n<p><strong>Consulado Honor\u00e1rio em Eswatini<br \/>\n<\/strong>Consul Honor\u00e1rio Roberto Russo<br \/>\nPlot 179, 1st Street, Matsapha<br \/>\nTel:\u00a0<span class=\"baec5a81-e4d6-4674-97f3-e9220f0136c1\">+268 25187797<br \/>\n<\/span>Cel: <span class=\"baec5a81-e4d6-4674-97f3-e9220f0136c1\">+268 76022882<br \/>\n<\/span>E-mail: <a href=\"mailto:mbabane.onorario@esteri.it\">mbabane.onorario@esteri.it<br \/>\n<\/a>E-mail: <a href=\"mailto:tenele@starpaint.co.za\">tenele@starpaint.co.za<\/a> (Sec. Sr. Tenele Mazibuko)<br \/>\nHor\u00e1rio de atendimento ao p\u00fablico: de segunda a sexta das 09h \u00e0s 15h<br \/>\n<a href=\"https:\/\/ambmaputo.esteri.it\/wp-content\/uploads\/2023\/10\/decreto_russo.pdf\">Decreto de limita\u00e7\u00e3o dos deveres consulares<\/a><\/p>\n<p>Correspondente Consular Marzio D\u2019Orsi<br \/>\nMantenga Drive, Ezulwini<br \/>\nTel:\u00a0<span class=\"baec5a81-e4d6-4674-97f3-e9220f0136c1\">+268 76042535<\/span><br \/>\nE-mail: <a href=\"mailto:dorsimmg@gmail.com\">dorsimmg@gmail.com<\/a><\/p>\n<p><strong>Vice-Consulado Honor\u00e1rio em Botsuana<br \/>\n<\/strong>Vice-C\u00f4nsul Honor\u00e1rio Guido Renato Giovanni Giachetti<br \/>\nLejara Road, Plot 5624, Broadhurst Ind.<br \/>\nP.O. Box 495, Gaborone<br \/>\nWhatsApp: +267 72300110<br \/>\nFax:\u00a0<span class=\"baec5a81-e4d6-4674-97f3-e9220f0136c1\">+267 3973441<br \/>\nE-mail: <a href=\"mailto:givenm@rdc.bw\">givenm@rdc.bw<\/a> (Sec. Sr. Given Mabina)<a href=\"mailto:gaborone.onorario@esteri.it\"><br \/>\n<\/a><\/span><a href=\"https:\/\/ambmaputo.esteri.it\/wp-content\/uploads\/2023\/10\/Decreto_Giachetti.pdf\">Decreto de limita\u00e7\u00e3o dos deveres consulares<\/a><\/p>\n","protected":false},"excerpt":{"rendered":"EMBAIXADA DA ITALIA EM MAPUTO Av. Kenneth Kaunda, 387 976, Maputo Tel.: +258 20606560 E-mail: ambasciata.maputo@esteri.it PEC: amb.maputo@cert.esteri.it Hor\u00e1rio de abertura da Embaixada Segunda: 08.00 &#8211; 17.00 Ter\u00e7a: 08.00 &#8211; 15.30 Quarta: 08.00 &#8211; 15.30 Quinta: 08.00 &#8211; 15.30 Sexta: 08.00 &#8211; 13.30 Hor\u00e1rio dos servi\u00e7os consulares De segunda a sexta: 09.00 &#8211; 12.00 Segunda: [&hellip;]","protected":false},"author":1,"featured_media":0,"parent":168,"menu_order":4,"comment_status":"closed","ping_status":"closed","template":"","meta":{"footnotes":""},"class_list":["post-178","page","type-page","status-publish","hentry"],"_links":{"self":[{"href":"https:\/\/ambmaputo.esteri.it\/pt-pt\/wp-json\/wp\/v2\/pages\/178","targetHints":{"allow":["GET"]}}],"collection":[{"href":"https:\/\/ambmaputo.esteri.it\/pt-pt\/wp-json\/wp\/v2\/pages"}],"about":[{"href":"https:\/\/ambmaputo.esteri.it\/pt-pt\/wp-json\/wp\/v2\/types\/page"}],"author":[{"embeddable":true,"href":"https:\/\/ambmaputo.esteri.it\/pt-pt\/wp-json\/wp\/v2\/users\/1"}],"replies":[{"embeddable":true,"href":"https:\/\/ambmaputo.esteri.it\/pt-pt\/wp-json\/wp\/v2\/comments?post=178"}],"version-history":[{"count":7,"href":"https:\/\/ambmaputo.esteri.it\/pt-pt\/wp-json\/wp\/v2\/pages\/178\/revisions"}],"predecessor-version":[{"id":11797,"href":"https:\/\/ambmaputo.esteri.it\/pt-pt\/wp-json\/wp\/v2\/pages\/178\/revisions\/11797"}],"up":[{"embeddable":true,"href":"https:\/\/ambmaputo.esteri.it\/pt-pt\/wp-json\/wp\/v2\/pages\/168"}],"wp:attachment":[{"href":"https:\/\/ambmaputo.esteri.it\/pt-pt\/wp-json\/wp\/v2\/media?parent=178"}],"curies":[{"name":"wp","href":"https:\/\/api.w.org\/{rel}","templated":true}]}}