{"id":176,"date":"2023-04-11T17:55:33","date_gmt":"2023-04-11T15:55:33","guid":{"rendered":"https:\/\/ambmaputo.esteri.it\/chi-siamo\/la-sede\/"},"modified":"2024-05-23T09:42:22","modified_gmt":"2024-05-23T07:42:22","slug":"la-sede","status":"publish","type":"page","link":"https:\/\/ambmaputo.esteri.it\/pt-pt\/chi-siamo\/la-sede\/","title":{"rendered":"A Sede"},"content":{"rendered":"<p>A Embaixada da It\u00e1lia em Mo\u00e7ambique possui uma chancelaria, um escrit\u00f3rio comercial, um escrit\u00f3rio do I.C.E., um escrit\u00f3rio de coopera\u00e7\u00e3o e uma resid\u00eancia do Embaixador da It\u00e1lia em Maputo.<\/p>\n<p>A chancelaria que compreende tanto o sector diplom\u00e1tico como o consular, encontra-se num edif\u00edcio de dois andares, constru\u00eddo nos in\u00edcios dos anos setenta, inserido num jardim com \u00e1rvores caracter\u00edsticas da flora local.<\/p>\n<p>A entrada principal d\u00e1 para a Avenida Kenneth Kaunda, via do bairro residencial Sommerschield no qual est\u00e3o localizadas a maior parte das miss\u00f5es diplom\u00e1ticas acreditadas em Mo\u00e7ambique. O Gabinete de Coopera\u00e7\u00e3o encontra-se na mesma zona, numa rua lateral atr\u00e1s da chancelaria.<\/p>\n<p>A resid\u00eancia, tamb\u00e9m localizada no bairro de Sommerschield, \u00e9 uma vila de dois andares constru\u00edda nos \u00faltimos anos do per\u00edodo colonial.<\/p>\n","protected":false},"excerpt":{"rendered":"A Embaixada da It\u00e1lia em Mo\u00e7ambique possui uma chancelaria, um escrit\u00f3rio comercial, um escrit\u00f3rio do I.C.E., um escrit\u00f3rio de coopera\u00e7\u00e3o e uma resid\u00eancia do Embaixador da It\u00e1lia em Maputo. A chancelaria que compreende tanto o sector diplom\u00e1tico como o consular, encontra-se num edif\u00edcio de dois andares, constru\u00eddo nos in\u00edcios dos anos setenta, inserido num jardim [&hellip;]","protected":false},"author":1,"featured_media":0,"parent":168,"menu_order":2,"comment_status":"closed","ping_status":"closed","template":"","meta":{"footnotes":""},"class_list":["post-176","page","type-page","status-publish","hentry"],"_links":{"self":[{"href":"https:\/\/ambmaputo.esteri.it\/pt-pt\/wp-json\/wp\/v2\/pages\/176","targetHints":{"allow":["GET"]}}],"collection":[{"href":"https:\/\/ambmaputo.esteri.it\/pt-pt\/wp-json\/wp\/v2\/pages"}],"about":[{"href":"https:\/\/ambmaputo.esteri.it\/pt-pt\/wp-json\/wp\/v2\/types\/page"}],"author":[{"embeddable":true,"href":"https:\/\/ambmaputo.esteri.it\/pt-pt\/wp-json\/wp\/v2\/users\/1"}],"replies":[{"embeddable":true,"href":"https:\/\/ambmaputo.esteri.it\/pt-pt\/wp-json\/wp\/v2\/comments?post=176"}],"version-history":[{"count":4,"href":"https:\/\/ambmaputo.esteri.it\/pt-pt\/wp-json\/wp\/v2\/pages\/176\/revisions"}],"predecessor-version":[{"id":1495,"href":"https:\/\/ambmaputo.esteri.it\/pt-pt\/wp-json\/wp\/v2\/pages\/176\/revisions\/1495"}],"up":[{"embeddable":true,"href":"https:\/\/ambmaputo.esteri.it\/pt-pt\/wp-json\/wp\/v2\/pages\/168"}],"wp:attachment":[{"href":"https:\/\/ambmaputo.esteri.it\/pt-pt\/wp-json\/wp\/v2\/media?parent=176"}],"curies":[{"name":"wp","href":"https:\/\/api.w.org\/{rel}","templated":true}]}}