{"id":170,"date":"2023-04-11T17:53:01","date_gmt":"2023-04-11T15:53:01","guid":{"rendered":"https:\/\/ambmaputo.esteri.it\/chi-siamo\/lambasciatore\/"},"modified":"2026-04-21T09:50:20","modified_gmt":"2026-04-21T07:50:20","slug":"lambasciatore","status":"publish","type":"page","link":"https:\/\/ambmaputo.esteri.it\/pt-pt\/chi-siamo\/lambasciatore\/","title":{"rendered":"O Embaixador"},"content":{"rendered":"<p><img loading=\"lazy\" decoding=\"async\" class=\"img-fluid wp-image-9945 size-large alignnone\" src=\"https:\/\/ambmaputo.esteri.it\/wp-content\/uploads\/2025\/01\/Amb-Annis_foto-1024x682.jpg\" alt=\"\" width=\"640\" height=\"426\" srcset=\"https:\/\/ambmaputo.esteri.it\/wp-content\/uploads\/2025\/01\/Amb-Annis_foto-1024x682.jpg 1024w, https:\/\/ambmaputo.esteri.it\/wp-content\/uploads\/2025\/01\/Amb-Annis_foto-300x200.jpg 300w, https:\/\/ambmaputo.esteri.it\/wp-content\/uploads\/2025\/01\/Amb-Annis_foto-768x512.jpg 768w, https:\/\/ambmaputo.esteri.it\/wp-content\/uploads\/2025\/01\/Amb-Annis_foto.jpg 1920w\" sizes=\"auto, (max-width: 640px) 100vw, 640px\" \/><\/p>\n<p><strong>Gabriele Annis, Embaixador de It\u00e1lia em Maputo<\/strong><\/p>\n<p>Nascido em Oristano a 28 de julho de 1969, depois de se licenciar em Direito pela Universidade de Bolonha, obteve o grau de Mestre em Rela\u00e7\u00f5es Internacionais pela Universidade de Bristol, em Reino Unido, no ano de 1997. Na sequ\u00eancia de um concurso, a 30 de dezembro de 1999 entrou na carreira diplom\u00e1tica.<\/p>\n<p>Ap\u00f3s um primeiro cargo no Servi\u00e7o de Imprensa e Informa\u00e7\u00e3o do Minist\u00e9rio de Rela\u00e7\u00f5es Exteriores, em 2002 assumiu o cargo de C\u00f4nsul em Belo Horizonte.<\/p>\n<p>Em 2006 foi nomeado Primeiro Secret\u00e1rio na Embaixada de It\u00e1lia em Nova Deli.<\/p>\n<p>Em 2010 regressou a Roma para exercer fun\u00e7\u00f5es na Direc\u00e7\u00e3o-Geral de Recursos e Inova\u00e7\u00e3o do Minist\u00e9rio, na Unidade de Rela\u00e7\u00f5es Sindicais, Inova\u00e7\u00e3o e Simplifica\u00e7\u00e3o.<\/p>\n<p>Em 2012 foi nomeado Conselheiro para a Emigra\u00e7\u00e3o e Assuntos Sociais na Embaixada de It\u00e1lia em Bras\u00edlia.<\/p>\n<p>Em 2016, foi nomeado Embaixador no Paraguai.<\/p>\n<p>Em 2020 regressou ao Minist\u00e9rio para assumir as fun\u00e7\u00f5es de Chefe do Gabinete do Subsecret\u00e1rio de Estado.<\/p>\n<p>Em 2021 foi assumiu o cargo de Chefe da Unidade de Rela\u00e7\u00f5es Externas da Direc\u00e7\u00e3o-Geral da Uni\u00e3o Europeia.<\/p>\n<p>De 2022 \u00e0 2025 foi Diretor de Rela\u00e7\u00f5es Internacionais da Cidade de Roma.<\/p>\n<p>Desde 10 de janeiro de 2025 \u00e8 Embaixador de It\u00e1lia em Mo\u00e7ambique, Botswana e Eswatini.<\/p>\n<p><em>Em 2010 foi condecorado com o t\u00edtulo de Cavaleiro da Ordem do M\u00e9rito da Rep\u00fablica Italiana.<\/em><\/p>\n","protected":false},"excerpt":{"rendered":"Gabriele Annis, Embaixador de It\u00e1lia em Maputo Nascido em Oristano a 28 de julho de 1969, depois de se licenciar em Direito pela Universidade de Bolonha, obteve o grau de Mestre em Rela\u00e7\u00f5es Internacionais pela Universidade de Bristol, em Reino Unido, no ano de 1997. Na sequ\u00eancia de um concurso, a 30 de dezembro de [&hellip;]","protected":false},"author":1,"featured_media":0,"parent":168,"menu_order":0,"comment_status":"closed","ping_status":"closed","template":"","meta":{"footnotes":""},"class_list":["post-170","page","type-page","status-publish","hentry"],"_links":{"self":[{"href":"https:\/\/ambmaputo.esteri.it\/pt-pt\/wp-json\/wp\/v2\/pages\/170","targetHints":{"allow":["GET"]}}],"collection":[{"href":"https:\/\/ambmaputo.esteri.it\/pt-pt\/wp-json\/wp\/v2\/pages"}],"about":[{"href":"https:\/\/ambmaputo.esteri.it\/pt-pt\/wp-json\/wp\/v2\/types\/page"}],"author":[{"embeddable":true,"href":"https:\/\/ambmaputo.esteri.it\/pt-pt\/wp-json\/wp\/v2\/users\/1"}],"replies":[{"embeddable":true,"href":"https:\/\/ambmaputo.esteri.it\/pt-pt\/wp-json\/wp\/v2\/comments?post=170"}],"version-history":[{"count":6,"href":"https:\/\/ambmaputo.esteri.it\/pt-pt\/wp-json\/wp\/v2\/pages\/170\/revisions"}],"predecessor-version":[{"id":11817,"href":"https:\/\/ambmaputo.esteri.it\/pt-pt\/wp-json\/wp\/v2\/pages\/170\/revisions\/11817"}],"up":[{"embeddable":true,"href":"https:\/\/ambmaputo.esteri.it\/pt-pt\/wp-json\/wp\/v2\/pages\/168"}],"wp:attachment":[{"href":"https:\/\/ambmaputo.esteri.it\/pt-pt\/wp-json\/wp\/v2\/media?parent=170"}],"curies":[{"name":"wp","href":"https:\/\/api.w.org\/{rel}","templated":true}]}}