{"id":168,"date":"2023-04-11T17:07:36","date_gmt":"2023-04-11T15:07:36","guid":{"rendered":"https:\/\/ambmaputo.esteri.it\/chi-siamo\/"},"modified":"2024-05-07T11:56:21","modified_gmt":"2024-05-07T09:56:21","slug":"chi-siamo","status":"publish","type":"page","link":"https:\/\/ambmaputo.esteri.it\/pt-pt\/chi-siamo\/","title":{"rendered":"Quem somos"},"content":{"rendered":"<p>A Embaixada de It\u00e1lia em Maputo \u00e9 respons\u00e1vel por Mo\u00e7ambique, Eswatini e Botsuana e mant\u00e9m rela\u00e7\u00f5es oficiais com os seus respectivos governos. As suas principais tarefas incluem a protec\u00e7\u00e3o dos interesses da It\u00e1lia e dos seus cidad\u00e3os e o desenvolvimento das rela\u00e7\u00f5es pol\u00edticas, econ\u00f3micas, sociais e culturais com estes tr\u00eas pa\u00edses.<\/p>\n<p>A Embaixada tem fun\u00e7\u00f5es de coordena\u00e7\u00e3o em rela\u00e7\u00e3o aos outros Departamentos italianos presentes no territ\u00f3rio pelo qual \u00e9 respons\u00e1vel (a sede de Maputo da Ag\u00eancia Italiana de Coopera\u00e7\u00e3o para o Desenvolvimento, o Gabinete do ICE, o Consulado Honor\u00e1rio de Mbabane em Eswatini e o Vice-consulado Honor\u00e1rio em Gaborone, no Botsuana, a Associa\u00e7\u00e3o Dante Alighieri de Maputo, a Escola Italiana &#8220;Giovanni Falcone&#8221; de Maputo).<\/p>\n<p>Por fim, a Embaixada supervisiona o trabalho da empresa VFS Global sediada em Maputo, respons\u00e1vel pela recep\u00e7\u00e3o de pedidos de vistos de entrada para It\u00e1lia e pedidos de legaliza\u00e7\u00e3o de documentos.<\/p>\n<p>&nbsp;<\/p>\n","protected":false},"excerpt":{"rendered":"A Embaixada de It\u00e1lia em Maputo \u00e9 respons\u00e1vel por Mo\u00e7ambique, Eswatini e Botsuana e mant\u00e9m rela\u00e7\u00f5es oficiais com os seus respectivos governos. As suas principais tarefas incluem a protec\u00e7\u00e3o dos interesses da It\u00e1lia e dos seus cidad\u00e3os e o desenvolvimento das rela\u00e7\u00f5es pol\u00edticas, econ\u00f3micas, sociais e culturais com estes tr\u00eas pa\u00edses. A Embaixada tem fun\u00e7\u00f5es [&hellip;]","protected":false},"author":1,"featured_media":0,"parent":0,"menu_order":2,"comment_status":"closed","ping_status":"closed","template":"","meta":{"footnotes":""},"class_list":["post-168","page","type-page","status-publish","hentry"],"_links":{"self":[{"href":"https:\/\/ambmaputo.esteri.it\/pt-pt\/wp-json\/wp\/v2\/pages\/168","targetHints":{"allow":["GET"]}}],"collection":[{"href":"https:\/\/ambmaputo.esteri.it\/pt-pt\/wp-json\/wp\/v2\/pages"}],"about":[{"href":"https:\/\/ambmaputo.esteri.it\/pt-pt\/wp-json\/wp\/v2\/types\/page"}],"author":[{"embeddable":true,"href":"https:\/\/ambmaputo.esteri.it\/pt-pt\/wp-json\/wp\/v2\/users\/1"}],"replies":[{"embeddable":true,"href":"https:\/\/ambmaputo.esteri.it\/pt-pt\/wp-json\/wp\/v2\/comments?post=168"}],"version-history":[{"count":5,"href":"https:\/\/ambmaputo.esteri.it\/pt-pt\/wp-json\/wp\/v2\/pages\/168\/revisions"}],"predecessor-version":[{"id":8098,"href":"https:\/\/ambmaputo.esteri.it\/pt-pt\/wp-json\/wp\/v2\/pages\/168\/revisions\/8098"}],"wp:attachment":[{"href":"https:\/\/ambmaputo.esteri.it\/pt-pt\/wp-json\/wp\/v2\/media?parent=168"}],"curies":[{"name":"wp","href":"https:\/\/api.w.org\/{rel}","templated":true}]}}