{"id":1478,"date":"2023-04-11T17:08:57","date_gmt":"2023-04-11T15:08:57","guid":{"rendered":"https:\/\/ambmaputo.esteri.it\/servizi-consolari-e-visti-2\/"},"modified":"2026-01-08T08:38:06","modified_gmt":"2026-01-08T06:38:06","slug":"servizi-consolari-e-visti-2","status":"publish","type":"page","link":"https:\/\/ambmaputo.esteri.it\/pt-pt\/servizi-consolari-e-visti-2\/","title":{"rendered":"Servi\u00e7os Consulares e Vistos"},"content":{"rendered":"<p class=\"boxLevel03\">Os Servi\u00e7os consulares est\u00e3o\u00a0prestados no respeito de princ\u00edpios de\u00a0igualdade, imparcialidade,\u00a0efic\u00eancia e traspar\u00eancia.<\/p>\n<p>A Embaixada garante prote\u00e7\u00e3oa todos os compatriotas em caso de viola\u00e7\u00e3o de seus direitos fundamentais e limita\u00e7\u00e3o ou priva\u00e7\u00e3o de sua liberdade pessoal. Tamb\u00e9m presta assist\u00eancia em situa\u00e7\u00f5es de emerg\u00eancia, na busca de familiares, em procedimentos de heran\u00e7a abertos no exterior e no repatriamento de corpos.<\/p>\n<p>Para reservas de servi\u00e7os consulares est\u00e1 operacional o novo portal de reservas online<\/p>\n<p style=\"text-align: center;\"><strong><a href=\"https:\/\/prenotami.esteri.it\/\"><img loading=\"lazy\" decoding=\"async\" class=\"alignnone wp-image-441 img-fluid\" src=\"https:\/\/ambmaputo.esteri.it\/wp-content\/uploads\/2023\/10\/Prenotami-300x120.jpg\" alt=\"\" width=\"203\" height=\"81\" \/><\/a><\/strong><\/p>\n<p>dispon\u00edvel em <a title=\"Link ao portal Prenotami\" href=\"https:\/\/prenotami.esteri.it\/\">https:\/\/prenotami.esteri.it<\/a>, para registo e posterior marca\u00e7\u00e3o de consultas para servi\u00e7os consulares.<\/p>\n<p>Antes de iniciar a navega\u00e7\u00e3o, recomendamos que voc\u00ea leia atentamente o manual do usu\u00e1rio dispon\u00edvel no portal\u00a0<a href=\"mailto:Prenot@mi\">Prenot@mi<\/a>.<\/p>\n<p>Para informa\u00e7\u00f5es sobre pr\u00e1ticas consulares espec\u00edficas, \u00e9 poss\u00edvel ligar para o n\u00famero 20606571, ativo todos os dias das 12 \u00e0s 13.<\/p>\n<p>Para informa\u00e7\u00f5es gerais sobre os servi\u00e7os consulares, consulte as p\u00e1ginas listadas no menu direito.<\/p>\n<p>Comunica-se\u00a0a todos os utentes que, por raz\u00f5es relacionadas com os sistemas t\u00e9cnicos e longe \u00e0 nossa vontade, os vistos n\u00e3o poder\u00e3o, em circunst\u00e2ncia alguma, ser emitidos antes de um m\u00ednimo de 4 dias a contar da apresenta\u00e7\u00e3o do pedido e passaportes antes de 3 dias.<\/p>\n<p>Todos os utentes s\u00e3o convidados a ter em conta o que precede aquando da apresenta\u00e7\u00e3o do pedido, a fim de garantir um servi\u00e7o eficiente e evitar contratempos.<\/p>\n","protected":false},"excerpt":{"rendered":"Os Servi\u00e7os consulares est\u00e3o\u00a0prestados no respeito de princ\u00edpios de\u00a0igualdade, imparcialidade,\u00a0efic\u00eancia e traspar\u00eancia. A Embaixada garante prote\u00e7\u00e3oa todos os compatriotas em caso de viola\u00e7\u00e3o de seus direitos fundamentais e limita\u00e7\u00e3o ou priva\u00e7\u00e3o de sua liberdade pessoal. Tamb\u00e9m presta assist\u00eancia em situa\u00e7\u00f5es de emerg\u00eancia, na busca de familiares, em procedimentos de heran\u00e7a abertos no exterior e no [&hellip;]","protected":false},"author":1,"featured_media":0,"parent":0,"menu_order":6,"comment_status":"closed","ping_status":"closed","template":"","meta":{"footnotes":""},"class_list":["post-1478","page","type-page","status-publish","hentry"],"_links":{"self":[{"href":"https:\/\/ambmaputo.esteri.it\/pt-pt\/wp-json\/wp\/v2\/pages\/1478","targetHints":{"allow":["GET"]}}],"collection":[{"href":"https:\/\/ambmaputo.esteri.it\/pt-pt\/wp-json\/wp\/v2\/pages"}],"about":[{"href":"https:\/\/ambmaputo.esteri.it\/pt-pt\/wp-json\/wp\/v2\/types\/page"}],"author":[{"embeddable":true,"href":"https:\/\/ambmaputo.esteri.it\/pt-pt\/wp-json\/wp\/v2\/users\/1"}],"replies":[{"embeddable":true,"href":"https:\/\/ambmaputo.esteri.it\/pt-pt\/wp-json\/wp\/v2\/comments?post=1478"}],"version-history":[{"count":7,"href":"https:\/\/ambmaputo.esteri.it\/pt-pt\/wp-json\/wp\/v2\/pages\/1478\/revisions"}],"predecessor-version":[{"id":1519,"href":"https:\/\/ambmaputo.esteri.it\/pt-pt\/wp-json\/wp\/v2\/pages\/1478\/revisions\/1519"}],"wp:attachment":[{"href":"https:\/\/ambmaputo.esteri.it\/pt-pt\/wp-json\/wp\/v2\/media?parent=1478"}],"curies":[{"name":"wp","href":"https:\/\/api.w.org\/{rel}","templated":true}]}}