{"id":1421,"date":"2023-09-21T16:07:00","date_gmt":"2023-09-21T14:07:00","guid":{"rendered":"https:\/\/ambmaputo.esteri.it\/?page_id=1421"},"modified":"2024-05-08T14:59:54","modified_gmt":"2024-05-08T12:59:54","slug":"sovvenzioni-contributi-sussidi-vantaggi-economici","status":"publish","type":"page","link":"https:\/\/ambmaputo.esteri.it\/pt-pt\/amministrazione-trasparente\/sovvenzioni-contributi-sussidi-vantaggi-economici\/","title":{"rendered":"Doa\u00e7\u00f5es, contribui\u00e7\u00f5es, subs\u00eddios, benef\u00edcios econ\u00f4micos (texto em italiano)"},"content":{"rendered":"<p><a href=\"https:\/\/ambmaputo.esteri.it\/wp-content\/uploads\/2023\/11\/sussidi_2015.xlsx\">2015<\/a><\/p>\n<p><a href=\"https:\/\/ambmaputo.esteri.it\/wp-content\/uploads\/2023\/11\/sussidi_2016.xlsx\">2016<\/a><\/p>\n<p>Non risultano per l&#8217;anno 2017 dati da pubblicare.<\/p>\n<p><a href=\"https:\/\/ambmaputo.esteri.it\/wp-content\/uploads\/2023\/11\/sussidi_2018.xlsx\">2018<\/a><\/p>\n<p><a href=\"https:\/\/ambmaputo.esteri.it\/wp-content\/uploads\/2023\/11\/sussidi_2019.xlsx\">2019<\/a><\/p>\n<p><a href=\"https:\/\/ambmaputo.esteri.it\/wp-content\/uploads\/2023\/11\/sussidi_2020.xlsx\">2020<\/a><\/p>\n<p><a href=\"https:\/\/ambmaputo.esteri.it\/wp-content\/uploads\/2023\/11\/sussidi_2021-3.xlsx\">2021<\/a><\/p>\n<p><a href=\"https:\/\/ambmaputo.esteri.it\/wp-content\/uploads\/2023\/11\/sussidi_2022.xlsx\">2022<\/a><\/p>\n<p><a href=\"https:\/\/ambmaputo.esteri.it\/wp-content\/uploads\/2024\/05\/Sussidi-2023.xls\">2023<\/a><\/p>\n","protected":false},"excerpt":{"rendered":"2015 2016 Non risultano per l&#8217;anno 2017 dati da pubblicare. 2018 2019 2020 2021 2022 2023","protected":false},"author":1,"featured_media":0,"parent":322,"menu_order":8,"comment_status":"closed","ping_status":"closed","template":"","meta":{"footnotes":""},"class_list":["post-1421","page","type-page","status-publish","hentry"],"_links":{"self":[{"href":"https:\/\/ambmaputo.esteri.it\/pt-pt\/wp-json\/wp\/v2\/pages\/1421","targetHints":{"allow":["GET"]}}],"collection":[{"href":"https:\/\/ambmaputo.esteri.it\/pt-pt\/wp-json\/wp\/v2\/pages"}],"about":[{"href":"https:\/\/ambmaputo.esteri.it\/pt-pt\/wp-json\/wp\/v2\/types\/page"}],"author":[{"embeddable":true,"href":"https:\/\/ambmaputo.esteri.it\/pt-pt\/wp-json\/wp\/v2\/users\/1"}],"replies":[{"embeddable":true,"href":"https:\/\/ambmaputo.esteri.it\/pt-pt\/wp-json\/wp\/v2\/comments?post=1421"}],"version-history":[{"count":6,"href":"https:\/\/ambmaputo.esteri.it\/pt-pt\/wp-json\/wp\/v2\/pages\/1421\/revisions"}],"predecessor-version":[{"id":8883,"href":"https:\/\/ambmaputo.esteri.it\/pt-pt\/wp-json\/wp\/v2\/pages\/1421\/revisions\/8883"}],"up":[{"embeddable":true,"href":"https:\/\/ambmaputo.esteri.it\/pt-pt\/wp-json\/wp\/v2\/pages\/322"}],"wp:attachment":[{"href":"https:\/\/ambmaputo.esteri.it\/pt-pt\/wp-json\/wp\/v2\/media?parent=1421"}],"curies":[{"name":"wp","href":"https:\/\/api.w.org\/{rel}","templated":true}]}}