{"id":1102,"date":"2023-11-21T12:36:24","date_gmt":"2023-11-21T10:36:24","guid":{"rendered":"https:\/\/ambmaputo.esteri.it\/?page_id=1102"},"modified":"2023-12-28T12:33:14","modified_gmt":"2023-12-28T10:33:14","slug":"adocoes","status":"publish","type":"page","link":"https:\/\/ambmaputo.esteri.it\/pt-pt\/servizi-consolari-e-visti-2\/servizi-per-il-cittadino-italiano\/adocoes\/","title":{"rendered":"Ado\u00e7\u00f5es"},"content":{"rendered":"<p class=\"boxLevel03\"><strong>Adop\u00e7\u00e3o por casais italianos que vivem em Mo\u00e7ambique, Botsuana ou Eswatini<\/strong><\/p>\n<p class=\"boxLevel03\">Os cidad\u00e3os italianos que tenham adoptado um menor com base numa decis\u00e3o das autoridades competentes de Mo\u00e7ambique, Botsuana ou Eswatini podem requerer o reconhecimento ao Tribunal Juvenil do local da sua \u00faltima resid\u00eancia em It\u00e1lia. Devem provar que residem em Mo\u00e7ambique, Botsuana\u00a0ou Eswatini h\u00e1 pelo menos dois anos, no momento da decis\u00e3o de adop\u00e7\u00e3o pelas autoridades locais.<\/p>\n<p class=\"boxLevel03\">O Tribunal Juvenil, tendo verificado que a crian\u00e7a reside h\u00e1 pelo menos dois anos e se a decis\u00e3o das autoridades locais estiver em conformidade com os princ\u00edpios da Conven\u00e7\u00e3o de Haia de 1993, reconhece os efeitos na It\u00e1lia, ordenando a transcri\u00e7\u00e3o da certid\u00e3o de nascimento da crian\u00e7a nos registos de estado civil do munic\u00edpio italiano competente. Isto permitir\u00e1 que a crian\u00e7a adoptada adquira a cidadania italiana e obtenha um passaporte italiano no Consulado da Embaixada.<\/p>\n<p class=\"boxLevel03\">Para mais informa\u00e7\u00f5es, visite o website da\u00a0<a href=\"http:\/\/www.commissioneadozioni.it\/\">Comiss\u00e3o para as Adop\u00e7\u00f5es Internacionais<\/a>.<\/p>\n","protected":false},"excerpt":{"rendered":"Adop\u00e7\u00e3o por casais italianos que vivem em Mo\u00e7ambique, Botsuana ou Eswatini Os cidad\u00e3os italianos que tenham adoptado um menor com base numa decis\u00e3o das autoridades competentes de Mo\u00e7ambique, Botsuana ou Eswatini podem requerer o reconhecimento ao Tribunal Juvenil do local da sua \u00faltima resid\u00eancia em It\u00e1lia. Devem provar que residem em Mo\u00e7ambique, Botsuana\u00a0ou Eswatini h\u00e1 [&hellip;]","protected":false},"author":4,"featured_media":0,"parent":256,"menu_order":1,"comment_status":"closed","ping_status":"closed","template":"","meta":{"footnotes":""},"class_list":["post-1102","page","type-page","status-publish","hentry"],"_links":{"self":[{"href":"https:\/\/ambmaputo.esteri.it\/pt-pt\/wp-json\/wp\/v2\/pages\/1102","targetHints":{"allow":["GET"]}}],"collection":[{"href":"https:\/\/ambmaputo.esteri.it\/pt-pt\/wp-json\/wp\/v2\/pages"}],"about":[{"href":"https:\/\/ambmaputo.esteri.it\/pt-pt\/wp-json\/wp\/v2\/types\/page"}],"author":[{"embeddable":true,"href":"https:\/\/ambmaputo.esteri.it\/pt-pt\/wp-json\/wp\/v2\/users\/4"}],"replies":[{"embeddable":true,"href":"https:\/\/ambmaputo.esteri.it\/pt-pt\/wp-json\/wp\/v2\/comments?post=1102"}],"version-history":[{"count":1,"href":"https:\/\/ambmaputo.esteri.it\/pt-pt\/wp-json\/wp\/v2\/pages\/1102\/revisions"}],"predecessor-version":[{"id":1103,"href":"https:\/\/ambmaputo.esteri.it\/pt-pt\/wp-json\/wp\/v2\/pages\/1102\/revisions\/1103"}],"up":[{"embeddable":true,"href":"https:\/\/ambmaputo.esteri.it\/pt-pt\/wp-json\/wp\/v2\/pages\/256"}],"wp:attachment":[{"href":"https:\/\/ambmaputo.esteri.it\/pt-pt\/wp-json\/wp\/v2\/media?parent=1102"}],"curies":[{"name":"wp","href":"https:\/\/api.w.org\/{rel}","templated":true}]}}