{"id":1087,"date":"2023-11-21T12:28:10","date_gmt":"2023-11-21T10:28:10","guid":{"rendered":"https:\/\/ambmaputo.esteri.it\/?page_id=1087"},"modified":"2024-05-10T11:52:57","modified_gmt":"2024-05-10T09:52:57","slug":"cursos-de-linguas","status":"publish","type":"page","link":"https:\/\/ambmaputo.esteri.it\/pt-pt\/servizi-consolari-e-visti-2\/servizi-per-il-cittadino-italiano\/estudos\/cursos-de-linguas\/","title":{"rendered":"Cursos de l\u00ednguas"},"content":{"rendered":"<p><a href=\"https:\/\/www.unimi.it\/it\/studiare\/competenze-linguistiche\/corsi-di-lingua-e-cultura-italiana-gargnano\">University of Milan \u2013 SLAM: International Courses of Italian Language and Culture in Gargnano \u2013 summer 2024<\/a><\/p>\n<p>&nbsp;<\/p>\n<p>Para obter informa\u00e7\u00f5es sobre cursos de l\u00edngua italiana em Mo\u00e7ambique pode contactar o <a href=\"https:\/\/m.facebook.com\/dantemaputo\/\">Comit\u00e9 de Maputo da Sociedade Dante Alighieri<\/a>.<\/p>\n","protected":false},"excerpt":{"rendered":"University of Milan \u2013 SLAM: International Courses of Italian Language and Culture in Gargnano \u2013 summer 2024 &nbsp; Para obter informa\u00e7\u00f5es sobre cursos de l\u00edngua italiana em Mo\u00e7ambique pode contactar o Comit\u00e9 de Maputo da Sociedade Dante Alighieri.","protected":false},"author":4,"featured_media":0,"parent":990,"menu_order":2,"comment_status":"closed","ping_status":"closed","template":"","meta":{"footnotes":""},"class_list":["post-1087","page","type-page","status-publish","hentry"],"_links":{"self":[{"href":"https:\/\/ambmaputo.esteri.it\/pt-pt\/wp-json\/wp\/v2\/pages\/1087","targetHints":{"allow":["GET"]}}],"collection":[{"href":"https:\/\/ambmaputo.esteri.it\/pt-pt\/wp-json\/wp\/v2\/pages"}],"about":[{"href":"https:\/\/ambmaputo.esteri.it\/pt-pt\/wp-json\/wp\/v2\/types\/page"}],"author":[{"embeddable":true,"href":"https:\/\/ambmaputo.esteri.it\/pt-pt\/wp-json\/wp\/v2\/users\/4"}],"replies":[{"embeddable":true,"href":"https:\/\/ambmaputo.esteri.it\/pt-pt\/wp-json\/wp\/v2\/comments?post=1087"}],"version-history":[{"count":2,"href":"https:\/\/ambmaputo.esteri.it\/pt-pt\/wp-json\/wp\/v2\/pages\/1087\/revisions"}],"predecessor-version":[{"id":8912,"href":"https:\/\/ambmaputo.esteri.it\/pt-pt\/wp-json\/wp\/v2\/pages\/1087\/revisions\/8912"}],"up":[{"embeddable":true,"href":"https:\/\/ambmaputo.esteri.it\/pt-pt\/wp-json\/wp\/v2\/pages\/990"}],"wp:attachment":[{"href":"https:\/\/ambmaputo.esteri.it\/pt-pt\/wp-json\/wp\/v2\/media?parent=1087"}],"curies":[{"name":"wp","href":"https:\/\/api.w.org\/{rel}","templated":true}]}}