{"id":1073,"date":"2023-11-21T12:23:07","date_gmt":"2023-11-21T10:23:07","guid":{"rendered":"https:\/\/ambmaputo.esteri.it\/?page_id=1073"},"modified":"2023-11-21T12:23:48","modified_gmt":"2023-11-21T10:23:48","slug":"declaracoes-de-valor","status":"publish","type":"page","link":"https:\/\/ambmaputo.esteri.it\/pt-pt\/servizi-consolari-e-visti-2\/servizi-per-il-cittadino-italiano\/estudos\/declaracoes-de-valor\/","title":{"rendered":"Declara\u00e7\u00f5es de valor"},"content":{"rendered":"<p class=\"boxLevel03\">Os estrangeiros e os italianos residentes no estrangeiro podem ter acesso \u00e0s universidades italianas apresentando um pedido ao Consulado, o qual deve ser acompanhado da documenta\u00e7\u00e3o prescrita.<\/p>\n<p class=\"boxLevel03\">Esta documenta\u00e7\u00e3o deve ser aprovada pelas autoridades italianas competentes, de acordo come a avalia\u00e7\u00e3o dos t\u00edtulos academicos obtidos no estrangeiro. O Gabinete do Estudos (Ufficio Studi) do Consulado deve tamb\u00e9m verificar e certificar que as qualifica\u00e7\u00f5es do ensino secund\u00e1rio permitem a admiss\u00e3o a cursos universit\u00e1rios no pa\u00eds em que foram obtidas (&#8220;Dichiarazione di valore&#8221;).<\/p>\n","protected":false},"excerpt":{"rendered":"Os estrangeiros e os italianos residentes no estrangeiro podem ter acesso \u00e0s universidades italianas apresentando um pedido ao Consulado, o qual deve ser acompanhado da documenta\u00e7\u00e3o prescrita. Esta documenta\u00e7\u00e3o deve ser aprovada pelas autoridades italianas competentes, de acordo come a avalia\u00e7\u00e3o dos t\u00edtulos academicos obtidos no estrangeiro. O Gabinete do Estudos (Ufficio Studi) do Consulado [&hellip;]","protected":false},"author":4,"featured_media":0,"parent":990,"menu_order":3,"comment_status":"closed","ping_status":"closed","template":"","meta":{"footnotes":""},"class_list":["post-1073","page","type-page","status-publish","hentry"],"_links":{"self":[{"href":"https:\/\/ambmaputo.esteri.it\/pt-pt\/wp-json\/wp\/v2\/pages\/1073","targetHints":{"allow":["GET"]}}],"collection":[{"href":"https:\/\/ambmaputo.esteri.it\/pt-pt\/wp-json\/wp\/v2\/pages"}],"about":[{"href":"https:\/\/ambmaputo.esteri.it\/pt-pt\/wp-json\/wp\/v2\/types\/page"}],"author":[{"embeddable":true,"href":"https:\/\/ambmaputo.esteri.it\/pt-pt\/wp-json\/wp\/v2\/users\/4"}],"replies":[{"embeddable":true,"href":"https:\/\/ambmaputo.esteri.it\/pt-pt\/wp-json\/wp\/v2\/comments?post=1073"}],"version-history":[{"count":1,"href":"https:\/\/ambmaputo.esteri.it\/pt-pt\/wp-json\/wp\/v2\/pages\/1073\/revisions"}],"predecessor-version":[{"id":1075,"href":"https:\/\/ambmaputo.esteri.it\/pt-pt\/wp-json\/wp\/v2\/pages\/1073\/revisions\/1075"}],"up":[{"embeddable":true,"href":"https:\/\/ambmaputo.esteri.it\/pt-pt\/wp-json\/wp\/v2\/pages\/990"}],"wp:attachment":[{"href":"https:\/\/ambmaputo.esteri.it\/pt-pt\/wp-json\/wp\/v2\/media?parent=1073"}],"curies":[{"name":"wp","href":"https:\/\/api.w.org\/{rel}","templated":true}]}}