{"id":1058,"date":"2023-11-21T12:16:52","date_gmt":"2023-11-21T10:16:52","guid":{"rendered":"https:\/\/ambmaputo.esteri.it\/?page_id=1058"},"modified":"2023-11-21T12:18:25","modified_gmt":"2023-11-21T10:18:25","slug":"equivalencia-de-titulos-academicos","status":"publish","type":"page","link":"https:\/\/ambmaputo.esteri.it\/pt-pt\/servizi-consolari-e-visti-2\/servizi-per-il-cittadino-italiano\/estudos\/equivalencia-de-titulos-academicos\/","title":{"rendered":"Equival\u00eancia de t\u00edtulos acad\u00eamicos"},"content":{"rendered":"<p>As qualifica\u00e7\u00f5es estrangeiras n\u00e3o s\u00e3o automaticamente reconhecidas na It\u00e1lia. Os cidad\u00e3os n\u00e3o-italianos interessados no reconhecimento da equival\u00eancia de valor e efic\u00e1cia (&#8220;equipollenza&#8221;) das suas qualifica\u00e7\u00f5es estrangeiras (obtidas em institui\u00e7\u00f5es de educa\u00e7\u00e3o oficialmente reconhecidas) \u00e0s qualifica\u00e7\u00f5es italianas correspondentes podem apresentar um pedido atrav\u00e9s do \u201cUfficio degli Studenti\u201d do Consulado. Os cidad\u00e3os italianos, por outro lado, devem dirigir-se directamente a um &#8220;Provveditorato agli Studi italiano&#8221;, mas sempre ap\u00f3s terem solicitado a &#8220;Declara\u00e7\u00e3o de Valor- Dichiarazione di valore&#8221; ao Gabinete do Consulado.<\/p>\n<p>Os diplomas obtidos no estrangeiro, uma vez declarados equivalentes aos diplomas italianos de valor correspondente (terceiro ano, diploma de liceu ou gradua\u00e7\u00e3o), t\u00eam valor legal na It\u00e1lia; isto significa, por exemplo, que a pessoa que possui a cidadania italiana tem o direito de participar em concursos anunciados pela Administra\u00e7\u00e3o P\u00fablica italiana.<\/p>\n<p>Os documentos que devem ser apresentados no Consulado para solicitar a declara\u00e7\u00e3o de valor e equival\u00eancia da qualifica\u00e7\u00e3o s\u00e3o:<\/p>\n<ul>\n<li>diploma ou certid\u00e3o em original ou devidamente autenticado, com o selo ou selo seco da escola ou institui\u00e7\u00e3o universit\u00e1ria e assinado de forma leg\u00edvel pelo funcion\u00e1rio respons\u00e1vel;<\/li>\n<li>tradu\u00e7\u00e3o do documento para italiano, verdadeira e fiel ao texto original. A tradu\u00e7\u00e3o pode ser feita pela pessoa interessada ou por um tradutor; o Consulado pode reservar a aprova\u00e7\u00e3o das tradu\u00e7\u00f5es apresentadas pelo requerente.<\/li>\n<\/ul>\n","protected":false},"excerpt":{"rendered":"As qualifica\u00e7\u00f5es estrangeiras n\u00e3o s\u00e3o automaticamente reconhecidas na It\u00e1lia. Os cidad\u00e3os n\u00e3o-italianos interessados no reconhecimento da equival\u00eancia de valor e efic\u00e1cia (&#8220;equipollenza&#8221;) das suas qualifica\u00e7\u00f5es estrangeiras (obtidas em institui\u00e7\u00f5es de educa\u00e7\u00e3o oficialmente reconhecidas) \u00e0s qualifica\u00e7\u00f5es italianas correspondentes podem apresentar um pedido atrav\u00e9s do \u201cUfficio degli Studenti\u201d do Consulado. Os cidad\u00e3os italianos, por outro lado, devem [&hellip;]","protected":false},"author":4,"featured_media":0,"parent":990,"menu_order":4,"comment_status":"closed","ping_status":"closed","template":"","meta":{"footnotes":""},"class_list":["post-1058","page","type-page","status-publish","hentry"],"_links":{"self":[{"href":"https:\/\/ambmaputo.esteri.it\/pt-pt\/wp-json\/wp\/v2\/pages\/1058","targetHints":{"allow":["GET"]}}],"collection":[{"href":"https:\/\/ambmaputo.esteri.it\/pt-pt\/wp-json\/wp\/v2\/pages"}],"about":[{"href":"https:\/\/ambmaputo.esteri.it\/pt-pt\/wp-json\/wp\/v2\/types\/page"}],"author":[{"embeddable":true,"href":"https:\/\/ambmaputo.esteri.it\/pt-pt\/wp-json\/wp\/v2\/users\/4"}],"replies":[{"embeddable":true,"href":"https:\/\/ambmaputo.esteri.it\/pt-pt\/wp-json\/wp\/v2\/comments?post=1058"}],"version-history":[{"count":1,"href":"https:\/\/ambmaputo.esteri.it\/pt-pt\/wp-json\/wp\/v2\/pages\/1058\/revisions"}],"predecessor-version":[{"id":1061,"href":"https:\/\/ambmaputo.esteri.it\/pt-pt\/wp-json\/wp\/v2\/pages\/1058\/revisions\/1061"}],"up":[{"embeddable":true,"href":"https:\/\/ambmaputo.esteri.it\/pt-pt\/wp-json\/wp\/v2\/pages\/990"}],"wp:attachment":[{"href":"https:\/\/ambmaputo.esteri.it\/pt-pt\/wp-json\/wp\/v2\/media?parent=1058"}],"curies":[{"name":"wp","href":"https:\/\/api.w.org\/{rel}","templated":true}]}}