{"id":1041,"date":"2023-11-21T12:07:07","date_gmt":"2023-11-21T10:07:07","guid":{"rendered":"https:\/\/ambmaputo.esteri.it\/?page_id=1041"},"modified":"2024-05-10T11:53:26","modified_gmt":"2024-05-10T09:53:26","slug":"universidades","status":"publish","type":"page","link":"https:\/\/ambmaputo.esteri.it\/pt-pt\/servizi-consolari-e-visti-2\/servizi-per-il-cittadino-italiano\/estudos\/universidades\/","title":{"rendered":"Universidades"},"content":{"rendered":"<p>Not\u00edcias de interesse geral sobre a organiza\u00e7\u00e3o e funcionamento das universidades italianas podem ser encontradas na se\u00e7\u00e3o do site do <a href=\"https:\/\/cercalatuascuola.istruzione.it\/cercalatuascuola\/\">Minist\u00e9rio da Educa\u00e7\u00e3o e do M\u00e9rito<\/a>. Os estudantes estrangeiros interessados \u200b\u200bem estudar nas universidades italianas poder\u00e3o encontrar informa\u00e7\u00f5es \u00fateis sobre as vagas que lhes s\u00e3o reservadas no site do M.I.M. na p\u00e1gina relativa \u00e0 oferta formativa ou no site <a href=\"https:\/\/www.universitaly.it\/cerca-corsi\">universitaly.it\/cerca-corsi<\/a>.<\/p>\n<p>As listas completas das universidades podem ser consultadas atrav\u00e9s do motor de busca especial <a href=\"https:\/\/www.cineca.it\/index.php\/\">CINECA<\/a>.<\/p>\n<p>No site da <a href=\"https:\/\/www.crui.it\/\">CRUI \u2013 Confer\u00eancia de Reitores das Universidades Italianas<\/a> tamb\u00e9m existe uma p\u00e1gina dedicada \u00e0s Universidades.<\/p>\n<p>&nbsp;<\/p>\n","protected":false},"excerpt":{"rendered":"Not\u00edcias de interesse geral sobre a organiza\u00e7\u00e3o e funcionamento das universidades italianas podem ser encontradas na se\u00e7\u00e3o do site do Minist\u00e9rio da Educa\u00e7\u00e3o e do M\u00e9rito. Os estudantes estrangeiros interessados \u200b\u200bem estudar nas universidades italianas poder\u00e3o encontrar informa\u00e7\u00f5es \u00fateis sobre as vagas que lhes s\u00e3o reservadas no site do M.I.M. na p\u00e1gina relativa \u00e0 oferta [&hellip;]","protected":false},"author":4,"featured_media":0,"parent":990,"menu_order":6,"comment_status":"closed","ping_status":"closed","template":"","meta":{"footnotes":""},"class_list":["post-1041","page","type-page","status-publish","hentry"],"_links":{"self":[{"href":"https:\/\/ambmaputo.esteri.it\/pt-pt\/wp-json\/wp\/v2\/pages\/1041","targetHints":{"allow":["GET"]}}],"collection":[{"href":"https:\/\/ambmaputo.esteri.it\/pt-pt\/wp-json\/wp\/v2\/pages"}],"about":[{"href":"https:\/\/ambmaputo.esteri.it\/pt-pt\/wp-json\/wp\/v2\/types\/page"}],"author":[{"embeddable":true,"href":"https:\/\/ambmaputo.esteri.it\/pt-pt\/wp-json\/wp\/v2\/users\/4"}],"replies":[{"embeddable":true,"href":"https:\/\/ambmaputo.esteri.it\/pt-pt\/wp-json\/wp\/v2\/comments?post=1041"}],"version-history":[{"count":3,"href":"https:\/\/ambmaputo.esteri.it\/pt-pt\/wp-json\/wp\/v2\/pages\/1041\/revisions"}],"predecessor-version":[{"id":8904,"href":"https:\/\/ambmaputo.esteri.it\/pt-pt\/wp-json\/wp\/v2\/pages\/1041\/revisions\/8904"}],"up":[{"embeddable":true,"href":"https:\/\/ambmaputo.esteri.it\/pt-pt\/wp-json\/wp\/v2\/pages\/990"}],"wp:attachment":[{"href":"https:\/\/ambmaputo.esteri.it\/pt-pt\/wp-json\/wp\/v2\/media?parent=1041"}],"curies":[{"name":"wp","href":"https:\/\/api.w.org\/{rel}","templated":true}]}}