{"id":10158,"date":"2025-03-25T12:24:44","date_gmt":"2025-03-25T10:24:44","guid":{"rendered":"https:\/\/ambmaputo.esteri.it\/?page_id=10158"},"modified":"2025-03-26T13:23:11","modified_gmt":"2025-03-26T11:23:11","slug":"visto-de-negocios","status":"publish","type":"page","link":"https:\/\/ambmaputo.esteri.it\/pt-pt\/servizi-consolari-e-visti-2\/servizi-per-il-cittadino-straniero\/visti\/visto-de-negocios\/","title":{"rendered":"Visto de neg\u00f3cios"},"content":{"rendered":"<p>O visto de neg\u00f3cios permite a entrada, para uma estadia de curta dura\u00e7\u00e3o, para fins econ\u00f3mico-comerciais, para o in\u00edcio ou conclus\u00e3o de negocia\u00e7\u00f5es comerciais, para a aprendizagem ou verifica\u00e7\u00e3o de bens de equipamento adquiridos ou vendidos ou para a atualiza\u00e7\u00e3o profissional relacionada, e para a participa\u00e7\u00e3o em exposi\u00e7\u00f5es ou feiras comerciais.<\/p>\n<p>No caso de <strong>pedidos urgentes<\/strong>, est\u00e1 ativo um canal direto com o nosso Gabinete Econ\u00f3mico e Comercial, atrav\u00e9s do seguinte contacto de email: commerciale.maputo@esteri.it.<\/p>\n<p>A lista de documentos a apresentar pode ser consultada no seguinte link (<a href=\"https:\/\/ambmaputo.esteri.it\/wp-content\/uploads\/2024\/02\/NEGOCIOS.pdf\">visto de neg\u00f3cios<\/a>).<\/p>\n","protected":false},"excerpt":{"rendered":"O visto de neg\u00f3cios permite a entrada, para uma estadia de curta dura\u00e7\u00e3o, para fins econ\u00f3mico-comerciais, para o in\u00edcio ou conclus\u00e3o de negocia\u00e7\u00f5es comerciais, para a aprendizagem ou verifica\u00e7\u00e3o de bens de equipamento adquiridos ou vendidos ou para a atualiza\u00e7\u00e3o profissional relacionada, e para a participa\u00e7\u00e3o em exposi\u00e7\u00f5es ou feiras comerciais. No caso de pedidos [&hellip;]","protected":false},"author":11,"featured_media":0,"parent":310,"menu_order":0,"comment_status":"closed","ping_status":"closed","template":"","meta":{"footnotes":""},"class_list":["post-10158","page","type-page","status-publish","hentry"],"_links":{"self":[{"href":"https:\/\/ambmaputo.esteri.it\/pt-pt\/wp-json\/wp\/v2\/pages\/10158","targetHints":{"allow":["GET"]}}],"collection":[{"href":"https:\/\/ambmaputo.esteri.it\/pt-pt\/wp-json\/wp\/v2\/pages"}],"about":[{"href":"https:\/\/ambmaputo.esteri.it\/pt-pt\/wp-json\/wp\/v2\/types\/page"}],"author":[{"embeddable":true,"href":"https:\/\/ambmaputo.esteri.it\/pt-pt\/wp-json\/wp\/v2\/users\/11"}],"replies":[{"embeddable":true,"href":"https:\/\/ambmaputo.esteri.it\/pt-pt\/wp-json\/wp\/v2\/comments?post=10158"}],"version-history":[{"count":4,"href":"https:\/\/ambmaputo.esteri.it\/pt-pt\/wp-json\/wp\/v2\/pages\/10158\/revisions"}],"predecessor-version":[{"id":10181,"href":"https:\/\/ambmaputo.esteri.it\/pt-pt\/wp-json\/wp\/v2\/pages\/10158\/revisions\/10181"}],"up":[{"embeddable":true,"href":"https:\/\/ambmaputo.esteri.it\/pt-pt\/wp-json\/wp\/v2\/pages\/310"}],"wp:attachment":[{"href":"https:\/\/ambmaputo.esteri.it\/pt-pt\/wp-json\/wp\/v2\/media?parent=10158"}],"curies":[{"name":"wp","href":"https:\/\/api.w.org\/{rel}","templated":true}]}}