{"id":1012,"date":"2023-11-21T11:25:37","date_gmt":"2023-11-21T09:25:37","guid":{"rendered":"https:\/\/ambmaputo.esteri.it\/?page_id=1012"},"modified":"2024-10-28T10:20:38","modified_gmt":"2024-10-28T08:20:38","slug":"escolas","status":"publish","type":"page","link":"https:\/\/ambmaputo.esteri.it\/pt-pt\/servizi-consolari-e-visti-2\/servizi-per-il-cittadino-italiano\/estudos\/escolas\/","title":{"rendered":"Escolas"},"content":{"rendered":"<p><strong>ESCOLAS NA IT\u00c1LIA<\/strong><br \/>\nPara procurar uma escola italiana de ensino fundamental, m\u00e9dio ou m\u00e9dio, consulte o site do <a href=\"https:\/\/cercalatuascuola.istruzione.it\/cercalatuascuola\/\">Minist\u00e9rio da Educa\u00e7\u00e3o e M\u00e9rito<\/a>.<\/p>\n<p><strong>ESCOLAS DE ITALIANO EM MAPUTO<\/strong>: <a href=\"https:\/\/m.facebook.com\/escolaitalianademaputo\/posts\/\">Escola italiana \u201cGiovanni Falcone\u201d<\/a><\/p>\n<p><strong>ASSOCIA\u00c7\u00d5ES CULTURAIS<\/strong>: <a href=\"https:\/\/it-it.facebook.com\/dantemaputo\/\">Sociedade Dante Alighieri<\/a><\/p>\n<p>&nbsp;<\/p>\n","protected":false},"excerpt":{"rendered":"ESCOLAS NA IT\u00c1LIA Para procurar uma escola italiana de ensino fundamental, m\u00e9dio ou m\u00e9dio, consulte o site do Minist\u00e9rio da Educa\u00e7\u00e3o e M\u00e9rito. ESCOLAS DE ITALIANO EM MAPUTO: Escola italiana \u201cGiovanni Falcone\u201d ASSOCIA\u00c7\u00d5ES CULTURAIS: Sociedade Dante Alighieri &nbsp;","protected":false},"author":4,"featured_media":0,"parent":990,"menu_order":5,"comment_status":"closed","ping_status":"closed","template":"","meta":{"footnotes":""},"class_list":["post-1012","page","type-page","status-publish","hentry"],"_links":{"self":[{"href":"https:\/\/ambmaputo.esteri.it\/pt-pt\/wp-json\/wp\/v2\/pages\/1012","targetHints":{"allow":["GET"]}}],"collection":[{"href":"https:\/\/ambmaputo.esteri.it\/pt-pt\/wp-json\/wp\/v2\/pages"}],"about":[{"href":"https:\/\/ambmaputo.esteri.it\/pt-pt\/wp-json\/wp\/v2\/types\/page"}],"author":[{"embeddable":true,"href":"https:\/\/ambmaputo.esteri.it\/pt-pt\/wp-json\/wp\/v2\/users\/4"}],"replies":[{"embeddable":true,"href":"https:\/\/ambmaputo.esteri.it\/pt-pt\/wp-json\/wp\/v2\/comments?post=1012"}],"version-history":[{"count":2,"href":"https:\/\/ambmaputo.esteri.it\/pt-pt\/wp-json\/wp\/v2\/pages\/1012\/revisions"}],"predecessor-version":[{"id":9665,"href":"https:\/\/ambmaputo.esteri.it\/pt-pt\/wp-json\/wp\/v2\/pages\/1012\/revisions\/9665"}],"up":[{"embeddable":true,"href":"https:\/\/ambmaputo.esteri.it\/pt-pt\/wp-json\/wp\/v2\/pages\/990"}],"wp:attachment":[{"href":"https:\/\/ambmaputo.esteri.it\/pt-pt\/wp-json\/wp\/v2\/media?parent=1012"}],"curies":[{"name":"wp","href":"https:\/\/api.w.org\/{rel}","templated":true}]}}