{"id":984,"date":"2023-11-21T10:38:20","date_gmt":"2023-11-21T08:38:20","guid":{"rendered":"https:\/\/ambmaputo.esteri.it\/?page_id=984"},"modified":"2024-01-23T10:43:39","modified_gmt":"2024-01-23T08:43:39","slug":"ufficio-studi","status":"publish","type":"page","link":"https:\/\/ambmaputo.esteri.it\/it\/servizi-consolari-e-visti\/servizi-per-il-cittadino-italiano\/ufficio-studi\/","title":{"rendered":"Studi"},"content":{"rendered":"<p>L&#8217;Ufficio Studi fornisce informazioni e consulenza per l&#8217;iscrizione a Scuole e Universit\u00e0 in Italia e rilascia le necessarie dichiarazioni di valore per i titoli conseguiti presso Scuole e Universit\u00e0 della circoscrizione consolare perch\u00e8 gli interessati possano ottenere l\u2019equipollenza dei titoli di studio primari e secondari con analoghi titoli italiani, l\u2019iscrizione a scuole ed Universit\u00e0 italiane, il riconoscimento in Italia degli studi universitari e l\u2019assegnazione di borse di studio.<\/p>\n<p>&nbsp;<\/p>\n","protected":false},"excerpt":{"rendered":"L&#8217;Ufficio Studi fornisce informazioni e consulenza per l&#8217;iscrizione a Scuole e Universit\u00e0 in Italia e rilascia le necessarie dichiarazioni di valore per i titoli conseguiti presso Scuole e Universit\u00e0 della circoscrizione consolare perch\u00e8 gli interessati possano ottenere l\u2019equipollenza dei titoli di studio primari e secondari con analoghi titoli italiani, l\u2019iscrizione a scuole ed Universit\u00e0 italiane, [&hellip;]","protected":false},"author":4,"featured_media":0,"parent":47,"menu_order":15,"comment_status":"closed","ping_status":"closed","template":"","meta":{"footnotes":""},"class_list":["post-984","page","type-page","status-publish","hentry"],"_links":{"self":[{"href":"https:\/\/ambmaputo.esteri.it\/it\/wp-json\/wp\/v2\/pages\/984","targetHints":{"allow":["GET"]}}],"collection":[{"href":"https:\/\/ambmaputo.esteri.it\/it\/wp-json\/wp\/v2\/pages"}],"about":[{"href":"https:\/\/ambmaputo.esteri.it\/it\/wp-json\/wp\/v2\/types\/page"}],"author":[{"embeddable":true,"href":"https:\/\/ambmaputo.esteri.it\/it\/wp-json\/wp\/v2\/users\/4"}],"replies":[{"embeddable":true,"href":"https:\/\/ambmaputo.esteri.it\/it\/wp-json\/wp\/v2\/comments?post=984"}],"version-history":[{"count":3,"href":"https:\/\/ambmaputo.esteri.it\/it\/wp-json\/wp\/v2\/pages\/984\/revisions"}],"predecessor-version":[{"id":8174,"href":"https:\/\/ambmaputo.esteri.it\/it\/wp-json\/wp\/v2\/pages\/984\/revisions\/8174"}],"up":[{"embeddable":true,"href":"https:\/\/ambmaputo.esteri.it\/it\/wp-json\/wp\/v2\/pages\/47"}],"wp:attachment":[{"href":"https:\/\/ambmaputo.esteri.it\/it\/wp-json\/wp\/v2\/media?parent=984"}],"curies":[{"name":"wp","href":"https:\/\/api.w.org\/{rel}","templated":true}]}}