{"id":9542,"date":"2024-10-14T13:32:20","date_gmt":"2024-10-14T11:32:20","guid":{"rendered":"https:\/\/ambmaputo.esteri.it\/?page_id=9542"},"modified":"2024-10-28T14:19:45","modified_gmt":"2024-10-28T12:19:45","slug":"lingua-e-cultura-italiana","status":"publish","type":"page","link":"https:\/\/ambmaputo.esteri.it\/it\/italia-e-mozambico\/diplomazia-culturale\/lingua-e-cultura-italiana\/","title":{"rendered":"Lingua e Cultura italiana"},"content":{"rendered":"<p><strong>Settimana della Lingua Italiana nel Mondo<br \/>\n<\/strong><\/p>\n<p style=\"text-align: justify;\">La Settimana della Lingua Italiana nel Mondo \u00e8 un appuntamento che si tiene dal 2001 ogni anno nella terza settimana di ottobre. Organizzata dalla rete diplomatico-consolare e degli Istituti Italiani di Cultura assieme a MIC, MUR e ai principali partner della promozione linguistica in Italia (tra i quali Accademia della Crusca, Istituto dell\u2019Enciclopedia Italiana Treccani e Societ\u00e0 Dante Alighieri) e al Governo della Confederazione elvetica, la Settimana \u00e8 divenuta nel tempo una delle pi\u00f9 importanti iniziative dedicate alla celebrazione della lingua italiana nel mondo. Sin dalla sua istituzione, questo appuntamento ha ricevuto annualmente l\u2019Alto Patronato da parte della Presidenza della Repubblica.<\/p>\n<p style=\"text-align: justify;\">Ogni Settimana \u00e8 dedicata a un tema diverso, che serve da filo conduttore per un ricco programma di conferenze, mostre e incontri. La\u00a0<strong>XXIV edizione<\/strong>, in programma dal\u00a0<strong>14 al 20 ottobre<\/strong>, ha come tema\u00a0<strong>\u201cL\u2019italiano e il libro: il mondo fra le righe\u201d<\/strong>, con l\u2019obbiettivo di esplorare il nesso tra lingua e letteratura nel mondo contemporaneo \u2013 in particolare dei temi di attualit\u00e0 quali il rapporto fra intelligenza artificiale e traduzioni \u2013 valorizzando al contempo il ruolo del libro quale veicolo del patrimonio culturale, valoriale e identitario italiano.<\/p>\n<p style=\"text-align: justify;\">Il 2024 rappresenta un anno cruciale per il comparto editoriale italiano: l\u2019Italia sar\u00e0 infatti ospite d\u2019onore alle Fiere Internazionali del Libro di Tunisi (19-28 aprile) e di Varsavia (23-26 maggio) e alla prestigiosa Buchmesse di Francoforte (16-20 ottobre).<\/p>\n<p>&nbsp;<\/p>\n<h5><strong>Appuntamenti culturali<\/strong><\/h5>\n<p style=\"text-align: center;\"><img loading=\"lazy\" decoding=\"async\" class=\"aligncenter size-full wp-image-9525 img-fluid\" src=\"https:\/\/ambmaputo.esteri.it\/wp-content\/uploads\/2024\/10\/cartaz.png\" alt=\"\" width=\"1910\" height=\"317\" srcset=\"https:\/\/ambmaputo.esteri.it\/wp-content\/uploads\/2024\/10\/cartaz.png 1910w, https:\/\/ambmaputo.esteri.it\/wp-content\/uploads\/2024\/10\/cartaz-300x50.png 300w, https:\/\/ambmaputo.esteri.it\/wp-content\/uploads\/2024\/10\/cartaz-1024x170.png 1024w, https:\/\/ambmaputo.esteri.it\/wp-content\/uploads\/2024\/10\/cartaz-768x127.png 768w\" sizes=\"auto, (max-width: 1910px) 100vw, 1910px\" \/><\/p>\n<table class=\" aligncenter\" style=\"height: 809px;\" width=\"970\">\n<tbody>\n<tr>\n<td width=\"94\">Data<\/td>\n<td width=\"255\">evento<\/td>\n<td width=\"217\">partner<\/td>\n<td width=\"123\">luogo<\/td>\n<td width=\"217\">note<\/td>\n<\/tr>\n<tr>\n<td colspan=\"5\" width=\"907\">\n<p style=\"text-align: center;\"><strong>SETTIMANA DELLA LINGUA E CULTURA ITALIANA<\/strong><strong>\u00a0<\/strong><\/p>\n<\/td>\n<\/tr>\n<tr>\n<td width=\"94\">mercoled\u00ec, 16 ottobre<\/td>\n<td width=\"255\">Presentazione libro: Un giorno a Trisulti di Paola Rolletta e Maria Elena Catelli<\/td>\n<td width=\"217\">Ass. Dante Alighieri Maputo<\/p>\n<p>Facolt\u00e0 di Architettura<\/td>\n<td width=\"123\">Facolt\u00e0 di Architettura Maputo<\/td>\n<td width=\"217\">&nbsp;<\/p>\n<p><a href=\"https:\/\/ambmaputo.esteri.it\/wp-content\/uploads\/2024\/10\/un-giorno-a-trisulti.jpeg\">LINK<\/a><\/td>\n<\/tr>\n<tr>\n<td width=\"94\">gioved\u00ec, 17 ottobre<\/td>\n<td width=\"255\"><a href=\"https:\/\/ambmaputo.esteri.it\/wp-content\/uploads\/2024\/10\/Mirella.pdf\">Premio Mirella Irace<\/a><\/td>\n<td width=\"217\">Dante<\/td>\n<td width=\"123\">Calypso<\/td>\n<td width=\"217\"><a href=\"https:\/\/ambmaputo.esteri.it\/wp-content\/uploads\/2024\/10\/premio-mirella.jpeg\">LINK<\/a><\/td>\n<\/tr>\n<tr>\n<td width=\"94\">sabato, 19 ottobre<\/td>\n<td width=\"255\">Fiera del Libro (varie attivit\u00e0 per bambini) &#8211; Presentazione libro I Crocomacacos e le insidie di Matanatu di Fabrizio Falcone e Rafo Dias<\/td>\n<td width=\"217\">Scuola Italiana G. Falcone di Maputo e Ass. Dante Alighieri Maputo<\/td>\n<td width=\"123\">Scuola Italiana G. Falcone di Maputo<\/td>\n<td width=\"217\"><a href=\"https:\/\/ambmaputo.esteri.it\/wp-content\/uploads\/2024\/10\/cartaz-geral.jpeg\">LINK<\/a><\/td>\n<\/tr>\n<tr>\n<td width=\"94\">21-30 ottobre<\/td>\n<td width=\"255\">Realizzazione murales (dedicato alla musica) per la promozione dello scambio culturale Italo-Mozambicano<\/td>\n<td width=\"217\">Orticanoodles (Milano) e Coana (Maputo)<\/p>\n<p>Municipio di Maputo<\/p>\n<p>Conservatorio Musiarte<\/td>\n<td width=\"123\">Travessa Tenente Paladim<\/p>\n<p>(Baixa)<\/td>\n<td width=\"217\">Progetto di riqualificazione dello spazio urbano in collaborazione con il conservatorio Musiarte e Municipio di Maputo<\/p>\n<p><a href=\"https:\/\/mailchi.mp\/soncainternational\/musiarte-i-somos-qualidade-e-profissionalismo-16527966?e=e936a77c37\">link<\/a><\/p>\n<p><a href=\"https:\/\/www.facebook.com\/share\/p\/YcWS7UB4B2M4QzE3\/\">link<\/a><\/p>\n<p><a href=\"https:\/\/www.facebook.com\/share\/p\/54gpJz4dbAL11esN\/\">link<\/a><\/td>\n<\/tr>\n<tr>\n<td width=\"94\">mercoled\u00ec, 30 ottobre<\/p>\n<p>&nbsp;<\/td>\n<td width=\"255\">Concerto Stella Mendon\u00e7a e<\/p>\n<p>Inaugurazione murales<\/td>\n<td width=\"217\">Conservatorio Musiarte<\/p>\n<p>Conservatorio A. Steffani di\u00a0 Castelfranco Veneto<\/td>\n<td width=\"123\">Travessa Tenente Paladim<\/td>\n<td width=\"217\"><strong>\u00a0 \u00a0 Solo su invito<\/strong><\/td>\n<\/tr>\n<\/tbody>\n<\/table>\n<table class=\" aligncenter\" width=\"973\">\n<tbody>\n<tr>\n<td width=\"113\">Data<\/td>\n<td width=\"284\">evento<\/td>\n<td width=\"255\">partner<\/td>\n<td width=\"198\">luogo<\/td>\n<td width=\"123\">note<\/td>\n<\/tr>\n<tr>\n<td colspan=\"5\" width=\"973\">\n<p style=\"text-align: center;\"><strong>FESTIVAL CINEMA EUROPEO ESWATINI &#8211; MBABANE<\/strong><strong>\u00a0<\/strong><\/p>\n<\/td>\n<\/tr>\n<tr>\n<td width=\"113\">sabato, 26 ottobre<\/td>\n<td width=\"284\">Proiezione film \u201cC\u2019\u00e8\u2019 ancora domani\u201d con sottotitoli in inglese<\/td>\n<td width=\"255\">Unione Europea in Eswatini, Alliance fran\u00e7aise in Eswatini<\/td>\n<td width=\"198\">Mbabane, Alliance Fran\u00e7aise<\/td>\n<td width=\"123\">&nbsp;<\/p>\n<p><a href=\"https:\/\/www.facebook.com\/share\/p\/6eerCAscLHzfLpYX\/\">LINK<\/a><\/td>\n<\/tr>\n<\/tbody>\n<\/table>\n<table class=\" aligncenter\" style=\"height: 457px;\" width=\"978\">\n<tbody>\n<tr>\n<td width=\"104\">Data<\/td>\n<td width=\"227\">evento<\/td>\n<td width=\"312\">partner<\/td>\n<td width=\"161\">luogo<\/td>\n<td width=\"113\">note<\/td>\n<\/tr>\n<tr>\n<td colspan=\"5\" width=\"916\">\n<p style=\"text-align: center;\"><strong>FESTA DELLA CITTA\u2019 DI MAPUTO &#8211; CIRCO ZOE\u2019<\/strong><\/p>\n<\/td>\n<\/tr>\n<tr>\n<td width=\"104\">venerd\u00ec 1 novembre<\/td>\n<td width=\"227\">\u00a0Spettacolo \u201cLOVE\u201d<\/p>\n<p>Circo contemporaneo<\/td>\n<td width=\"312\">Municipio de Maputo<\/p>\n<p>CCFM- Centro Culturale Franco Mozambicano<\/td>\n<td width=\"161\">CCFM- Maputo<\/td>\n<td width=\"113\"><a href=\"https:\/\/ambmaputo.esteri.it\/wp-content\/uploads\/2024\/10\/HD_CCFM-Circo-Feed.jpg\">LINK<\/a><\/td>\n<\/tr>\n<tr>\n<td width=\"104\">gioved\u00ec, 7 novembre<\/td>\n<td width=\"227\">Spettacolo in strada<\/p>\n<p>Circo contemporaneo<\/td>\n<td width=\"312\">Municipio de Maputo<\/p>\n<p>Ntsindya -Centro Cultural Municipal<\/td>\n<td width=\"161\">Ntsindya -Centro Cultural Municipal<\/td>\n<td width=\"113\"><\/td>\n<\/tr>\n<tr>\n<td width=\"104\">sabato, 9 novembre<\/td>\n<td width=\"227\">Spettacolo in piazza<\/p>\n<p>Circo contemporaneo<\/td>\n<td width=\"312\">Municipio de Maputo<\/p>\n<p>Ntsindya -Centro Cultural Municipal<\/td>\n<td width=\"161\">Praca da Indipendencia<\/td>\n<td width=\"113\"><\/td>\n<\/tr>\n<\/tbody>\n<\/table>\n<table class=\" aligncenter\" width=\"992\">\n<tbody>\n<tr>\n<td width=\"104\">Data<\/td>\n<td width=\"227\">evento<\/td>\n<td width=\"217\">partner<\/td>\n<td width=\"189\">luogo<\/td>\n<td width=\"255\">note<\/td>\n<\/tr>\n<tr>\n<td colspan=\"5\" width=\"992\">\n<p style=\"text-align: center;\"><strong>FESTIVAL POETA D\u2019 ALMA<\/strong><\/p>\n<\/td>\n<\/tr>\n<tr>\n<td width=\"104\">mercoled\u00ec, 27 novembre<\/td>\n<td width=\"227\">\u00a0Antonio Forcione quartet<\/p>\n<p>in concert<\/td>\n<td width=\"217\">Festival poeta d\u2019Alma<\/td>\n<td width=\"189\">Centro Cultural Mocambique China<\/td>\n<td width=\"255\"><a href=\"https:\/\/www.youtube.com\/watch?v=vuzyh-MCk0E&amp;t=9s\">LINK<\/a><\/td>\n<\/tr>\n<tr>\n<td width=\"104\">gioved\u00ec, 28 novembre<\/td>\n<td width=\"227\">Spettacolo &#8220;L&#8217;uomo dal fiore in bocca&#8221; (2\u00aa data)<\/td>\n<td width=\"217\">Compagnia Mbew<\/td>\n<td width=\"189\">Festival Poetas da alma<\/td>\n<td width=\"255\">Seguiranno maggiori informazioni<\/td>\n<\/tr>\n<tr>\n<td width=\"104\">gioved\u00ec, 5 dicembre<\/td>\n<td width=\"227\">Spettacolo &#8220;L&#8217;uomo dal fiore in bocca&#8221; (3\u00aa data)<\/td>\n<td width=\"217\">Compagnia Mbew<\/td>\n<td width=\"189\">Utopia-Mafalala<\/td>\n<td width=\"255\"><\/td>\n<\/tr>\n<\/tbody>\n<\/table>\n","protected":false},"excerpt":{"rendered":"Settimana della Lingua Italiana nel Mondo La Settimana della Lingua Italiana nel Mondo \u00e8 un appuntamento che si tiene dal 2001 ogni anno nella terza settimana di ottobre. Organizzata dalla rete diplomatico-consolare e degli Istituti Italiani di Cultura assieme a MIC, MUR e ai principali partner della promozione linguistica in Italia (tra i quali Accademia [&hellip;]","protected":false},"author":11,"featured_media":0,"parent":44,"menu_order":0,"comment_status":"closed","ping_status":"closed","template":"","meta":{"footnotes":""},"class_list":["post-9542","page","type-page","status-publish","hentry"],"_links":{"self":[{"href":"https:\/\/ambmaputo.esteri.it\/it\/wp-json\/wp\/v2\/pages\/9542","targetHints":{"allow":["GET"]}}],"collection":[{"href":"https:\/\/ambmaputo.esteri.it\/it\/wp-json\/wp\/v2\/pages"}],"about":[{"href":"https:\/\/ambmaputo.esteri.it\/it\/wp-json\/wp\/v2\/types\/page"}],"author":[{"embeddable":true,"href":"https:\/\/ambmaputo.esteri.it\/it\/wp-json\/wp\/v2\/users\/11"}],"replies":[{"embeddable":true,"href":"https:\/\/ambmaputo.esteri.it\/it\/wp-json\/wp\/v2\/comments?post=9542"}],"version-history":[{"count":7,"href":"https:\/\/ambmaputo.esteri.it\/it\/wp-json\/wp\/v2\/pages\/9542\/revisions"}],"predecessor-version":[{"id":9687,"href":"https:\/\/ambmaputo.esteri.it\/it\/wp-json\/wp\/v2\/pages\/9542\/revisions\/9687"}],"up":[{"embeddable":true,"href":"https:\/\/ambmaputo.esteri.it\/it\/wp-json\/wp\/v2\/pages\/44"}],"wp:attachment":[{"href":"https:\/\/ambmaputo.esteri.it\/it\/wp-json\/wp\/v2\/media?parent=9542"}],"curies":[{"name":"wp","href":"https:\/\/api.w.org\/{rel}","templated":true}]}}