{"id":897,"date":"2023-11-20T16:06:44","date_gmt":"2023-11-20T14:06:44","guid":{"rendered":"https:\/\/ambmaputo.esteri.it\/?page_id=897"},"modified":"2023-11-20T16:06:44","modified_gmt":"2023-11-20T14:06:44","slug":"attestazione-di-accompagnamento-per-i-minori-di-14-anni","status":"publish","type":"page","link":"https:\/\/ambmaputo.esteri.it\/it\/servizi-consolari-e-visti\/servizi-per-il-cittadino-italiano\/passaporti-e-carte-didentita\/attestazione-di-accompagnamento-per-i-minori-di-14-anni\/","title":{"rendered":"Attestazione di accompagnamento per i minori di 14 anni"},"content":{"rendered":"<p>Fino al compimento dei 14 anni i minori italiani possono espatriare a condizione che viaggino accompagnati da almeno un genitore o da chi ne fa le veci oppure che venga menzionato sul passaporto, o su un\u2019attestazione di dichiarazione di accompagnamento, il nome della persona o dell\u2019Ente\/Compagnia aerea cui il minore \u00e8 affidato (articolo 3, lettera a) della legge n. 1185 del 21.11.1967). L&#8217;affidamento pu\u00f2 avvenire anche a favore di pi\u00f9 persone o di pi\u00f9 compagnie aeree.<\/p>\n<p>L\u2019attestazione o la menzione sul passaporto ha di norma una validit\u00e0 massima di 6 mesi, per un solo viaggio di andata e\/o ritorno con destinazione determinata. Viene rilasciata gratuitamente dall\u2019Ufficio consolare dell\u2019Ambasciata per tutti i minori di 14 anni residenti in Mozambico, Botswana ed Eswatini, su espressa domanda dei genitori, che possono richiederla presentando la dichiarazione di accompagnamento, reperibile alla voce\u00a0<a href=\"https:\/\/ambmaputo.esteri.it\/it\/servizi-consolari-e-visti\/servizi-per-il-cittadino-italiano\/modulistica\/\">Modulistica<\/a>.<\/p>\n<p>La dichiarazione pu\u00f2 essere sottoscritta in Ambasciata alla presenza del funzionario consolare o trasmessa, anche per via telematica (e-mail), allegando copia di un documento d\u2019identit\u00e0 dei genitori (si rammenta che la firma del genitore o del tutore di cittadinanza extra-europea deve necessariamente essere apposta alla presenza del funzionario consolare per la sua autenticazione).<\/p>\n","protected":false},"excerpt":{"rendered":"Fino al compimento dei 14 anni i minori italiani possono espatriare a condizione che viaggino accompagnati da almeno un genitore o da chi ne fa le veci oppure che venga menzionato sul passaporto, o su un\u2019attestazione di dichiarazione di accompagnamento, il nome della persona o dell\u2019Ente\/Compagnia aerea cui il minore \u00e8 affidato (articolo 3, lettera [&hellip;]","protected":false},"author":4,"featured_media":0,"parent":49,"menu_order":0,"comment_status":"closed","ping_status":"closed","template":"","meta":{"footnotes":""},"class_list":["post-897","page","type-page","status-publish","hentry"],"_links":{"self":[{"href":"https:\/\/ambmaputo.esteri.it\/it\/wp-json\/wp\/v2\/pages\/897","targetHints":{"allow":["GET"]}}],"collection":[{"href":"https:\/\/ambmaputo.esteri.it\/it\/wp-json\/wp\/v2\/pages"}],"about":[{"href":"https:\/\/ambmaputo.esteri.it\/it\/wp-json\/wp\/v2\/types\/page"}],"author":[{"embeddable":true,"href":"https:\/\/ambmaputo.esteri.it\/it\/wp-json\/wp\/v2\/users\/4"}],"replies":[{"embeddable":true,"href":"https:\/\/ambmaputo.esteri.it\/it\/wp-json\/wp\/v2\/comments?post=897"}],"version-history":[{"count":1,"href":"https:\/\/ambmaputo.esteri.it\/it\/wp-json\/wp\/v2\/pages\/897\/revisions"}],"predecessor-version":[{"id":898,"href":"https:\/\/ambmaputo.esteri.it\/it\/wp-json\/wp\/v2\/pages\/897\/revisions\/898"}],"up":[{"embeddable":true,"href":"https:\/\/ambmaputo.esteri.it\/it\/wp-json\/wp\/v2\/pages\/49"}],"wp:attachment":[{"href":"https:\/\/ambmaputo.esteri.it\/it\/wp-json\/wp\/v2\/media?parent=897"}],"curies":[{"name":"wp","href":"https:\/\/api.w.org\/{rel}","templated":true}]}}