{"id":89,"date":"2023-04-11T18:22:07","date_gmt":"2023-04-11T16:22:07","guid":{"rendered":"https:\/\/ambasciatapraga.esteri.it\/?page_id=89"},"modified":"2025-11-25T16:38:55","modified_gmt":"2025-11-25T14:38:55","slug":"visti","status":"publish","type":"page","link":"https:\/\/ambmaputo.esteri.it\/it\/servizi-consolari-e-visti\/servizi-per-il-cittadino-straniero\/visti\/","title":{"rendered":"Visti"},"content":{"rendered":"<p><em>Si informa che a partire <strong>dal 15 gennaio 2024 <\/strong>la presentazione delle richieste di visto d\u2019ingresso per l\u2019Italia e per la legalizzazione dei documenti saranno gestite per conto di questa Ambasciata dalla societ\u00e0 VFS Global con sede a Maputo al 6\u00b0 piano del Maputo Shopping Centre (rua Ngungunhane). VFS sar\u00e0, in particolare, incaricata della ricezione delle domande di visto, incasso delle percezioni consolari e restituzione dei passaporti agli utenti una volta che l\u2019Ambasciata avr\u00e0 valutato le relative pratiche.<\/em><\/p>\n<p><em>La societ\u00e0 VFS Global fornir\u00e0 anche un servizio di informazione e assistenza al numero di telefono <\/em><a href=\"https:\/\/visa.vfsglobal.com\/moz\/en\/ita\/contact-us\"><em>presente sulla seguente pagina<\/em><\/a><em> o all\u2019indirizzo di posta elettronica <\/em><a href=\"mailto:info.italymoz@vfsglobal.com\"><em>info.italymoz@vfsglobal.com<\/em><\/a><em>.<\/em><\/p>\n<p><em>Al fine di migliorare il servizio per tutta l\u2019utenza, si informa pertanto che questa Ambasciata non accetter\u00e0 pi\u00f9 domande di visto presso i propri sportelli. Pertanto, conformemente al Considerando 6 del Reg. (UE) 1155 del 2019, <strong>a partire dal 17 gennaio, non sar\u00e0 pi\u00f9 possibile prendere un appuntamento sul portale Prenot@mi per finalit\u00e0 di visto, eccetto che per i familiari dei cittadini UE (direttiva 2004\/38\/CE)<\/strong>: da tale data, gli appuntamenti presi per tali finalit\u00e0 saranno pertanto cancellati o comunque disattesi.<\/em><\/p>\n<p>Si fa presente che in generale la tempistica per la trattazione delle richieste va da un minimo di 15 giorni ad un massimo di 45 giorni. Si prega di voler presentare una prenotazione aerea con una data di partenza di minimo 15 giorni dopo la data di presentazione della domanda.<\/p>\n<p>&nbsp;<\/p>\n<p><strong>COME OTTENERE IL VISTO?<\/strong><\/p>\n<ol>\n<li>Gli utenti potranno fare domanda di visto presso l\u2019Agenzia VFS<strong> senza necessit\u00e0 di appuntamento, tutti i giorni feriali tra le 08:00 e le 14:00 <\/strong>o via appuntamento (<a href=\"https:\/\/visa.vfsglobal.com\/moz\/en\/ita\/apply-visa\">https:\/\/visa.vfsglobal.com\/moz\/en\/ita\/apply-visa<\/a>)<\/li>\n<li>i <strong>familiari di cittadini UE<\/strong> ex art. 2 del Decreto Legislativo 30\/2007 (coniuge, parte di unione civile, ascendenti diretti a carico e quelli del coniuge\/unito, discendenti diretti di et\u00e0 inferiore ai 21 anni o a carico e quelli del coniuge\/unito) che accompagnano o raggiungono un cittadino dell\u2019UE usufruiscono di particolari facilitazioni:\n<ul>\n<li>possono presentare domanda di visto presso l\u2019Ambasciata d\u2019Italia a Maputo, richiedendo un appuntamento tramite il portale <a href=\"https:\/\/prenotami.esteri.it\/\">Prenot@mi<\/a> e presentando la documentazione indicata nella specifica check list (TURISMO &#8211; FAMILIARI UE), disponibile alla voce \u201c<a href=\"https:\/\/ambmaputo.esteri.it\/it\/servizi-consolari-e-visti\/servizi-per-il-cittadino-straniero\/modulistica\/\">modulistica<\/a>\u201d di questo sito;<\/li>\n<li>hanno diritto alla trattazione della domanda di visto gratuita e prioritaria.<\/li>\n<\/ul>\n<\/li>\n<li>Le domande di visto Schengen richieste da persone che risiedono in localit\u00e0 pi\u00f9 vicine alla citt\u00e0 di <strong>Beira<\/strong> che a quella di Maputo possono essere presentate presso il <a href=\"https:\/\/beira.consuladoportugal.mne.gov.pt\/pt\/assuntos-consulares\/vistos#estados-membros-representados\">Consolato Generale del Portogallo a Beira<\/a>.<\/li>\n<li>Compilare il formulario online per il visto C Schengen, oppure scaricare il formulario per il visto D nazionale, disponibili alla voce \u201c<a href=\"https:\/\/ambmaputo.esteri.it\/it\/servizi-consolari-e-visti\/servizi-per-il-cittadino-straniero\/modulistica\/\">modulistica<\/a>\u201d di questo sito.<\/li>\n<li>I cittadini residenti in Botswana possono chiedere il visto presso il <a href=\"https:\/\/consjohannesburg.esteri.it\/consolato_johannesburg\/it\/\">Consolato Generale di Johannesburg<\/a> tramite l\u2019Ufficio dell\u2019outsourcing in Gaborone (<a href=\"mailto:minfo.itza@vfshelpline.com\">itza@vfshelpline.com<\/a>).<\/li>\n<\/ol>\n<p>Nel giorno della presentazione della domanda \u00e8 necessaria la <strong>presenza fisica del richiedente<\/strong> per la raccolta dei <strong>dati biometrici <\/strong>(impronte digitali). Fanno eccezione i bambini di et\u00e0 inferiore a dodici anni e coloro con particolari esigenze fisiche.<\/p>\n<p><strong><br \/>\nCOSA DEVO PORTARE CON ME IL GIORNO DELLA PRESENTAZIONE DELLA DOMANDA?<\/strong><\/p>\n<ol>\n<li>La lista dei documenti per richiedere il visto di turismo, visita a familiari e amici e il visto di invito di enti pubblici e privati \u00e8 disponibile alla voce \u201c<a href=\"https:\/\/ambmaputo.esteri.it\/it\/servizi-consolari-e-visti\/servizi-per-il-cittadino-straniero\/modulistica\/\">modulistica<\/a>\u201d di questo sito.<\/li>\n<li>Per tutte le altre tipologie di visto, la documentazione completa da presentare \u00e8 reperibile sul portale MAECI (<a href=\"https:\/\/vistoperitalia.esteri.it\/?lang=it_IT\">https:\/\/vistoperitalia.esteri.it\/<\/a>) o sul portale dell\u2019Agenzia VFS (<a href=\"https:\/\/visa.vfsglobal.com\/moz\/en\/ita\/apply-visa\">Apply for a visa | vfsglobal<\/a>)<\/li>\n<li>per<strong> chi non \u00e8 cittadino dei paesi <\/strong>della circoscrizione consolare (Mozambico, Eswatini o Botswana), bisogna presentare la <strong>prova di residenza <\/strong>in uno di tali paesi;<\/li>\n<li>per i <strong>minori che viaggiano soli, serve il consenso espresso da genitori <\/strong>o dal tutore legale. Se il <strong>minore <\/strong><strong>viaggia con<\/strong> <strong>un solo genitore, serve il consenso espresso dell\u2019altro.<\/strong><\/li>\n<\/ol>\n<p>&nbsp;<\/p>\n<p><strong>PERCEZIONI CONSOLARI<\/strong><\/p>\n<p>Lista aggiornata delle percezioni per il rilascio del visto:<\/p>\n<ul>\n<li>90 euro per visti Schengen;<\/li>\n<li>116 euro per i visti nazionali di lunga durata;<\/li>\n<li>50 euro per i visti nazionali di lunga durata per motivi di studio.<\/li>\n<li>Gratuit\u00e0 per i visti di breve e lunga durata per familiari di cittadini UE e per i minori di 6 anni.<\/li>\n<\/ul>\n<p>&nbsp;<\/p>\n<p><strong><br \/>\nVISTI PER STUDIO<\/strong><\/p>\n<p>Oltre a quanto sopra indicato, per ottenere un visto per motivi di studio \u00e8 necessario aver completato la procedura di <strong>iscrizione o pre-iscrizione <\/strong>al corso di studi da seguire in Italia, tramite il <strong>portale UNIVERSITALY<\/strong> <a href=\"http:\/\/www.universitaly.it\/\">www.universitaly.it<\/a><\/p>\n<p>&nbsp;<\/p>\n<p><strong>TITOLARI DI PASSAPORTO DIPLOMATICO E DI SERVIZIO<\/strong><\/p>\n<p><strong>I cittadini del Mozambico titolari di passaporto <u>diplomatico<\/u> sono esentati dall\u2019obbligo di visto per soggiorni in Italia fino a 90 giorn<\/strong><strong>i <\/strong>(in uno o pi\u00f9 periodi) nell\u2019arco di 6 mesi.<\/p>\n<p><strong>I cittadini dell\u2019Eswatini e del Botswana titolari di passaporto <u>diplomatico<\/u> e <u>di servizio<\/u> sono esentati dall\u2019obbligo di visto per soggiorni in Italia\u00a0fino a 90 giorn<\/strong><strong>i <\/strong>(in uno o pi\u00f9 periodi) nell\u2019arco di 6 mesi.<\/p>\n<p>Il formulario di domanda di visto e il facsimile della lettera d\u2019invito sono disponibili alla voce \u201c<a href=\"https:\/\/ambmaputo.esteri.it\/it\/servizi-consolari-e-visti\/servizi-per-il-cittadino-straniero\/modulistica\/\">modulistica<\/a>\u201d di questo sito.<\/p>\n<p>Per ogni necessit\u00e0 potete scrivere a <a href=\"mailto:consolare.maputo@esteri.it\">consolare.maputo@esteri.it<\/a><\/p>\n<p>&nbsp;<\/p>\n","protected":false},"excerpt":{"rendered":"Si informa che a partire dal 15 gennaio 2024 la presentazione delle richieste di visto d\u2019ingresso per l\u2019Italia e per la legalizzazione dei documenti saranno gestite per conto di questa Ambasciata dalla societ\u00e0 VFS Global con sede a Maputo al 6\u00b0 piano del Maputo Shopping Centre (rua Ngungunhane). VFS sar\u00e0, in particolare, incaricata della ricezione [&hellip;]","protected":false},"author":1,"featured_media":0,"parent":48,"menu_order":0,"comment_status":"closed","ping_status":"closed","template":"","meta":{"footnotes":""},"class_list":["post-89","page","type-page","status-publish","hentry"],"_links":{"self":[{"href":"https:\/\/ambmaputo.esteri.it\/it\/wp-json\/wp\/v2\/pages\/89","targetHints":{"allow":["GET"]}}],"collection":[{"href":"https:\/\/ambmaputo.esteri.it\/it\/wp-json\/wp\/v2\/pages"}],"about":[{"href":"https:\/\/ambmaputo.esteri.it\/it\/wp-json\/wp\/v2\/types\/page"}],"author":[{"embeddable":true,"href":"https:\/\/ambmaputo.esteri.it\/it\/wp-json\/wp\/v2\/users\/1"}],"replies":[{"embeddable":true,"href":"https:\/\/ambmaputo.esteri.it\/it\/wp-json\/wp\/v2\/comments?post=89"}],"version-history":[{"count":6,"href":"https:\/\/ambmaputo.esteri.it\/it\/wp-json\/wp\/v2\/pages\/89\/revisions"}],"predecessor-version":[{"id":10933,"href":"https:\/\/ambmaputo.esteri.it\/it\/wp-json\/wp\/v2\/pages\/89\/revisions\/10933"}],"up":[{"embeddable":true,"href":"https:\/\/ambmaputo.esteri.it\/it\/wp-json\/wp\/v2\/pages\/48"}],"wp:attachment":[{"href":"https:\/\/ambmaputo.esteri.it\/it\/wp-json\/wp\/v2\/media?parent=89"}],"curies":[{"name":"wp","href":"https:\/\/api.w.org\/{rel}","templated":true}]}}