{"id":790,"date":"2023-11-20T11:51:26","date_gmt":"2023-11-20T09:51:26","guid":{"rendered":"https:\/\/ambmaputo.esteri.it\/?page_id=790"},"modified":"2023-11-20T11:51:26","modified_gmt":"2023-11-20T09:51:26","slug":"covid-19","status":"publish","type":"page","link":"https:\/\/ambmaputo.esteri.it\/it\/servizi-consolari-e-visti\/servizi-per-il-cittadino-italiano\/assistenza-ai-cittadini-allestero\/covid-19\/","title":{"rendered":"COVID-19"},"content":{"rendered":"<p><strong>LIMITAZIONE DEI SERVIZI AL PUBBLICO DELL&#8217;AMBASCIATA D&#8217;ITALIA A MAPUTO<\/strong><\/p>\n<p>Dopo il periodo di crisi pandemica i servizi dell\u2019ambasciata tornano ad essere erogati regolarmente.<\/p>\n<p>Preghiamo gli utenti, prima di recarsi in Ambasciata, di voler\u00a0<strong>prendere appuntamento tramite il portale Prenot@mi<\/strong>.<\/p>\n<p>Per pratiche attinenti residenza all\u2019estero e iscrizione all\u2019AIRE \u00e8\u00a0possibile anche effettuare gran parte dell&#8217;iter online senza necessit\u00e0 di recarsi in Ambasciata tramite il portale\u00a0<a title=\"Link al sito di FAST-IT\" href=\"https:\/\/serviziconsolari.esteri.it\/ScoFE\/index.sco\">FAST-IT<\/a>.<\/p>\n<p>&nbsp;<\/p>\n<p><strong>SITUAZIONE IN ITALIA E RIENTRO DEI CONNAZIONALI<\/strong><\/p>\n<p><strong>Dal 1 giugno 2022, non \u00e8 pi\u00f9 richiesto il Green Pass n\u00e9 altra certificazione equivalente per l\u2019ingresso o il rientro in Italia.<\/strong><\/p>\n<p>Le misure restrittive per gli arrivi dall\u2019estero dovute al COVID-19 non sono pi\u00f9 in vigore.<\/p>\n<p>&nbsp;<\/p>\n<p><strong>SITUAZIONE IN MOZAMBICO<\/strong><\/p>\n<p>3. Dal 1 maggio 2023, non \u00e8 pi\u00f9 richiesto il Green Pass n\u00e9 altra certificazione equivalente per l\u2019ingresso in Mozambico.<\/p>\n<p>&nbsp;<\/p>\n<p><strong>SITUAZIONE IN ESWATINI<\/strong><\/p>\n<p>I<strong>\u00a0voli commerciali\u00a0<\/strong>da e per il paese sono<strong>\u00a0ripresi.<\/strong>\u00a0Per fare ingresso nel Paese\u00a0<strong>non \u00e8 pi\u00f9 necessario presentare un certificato c<\/strong>he attesti il completamento del ciclo vaccinale anti-COVID o in alternativa, un test COVID con risultati negativi.<strong><br \/>\n<\/strong><\/p>\n<p>&nbsp;<\/p>\n<p><strong>SITUAZIONE IN BOTSWANA<\/strong><\/p>\n<p>I\u00a0<strong>voli commerciali<\/strong>\u00a0da e per il paese sono\u00a0<strong>ripresi<\/strong>. Per fare ingresso nel Paese\u00a0<strong>non \u00e8 pi\u00f9 necessario presentare un certificato<\/strong>\u00a0che attesti il completamento del ciclo vaccinale anti-COVID o in alternativa, un test COVID con risultati negativi.<\/p>\n<p>&nbsp;<\/p>\n<p><strong>COVID-19. RACCOMANDAZIONI PER LA PREVENZIONE<\/strong><\/p>\n<p>Si attira l\u2019attenzione di tutti i connazionaali sulle misure di prevenzione contro il contagio da Coronavirus raccomandate dal Ministero della Salute italiano (si veda in particolare la sezione \u201cPrevenzione e trattamento&#8221; del sito internet del Ministero della Salute<\/p>\n<p><a href=\"http:\/\/www.salute.gov.it\/portale\/nuovocoronavirus\/dettaglioOpuscoliNuovoCoronavirus.jsp?lingua=italiano&amp;id=443\">http:\/\/www.salute.gov.it\/portale\/nuovocoronavirus\/dettaglioOpuscoliNuovoCoronavirus.jsp?lingua=italiano&amp;id=443<\/a><\/p>\n<p>Si invita, per quanto possibile, ad attenersi alle raccomandazioni sopra richiamate, in aggiunta a quanto indicato dalle autorit\u00e0 locali.<\/p>\n","protected":false},"excerpt":{"rendered":"LIMITAZIONE DEI SERVIZI AL PUBBLICO DELL&#8217;AMBASCIATA D&#8217;ITALIA A MAPUTO Dopo il periodo di crisi pandemica i servizi dell\u2019ambasciata tornano ad essere erogati regolarmente. Preghiamo gli utenti, prima di recarsi in Ambasciata, di voler\u00a0prendere appuntamento tramite il portale Prenot@mi. Per pratiche attinenti residenza all\u2019estero e iscrizione all\u2019AIRE \u00e8\u00a0possibile anche effettuare gran parte dell&#8217;iter online senza necessit\u00e0 [&hellip;]","protected":false},"author":4,"featured_media":0,"parent":69,"menu_order":0,"comment_status":"closed","ping_status":"closed","template":"","meta":{"footnotes":""},"class_list":["post-790","page","type-page","status-publish","hentry"],"_links":{"self":[{"href":"https:\/\/ambmaputo.esteri.it\/it\/wp-json\/wp\/v2\/pages\/790","targetHints":{"allow":["GET"]}}],"collection":[{"href":"https:\/\/ambmaputo.esteri.it\/it\/wp-json\/wp\/v2\/pages"}],"about":[{"href":"https:\/\/ambmaputo.esteri.it\/it\/wp-json\/wp\/v2\/types\/page"}],"author":[{"embeddable":true,"href":"https:\/\/ambmaputo.esteri.it\/it\/wp-json\/wp\/v2\/users\/4"}],"replies":[{"embeddable":true,"href":"https:\/\/ambmaputo.esteri.it\/it\/wp-json\/wp\/v2\/comments?post=790"}],"version-history":[{"count":1,"href":"https:\/\/ambmaputo.esteri.it\/it\/wp-json\/wp\/v2\/pages\/790\/revisions"}],"predecessor-version":[{"id":792,"href":"https:\/\/ambmaputo.esteri.it\/it\/wp-json\/wp\/v2\/pages\/790\/revisions\/792"}],"up":[{"embeddable":true,"href":"https:\/\/ambmaputo.esteri.it\/it\/wp-json\/wp\/v2\/pages\/69"}],"wp:attachment":[{"href":"https:\/\/ambmaputo.esteri.it\/it\/wp-json\/wp\/v2\/media?parent=790"}],"curies":[{"name":"wp","href":"https:\/\/api.w.org\/{rel}","templated":true}]}}