{"id":67,"date":"2023-04-11T18:17:44","date_gmt":"2023-04-11T16:17:44","guid":{"rendered":"https:\/\/ambasciatapraga.esteri.it\/?page_id=67"},"modified":"2023-11-20T16:25:43","modified_gmt":"2023-11-20T14:25:43","slug":"emergency-travel-documents-etd","status":"publish","type":"page","link":"https:\/\/ambmaputo.esteri.it\/it\/servizi-consolari-e-visti\/servizi-per-il-cittadino-italiano\/passaporti-e-carte-didentita\/emergency-travel-documents-etd\/","title":{"rendered":"Emergency Travel Documents (ETD)"},"content":{"rendered":"<p>In situazioni di emergenza, ad esempio in caso di smarrimento o furto del passaporto con necessit\u00e0 di rientrare tempestivamente in Italia, l\u2019Ufficio consolare dell\u2019Ambasciata pu\u00f2 rilasciare un documento provvisorio di viaggio (E.T.D. &#8211; Emergency Travel Document). L\u2019E.T.D. vale solo per il viaggio di rientro in Italia o nel Paese di residenza abituale (solo in casi eccezionali pu\u00f2 essere rilasciato per una diversa destinazione), la cui validit\u00e0 \u00e8 limitata al tempo strettamente necessario per raggiungere la destinazione finale del viaggio.<\/p>\n<p>Per ottenere il documento, occorre presentarsi in Ambasciata con la seguente documentazione:<\/p>\n<ul>\n<li>2 fotografie (formato 4&#215;4 cm, frontali, con sfondo bianco);<\/li>\n<li>altro documento di identit\u00e0 quale carta di identit\u00e0 o patente (anche in fotocopia) o fotocopia del passaporto rubato\/smarrito. In assenza, l\u2019ufficio consolare dovr\u00e0 procedere agli opportuni accertamenti di identit\u00e0 prima di procedere al rilascio dell\u2019ETD.<\/li>\n<\/ul>\n<p>E\u2019 opportuno presentare la denuncia di furto o smarrimento del passaporto anche alle locali Autorit\u00e0 di Polizia, ai fini di facilitare il transito alla frontiera.<\/p>\n<p>Si consiglia vivamente di conservare, in un luogo diverso da quello in cui vengono custoditi i documenti originali, una fotocopia dei documenti pi\u00f9 importanti (passaporto, carta d&#8217;identit\u00e0, carta di credito) per facilitare le procedure di assistenza in caso di furto o smarrimento.<\/p>\n<p>L\u2019ETD pu\u00f2 essere rilasciato anche a cittadini di altri Paesi membri dell\u2019Unione europea previa acquisizione dell\u2019autorizzazione formale da parte della competente rappresentanza diplomatico-consolare o del Ministero degli Esteri del Paese di appartenenza del richiedente.<\/p>\n","protected":false},"excerpt":{"rendered":"In situazioni di emergenza, ad esempio in caso di smarrimento o furto del passaporto con necessit\u00e0 di rientrare tempestivamente in Italia, l\u2019Ufficio consolare dell\u2019Ambasciata pu\u00f2 rilasciare un documento provvisorio di viaggio (E.T.D. &#8211; Emergency Travel Document). L\u2019E.T.D. vale solo per il viaggio di rientro in Italia o nel Paese di residenza abituale (solo in casi [&hellip;]","protected":false},"author":1,"featured_media":0,"parent":49,"menu_order":2,"comment_status":"closed","ping_status":"closed","template":"","meta":{"footnotes":""},"class_list":["post-67","page","type-page","status-publish","hentry"],"_links":{"self":[{"href":"https:\/\/ambmaputo.esteri.it\/it\/wp-json\/wp\/v2\/pages\/67","targetHints":{"allow":["GET"]}}],"collection":[{"href":"https:\/\/ambmaputo.esteri.it\/it\/wp-json\/wp\/v2\/pages"}],"about":[{"href":"https:\/\/ambmaputo.esteri.it\/it\/wp-json\/wp\/v2\/types\/page"}],"author":[{"embeddable":true,"href":"https:\/\/ambmaputo.esteri.it\/it\/wp-json\/wp\/v2\/users\/1"}],"replies":[{"embeddable":true,"href":"https:\/\/ambmaputo.esteri.it\/it\/wp-json\/wp\/v2\/comments?post=67"}],"version-history":[{"count":2,"href":"https:\/\/ambmaputo.esteri.it\/it\/wp-json\/wp\/v2\/pages\/67\/revisions"}],"predecessor-version":[{"id":467,"href":"https:\/\/ambmaputo.esteri.it\/it\/wp-json\/wp\/v2\/pages\/67\/revisions\/467"}],"up":[{"embeddable":true,"href":"https:\/\/ambmaputo.esteri.it\/it\/wp-json\/wp\/v2\/pages\/49"}],"wp:attachment":[{"href":"https:\/\/ambmaputo.esteri.it\/it\/wp-json\/wp\/v2\/media?parent=67"}],"curies":[{"name":"wp","href":"https:\/\/api.w.org\/{rel}","templated":true}]}}