{"id":46,"date":"2023-04-11T18:11:52","date_gmt":"2023-04-11T16:11:52","guid":{"rendered":"https:\/\/ambasciatapraga.esteri.it\/?page_id=46"},"modified":"2023-11-15T14:39:11","modified_gmt":"2023-11-15T12:39:11","slug":"cooperazione-allo-sviluppo","status":"publish","type":"page","link":"https:\/\/ambmaputo.esteri.it\/it\/italia-e-mozambico\/cooperazione-allo-sviluppo\/","title":{"rendered":"Cooperazione allo sviluppo"},"content":{"rendered":"<p style=\"text-align: left;\" align=\"center\">Il Mozambico \u00e8 storicamente uno dei Paesi prioritari della Cooperazione italiana. Rimane in effetti tra i pi\u00f9 poveri al mondo (al 185mo posto su 191 Paesi nella classifica dello Sviluppo Umano delle Nazioni Unite per il 2021) ed \u00e8 sempre stato legato all&#8217;Italia da una forte relazione di amicizia. L&#8217;obiettivo quindi \u00e8 quello di continuare a sostenerne attivamente lo sviluppo, coerentemente con i principali strumenti politici e programmatici adottati dal Governo mozambicano e dalle Nazioni Unite.<\/p>\n<p>Dal 1982 l\u2019Italia ha erogato a favore del Mozambico fondi a dono per circa 890 milioni di Euro. I settori in cui si \u00e8 storicamente concentrato il sostegno italiano sono: agricoltura e sviluppo rurale; educazione, formazione tecnico-professionale e universitaria; sanit\u00e0. Attualmente sono in corso programmi per circa 250 milioni di euro, tra sovvenzioni e prestiti agevolati.<\/p>\n<p>Il Mozambico \u00e8 particolarmente esposto alle conseguenze del cambiamento climatico. In questo quadro nel corso del 2019 (tra marzo e aprile) le Province centrali e settentrionali del Paese sono state colpite dai Cicloni Idai e Kenneth, che hanno generato danni e perdite per oltre 3 miliardi di dollari. Notevolissimo l\u2019impegno italiano nelle fasi di emergenza e di ricostruzione post-cicloni, tuttora in corso. \u00c8 stata innanzitutto annunciata la concessione di un credito d\u2019aiuto di 35 milioni di euro di cui \u00e8 in corso di approfondimento il concreto utilizzo a favore della ripresa delle attivit\u00e0 produttive del settore agrario, con i partner istituzionali (Ministero per l\u2019Agricoltura e lo Sviluppo Rurale) . Inoltre l\u2019Ospedale chirurgico da campo allestito durante l\u2019emergenza, del valore di 2,2 milioni di Euro, \u00e8 stato definitivamente donato all\u2019Ospedale centrale della citt\u00e0 di Beira dopo un periodo di formazione del personale medico locale da parte degli operatori della protezione civile italiani.<\/p>\n<p>Sono stati altres\u00ec stanziati 2,7 milioni di Euro per il ripristino dei servizi e del tessuto economico-sociale a favore delle popolazioni colpite dai due cicloni; altri interventi hanno riguardato le Provincie di Manica e Sofala: 1 milione di euro per il miglioramento delle condizioni di vita degli sfollati nell\u2019area della citt\u00e0 di Pemba e del distretto di Metuge, a Cabo Delgado, 500 mila euro per la fornitura di mezzi di sussistenza e opportunit\u00e0 economiche per giovani e donne nelle comunit\u00e0 sfollate e ospitanti e 605.000 euro tramite la Delegazione di Manica del Fondo di Sviluppo Agrario (FDA), dipendente dal Ministero dell\u2019Agricoltura e Sviluppo Rurale, sono stati destinati a misure per la sicurezza alimentare.<\/p>\n<p>\u00c8 significativa la presenza della societ\u00e0 civile italiana che conta con oltre 30 organizzazioni attive nel Paese.<\/p>\n<p>Per maggiori informazioni sulle attivit\u00e0 della Cooperazione italiana in Mozambico si suggerisce di consultare la pagina web della Sede AICS (Agenzia Italiana per la Cooperazione allo Sviluppo) di Maputo al seguente indirizzo internet:\u00a0<a href=\"https:\/\/maputo.aics.gov.it\/\">https:\/\/maputo.aics.gov.it\/<\/a><\/p>\n<p>&nbsp;<\/p>\n","protected":false},"excerpt":{"rendered":"Il Mozambico \u00e8 storicamente uno dei Paesi prioritari della Cooperazione italiana. Rimane in effetti tra i pi\u00f9 poveri al mondo (al 185mo posto su 191 Paesi nella classifica dello Sviluppo Umano delle Nazioni Unite per il 2021) ed \u00e8 sempre stato legato all&#8217;Italia da una forte relazione di amicizia. L&#8217;obiettivo quindi \u00e8 quello di continuare [&hellip;]","protected":false},"author":1,"featured_media":0,"parent":14,"menu_order":6,"comment_status":"closed","ping_status":"closed","template":"","meta":{"footnotes":""},"class_list":["post-46","page","type-page","status-publish","hentry"],"_links":{"self":[{"href":"https:\/\/ambmaputo.esteri.it\/it\/wp-json\/wp\/v2\/pages\/46","targetHints":{"allow":["GET"]}}],"collection":[{"href":"https:\/\/ambmaputo.esteri.it\/it\/wp-json\/wp\/v2\/pages"}],"about":[{"href":"https:\/\/ambmaputo.esteri.it\/it\/wp-json\/wp\/v2\/types\/page"}],"author":[{"embeddable":true,"href":"https:\/\/ambmaputo.esteri.it\/it\/wp-json\/wp\/v2\/users\/1"}],"replies":[{"embeddable":true,"href":"https:\/\/ambmaputo.esteri.it\/it\/wp-json\/wp\/v2\/comments?post=46"}],"version-history":[{"count":3,"href":"https:\/\/ambmaputo.esteri.it\/it\/wp-json\/wp\/v2\/pages\/46\/revisions"}],"predecessor-version":[{"id":560,"href":"https:\/\/ambmaputo.esteri.it\/it\/wp-json\/wp\/v2\/pages\/46\/revisions\/560"}],"up":[{"embeddable":true,"href":"https:\/\/ambmaputo.esteri.it\/it\/wp-json\/wp\/v2\/pages\/14"}],"wp:attachment":[{"href":"https:\/\/ambmaputo.esteri.it\/it\/wp-json\/wp\/v2\/media?parent=46"}],"curies":[{"name":"wp","href":"https:\/\/api.w.org\/{rel}","templated":true}]}}