{"id":44,"date":"2023-04-11T18:10:45","date_gmt":"2023-04-11T16:10:45","guid":{"rendered":"https:\/\/ambasciatapraga.esteri.it\/?page_id=44"},"modified":"2023-11-15T14:21:08","modified_gmt":"2023-11-15T12:21:08","slug":"diplomazia-culturale","status":"publish","type":"page","link":"https:\/\/ambmaputo.esteri.it\/it\/italia-e-mozambico\/diplomazia-culturale\/","title":{"rendered":"Diplomazia culturale"},"content":{"rendered":"<p><strong>Lingua e cultura italiana in Mozambico<\/strong><\/p>\n<p>La promozione della lingua e della cultura italiana si sviluppa lungo le seguenti direttrici:<\/p>\n<p><strong>Insegnamento<br \/>\n<\/strong>A Maputo \u00e8\u00a0attiva la Scuola italiana privata &#8220;Giovanni Falcone&#8221;, con circa un centinaio di allievi della scuola d\u2019infanzia e primaria.\u00a0 L\u2019Ambasciata collabora fattivamente con la locale\u00a0<a href=\"https:\/\/www.facebook.com\/dantemaputo\/?ref=br_rs\">Associazione Dante Alighieri<\/a>\u00a0che offre corsi di italiano certificati PLIDA e partecipa alle iniziative culturali in un\u2019ottica di collaborazione sinergica. L\u2019insegnamento dell\u2019Italiano \u00e8 infine presente presso il Seminario Diocesano Pio X e presso l\u2019Universit\u00e0 S\u00e3o Tom\u00e1s come corso curriculare.<\/p>\n<p><strong>Eventi culturali e settimane tematiche<br \/>\n<\/strong>Ogni anno l&#8217;Ambasciata organizza varie manifestazioni culturali: il Festival del cinema italiano a maggio; la Settimana della lingua italiana ad ottobre, insieme all&#8217;Associazione Dante Alighieri; il Festival Jazz Italia-Mozambico sempre ad ottobre; la Settimana della cucina italiana a novembre in collaborazione con\u00a0<a href=\"https:\/\/www.ice.it\/it\/mercati\/mozambico\">l\u2019Ufficio ICE &#8211; Agenzia di Maputo<\/a>\u00a0e con operatori del settore italiani e locali; rassegne cinematografiche con film italiani, anche nel quadro del Festival del Cinema europeo, con le Ambasciate dei Paesi dell\u2019Unione Europea in Mozambico.<\/p>\n<p><strong>Borse di studio per studenti mozambicani<br \/>\n<\/strong>L\u2019Ambasciata diffonde le informazioni concernenti le\u00a0<a href=\"http:\/\/www.esteri.it\/mae\/it\/ministero\/servizi\/stranieri\/opportunita\/borsestudio_stranieri.html\">borse di studio del Ministero degli Affari Esteri e della Cooperazione Internazionale<\/a>\u00a0e le diverse opportunit\u00e0 di studio in Italia offerte da Universit\u00e0 pubbliche e private.<\/p>\n","protected":false},"excerpt":{"rendered":"Lingua e cultura italiana in Mozambico La promozione della lingua e della cultura italiana si sviluppa lungo le seguenti direttrici: Insegnamento A Maputo \u00e8\u00a0attiva la Scuola italiana privata &#8220;Giovanni Falcone&#8221;, con circa un centinaio di allievi della scuola d\u2019infanzia e primaria.\u00a0 L\u2019Ambasciata collabora fattivamente con la locale\u00a0Associazione Dante Alighieri\u00a0che offre corsi di italiano certificati PLIDA [&hellip;]","protected":false},"author":1,"featured_media":0,"parent":14,"menu_order":2,"comment_status":"closed","ping_status":"closed","template":"","meta":{"footnotes":""},"class_list":["post-44","page","type-page","status-publish","hentry"],"_links":{"self":[{"href":"https:\/\/ambmaputo.esteri.it\/it\/wp-json\/wp\/v2\/pages\/44","targetHints":{"allow":["GET"]}}],"collection":[{"href":"https:\/\/ambmaputo.esteri.it\/it\/wp-json\/wp\/v2\/pages"}],"about":[{"href":"https:\/\/ambmaputo.esteri.it\/it\/wp-json\/wp\/v2\/types\/page"}],"author":[{"embeddable":true,"href":"https:\/\/ambmaputo.esteri.it\/it\/wp-json\/wp\/v2\/users\/1"}],"replies":[{"embeddable":true,"href":"https:\/\/ambmaputo.esteri.it\/it\/wp-json\/wp\/v2\/comments?post=44"}],"version-history":[{"count":2,"href":"https:\/\/ambmaputo.esteri.it\/it\/wp-json\/wp\/v2\/pages\/44\/revisions"}],"predecessor-version":[{"id":539,"href":"https:\/\/ambmaputo.esteri.it\/it\/wp-json\/wp\/v2\/pages\/44\/revisions\/539"}],"up":[{"embeddable":true,"href":"https:\/\/ambmaputo.esteri.it\/it\/wp-json\/wp\/v2\/pages\/14"}],"wp:attachment":[{"href":"https:\/\/ambmaputo.esteri.it\/it\/wp-json\/wp\/v2\/media?parent=44"}],"curies":[{"name":"wp","href":"https:\/\/api.w.org\/{rel}","templated":true}]}}