{"id":43,"date":"2023-04-11T18:10:30","date_gmt":"2023-04-11T16:10:30","guid":{"rendered":"https:\/\/ambasciatapraga.esteri.it\/?page_id=43"},"modified":"2026-04-15T14:37:17","modified_gmt":"2026-04-15T12:37:17","slug":"diplomazia-economica","status":"publish","type":"page","link":"https:\/\/ambmaputo.esteri.it\/it\/italia-e-mozambico\/diplomazia-economica\/","title":{"rendered":"Diplomazia economica"},"content":{"rendered":"<p style=\"text-align: justify;\">Il Mozambico rappresenta un partner importante per l\u2019Italia nel continente africano sotto il profilo della cooperazione economico-commerciale. Il Paese ha registrato sino al 2016 tassi di crescita fra i pi\u00f9 elevati dell\u2019Africa subsahariana, sostenuti in particolare dalle attivit\u00e0 del settore minerario ed energetico, nonch\u00e9 dagli investimenti infrastrutturali. Nel 2022, la crescita economica del Mozambico \u00e8 stata del 4% circa, in netta crescita rispetto agli anni di Pandemia da Covid-19.<\/p>\n<p style=\"text-align: justify;\">Nel 2022 L&#8217;Italia si \u00e8 confermata tra i primi investitori europei in Mozambico, con circa 155 milioni di dollari (secondo i dati della locale Banca Centrale), registrando una flessione rispetto al 2021, quando gli IDE italiani corrispondevano a 200 milioni di USD. In ogni caso l\u2019Italia si classifica al quarto posto per livello di IDE, dopo Mauritius, Paesi Bassi ed Emirati Arabi Uniti.<\/p>\n<p style=\"text-align: justify;\">L&#8217;interscambio commerciale bilaterale \u00e8 ancora relativamente limitato e nel 2022 ha toccato i 915 milioni di Euro, registrando un marcato incremento rispetto al 2021 (oltre il 90%), avvicinandosi ai livelli record del 2018. Sono pi\u00f9 che raddoppiate le importazioni dal Mozambico (+113%), attestandosi ad oltre 860 milioni di euro, mentre sono calate le esportazioni italiane in Mozambico (circa 57 milioni di euro, -25% rispetto al 2021). Il saldo commerciale, che \u00e8 tradizionalmente squilibrato a favore del Mozambico, ha raggiunto nel 2022 un deficit di 803 milioni di euro.<\/p>\n<p style=\"text-align: justify;\">Ad oggi, vi sono nel Paese circa cinquanta aziende italiane, attive principalmente nei settori idrocarburi, edilizia e infrastrutture, turismo, logistica e trasporti, beni di consumo.<\/p>\n<p style=\"text-align: justify;\">Le aspettative di crescita del Mozambico sono positive. Le scoperte di ingenti giacimenti di gas naturale (da parte di ENI e Anadarko) e la ricchezza mineraria del Paese (carbone, grafite e sabbie pesanti in particolare), potranno continuare ad attrarre nel medio termine un importante flusso di investimenti esteri diretti, alimentando anche il relativo indotto e creando cos\u00ec nuovi spazi anche per le PMI. In particolare ENI (in un consorzio alla pari con l\u2019americana ExxonMobil) ha gi\u00e0 dato avvio nel 2017 ad un progetto di estrazione e liquefazione del gas naturale off-shore (Coral Sud). Quest\u2019ultimo progetto \u00e8 entrato in attivit\u00e0 e il primo carico di GNL \u00e8 partito nel novembre del 2022. Il FMI stima che nel triennio 2023-2025 la crescita economica raggiunga tassi pari al 6% annuo sostenuta dal settore estrattivo (concentrato in particolare sul GNL, la cui estrazione \u00e8 cominciata nel 2022) e dalle esportazioni di materie prime non lavorate.<\/p>\n<p style=\"text-align: justify;\">Sul fronte dell\u2019aiuto pubblico allo sviluppo (APS), l\u2019Italia ha investito in modo significativo in Mozambico, primo Paese beneficiario della Cooperazione italiana: dal 1992 al 2014 sono stati donati 538 milioni di Euro, cui si aggiungono due cancellazioni del debito nel 1996 (154,3 milioni di Euro) e nel 2002 (557,3 milioni). Nel 2022 le iniziative di Sviluppo e Umanitarie promosse dall\u2019Agenzia Italiana per la Cooperazione allo Sviluppo di Maputo ammontano a circa 243 milioni di euro, tra sovvenzioni e prestiti agevolati. In occasione della visita del Presidente della Repubblica Sergio Mattarella, nel luglio 2022, \u00e8 stato firmato un piano indicativo Pluriennale (PIP) 2022-2026 per un totale di 85 milioni di euro (di cui 50 a credito, per i primi tre anni).<\/p>\n","protected":false},"excerpt":{"rendered":"Il Mozambico rappresenta un partner importante per l\u2019Italia nel continente africano sotto il profilo della cooperazione economico-commerciale. Il Paese ha registrato sino al 2016 tassi di crescita fra i pi\u00f9 elevati dell\u2019Africa subsahariana, sostenuti in particolare dalle attivit\u00e0 del settore minerario ed energetico, nonch\u00e9 dagli investimenti infrastrutturali. Nel 2022, la crescita economica del Mozambico \u00e8 [&hellip;]","protected":false},"author":1,"featured_media":0,"parent":14,"menu_order":0,"comment_status":"closed","ping_status":"closed","template":"","meta":{"footnotes":""},"class_list":["post-43","page","type-page","status-publish","hentry"],"_links":{"self":[{"href":"https:\/\/ambmaputo.esteri.it\/it\/wp-json\/wp\/v2\/pages\/43","targetHints":{"allow":["GET"]}}],"collection":[{"href":"https:\/\/ambmaputo.esteri.it\/it\/wp-json\/wp\/v2\/pages"}],"about":[{"href":"https:\/\/ambmaputo.esteri.it\/it\/wp-json\/wp\/v2\/types\/page"}],"author":[{"embeddable":true,"href":"https:\/\/ambmaputo.esteri.it\/it\/wp-json\/wp\/v2\/users\/1"}],"replies":[{"embeddable":true,"href":"https:\/\/ambmaputo.esteri.it\/it\/wp-json\/wp\/v2\/comments?post=43"}],"version-history":[{"count":4,"href":"https:\/\/ambmaputo.esteri.it\/it\/wp-json\/wp\/v2\/pages\/43\/revisions"}],"predecessor-version":[{"id":10166,"href":"https:\/\/ambmaputo.esteri.it\/it\/wp-json\/wp\/v2\/pages\/43\/revisions\/10166"}],"up":[{"embeddable":true,"href":"https:\/\/ambmaputo.esteri.it\/it\/wp-json\/wp\/v2\/pages\/14"}],"wp:attachment":[{"href":"https:\/\/ambmaputo.esteri.it\/it\/wp-json\/wp\/v2\/media?parent=43"}],"curies":[{"name":"wp","href":"https:\/\/api.w.org\/{rel}","templated":true}]}}