{"id":14,"date":"2023-04-11T17:08:52","date_gmt":"2023-04-11T15:08:52","guid":{"rendered":"https:\/\/ambasciatapraga.esteri.it\/?page_id=14"},"modified":"2023-11-15T13:57:17","modified_gmt":"2023-11-15T11:57:17","slug":"italia-e-mozambico","status":"publish","type":"page","link":"https:\/\/ambmaputo.esteri.it\/it\/italia-e-mozambico\/","title":{"rendered":"Italia e Mozambico"},"content":{"rendered":"<p><span lang=\"IT\">Le relazioni tra Italia e Mozambico poggiano su un solido e profondo legame di amicizia, iniziato fin da prima dell\u2019indipendenza negli anni 70 e poi significativamente rafforzato dal ruolo di mediatore svolto dall\u2019Italia durante i negoziati che si conclusero con la firma dell\u2019Accordo di Pace di Roma del 4 ottobre 1992, che pose fine a 16 anni di guerra civile che devastarono il Paese. A questo occorre aggiungere i numerosi interventi effettuati dalla Cooperazione allo sviluppo negli ultimi 30 anni, di cui le Autorit\u00e0 mozambicane ci sono sinceramente riconoscenti e che hanno contribuito a fare dell\u2019Italia un partner di primo piano del Mozambico. Intensi anche i rapporti esistenti a livello di amministrazioni locali e di organizzazioni della societ\u00e0 civile.<\/span><\/p>\n<p><span lang=\"IT\">L\u2019Italia continua ad essere un interlocutore di primo piano sia sul piano della cooperazione allo sviluppo sia in altri importanti settori delle relazioni bilaterali come quello economico-commerciale e quello culturale.\u00a0 Negli ultimi anni, grazie alla politica di supporto adottata dall\u2019Ambasciata con il sostegno del Ministero degli Esteri, anche le relazioni economico-commerciali hanno fatto registrare una netta intensificazione, amplificata dalle recenti scoperte di grandi giacimenti di gas naturale effettuati dall\u2019ENI nel bacino del fiume Rovuma, nell\u2019estremit\u00e0 settentrionale del Paese.<\/span><\/p>\n<p><span lang=\"IT\">Sul piano multilaterale, Italia e Mozambico mantengono un dialogo costruttivo in tutti i principali fora internazionali.<\/span><\/p>\n<p><strong>ITALOMOZ HISTORIA<\/strong><\/p>\n<p>Lo storico rapporto bilaterale tra l&#8217;Italia ed il Mozambico \u00e8 oggetto di un apposito progetto ideato dall&#8217;Ambasciata per creare un archivio online che illustri la storia della cooperazione tra i due paesi dal 1964 al 1994, con informazioni e documenti che mostrano il percorso delle relazioni durante la guerra d&#8217;indipendenza ed i primi cruciali anni dopo la decolonizzazione. Il progetto (in lingua portoghese) \u00e8 stato realizzato dall&#8217;Ambasciata d&#8217;Italia in Mozambico, prodotto dalla societ\u00e0 PROMARTE ed \u00e8 reperibile al seguente indirizzo:\u00a0<a href=\"https:\/\/italomozhistoria.com\/\">https:\/\/italomozhistoria.com\/<\/a><\/p>\n","protected":false},"excerpt":{"rendered":"Le relazioni tra Italia e Mozambico poggiano su un solido e profondo legame di amicizia, iniziato fin da prima dell\u2019indipendenza negli anni 70 e poi significativamente rafforzato dal ruolo di mediatore svolto dall\u2019Italia durante i negoziati che si conclusero con la firma dell\u2019Accordo di Pace di Roma del 4 ottobre 1992, che pose fine a [&hellip;]","protected":false},"author":1,"featured_media":0,"parent":0,"menu_order":4,"comment_status":"closed","ping_status":"closed","template":"","meta":{"footnotes":""},"class_list":["post-14","page","type-page","status-publish","hentry"],"_links":{"self":[{"href":"https:\/\/ambmaputo.esteri.it\/it\/wp-json\/wp\/v2\/pages\/14","targetHints":{"allow":["GET"]}}],"collection":[{"href":"https:\/\/ambmaputo.esteri.it\/it\/wp-json\/wp\/v2\/pages"}],"about":[{"href":"https:\/\/ambmaputo.esteri.it\/it\/wp-json\/wp\/v2\/types\/page"}],"author":[{"embeddable":true,"href":"https:\/\/ambmaputo.esteri.it\/it\/wp-json\/wp\/v2\/users\/1"}],"replies":[{"embeddable":true,"href":"https:\/\/ambmaputo.esteri.it\/it\/wp-json\/wp\/v2\/comments?post=14"}],"version-history":[{"count":4,"href":"https:\/\/ambmaputo.esteri.it\/it\/wp-json\/wp\/v2\/pages\/14\/revisions"}],"predecessor-version":[{"id":512,"href":"https:\/\/ambmaputo.esteri.it\/it\/wp-json\/wp\/v2\/pages\/14\/revisions\/512"}],"wp:attachment":[{"href":"https:\/\/ambmaputo.esteri.it\/it\/wp-json\/wp\/v2\/media?parent=14"}],"curies":[{"name":"wp","href":"https:\/\/api.w.org\/{rel}","templated":true}]}}