{"id":135,"date":"2023-09-21T16:01:27","date_gmt":"2023-09-21T14:01:27","guid":{"rendered":"https:\/\/ambmaputo.esteri.it\/?page_id=135"},"modified":"2026-04-15T14:29:40","modified_gmt":"2026-04-15T12:29:40","slug":"contatti","status":"publish","type":"page","link":"https:\/\/ambmaputo.esteri.it\/it\/chi-siamo\/contatti\/","title":{"rendered":"Contatti"},"content":{"rendered":"<p><strong>AMBASCIATA D&#8217;ITALIA A MAPUTO<\/strong><br \/>\nAv. Kenneth Kaunda, 387<br \/>\n976, Maputo<br \/>\nTel.: +258 20606560<br \/>\n<span class=\"baec5a81-e4d6-4674-97f3-e9220f0136c1\">E-mail: <a href=\"mailto:ambasciata.maputo@esteri.it\">ambasciata.maputo@esteri.it<br \/>\n<\/a><\/span><span class=\"baec5a81-e4d6-4674-97f3-e9220f0136c1\">PEC:\u00a0<a href=\"mailto:amb.maputo@cert.esteri.it\">amb.maputo@cert.esteri.it<\/a><\/span><\/p>\n<p><em><strong>Orari di apertura dell&#8217;Ambasciata<\/strong><\/em><\/p>\n<p>Luned\u00ec: 08.00 &#8211; 17.00<br \/>\nMarted\u00ec: 08.00 &#8211; 15.30<br \/>\nMercoled\u00ec: 08.00 &#8211; 15.30<br \/>\nGioved\u00ec: 08.00 &#8211; 15.30<br \/>\nVenerd\u00ec: 08.00 &#8211; 13.30<\/p>\n<p><em><strong>Orari dei servizi consolari<\/strong><\/em><\/p>\n<p>Dal luned\u00ec al venerd\u00ec: 09.00 &#8211; 12.00<br \/>\nLuned\u00ec: 14.00 &#8211; 16.00<\/p>\n<p>&nbsp;<\/p>\n<p><strong>Solo ed esclusivamente per situazioni di comprovata <span style=\"text-decoration: underline;\">emergenza<\/span> al di fuori degli orari di ufficio<\/strong><br \/>\n(ad esempio: per incidenti, arresti, gravi e urgenti problemi di salute, ecc. Le chiamate per pratiche consolari ordinarie, richieste di informazioni NON saranno prese in considerazione. Per ragioni di servizio le chiamate potrebbero essere registrate):<\/p>\n<p><strong><span class=\"baec5a81-e4d6-4674-97f3-e9220f0136c1\">+258 823039940 <\/span><\/strong><span class=\"baec5a81-e4d6-4674-97f3-e9220f0136c1\">(Tmcel, numero con applicativo WhatsApp)<\/span><strong><span class=\"baec5a81-e4d6-4674-97f3-e9220f0136c1\"><br \/>\n<\/span><br \/>\n<\/strong><strong>UNIT\u00c0\u00a0DI CRISI<\/strong>\u00a0presso il Ministero degli Esteri a Roma (h24):<br \/>\nTel.:\u00a0<span class=\"baec5a81-e4d6-4674-97f3-e9220f0136c1\">+39 06 36225<br \/>\nE-mail:\u00a0<\/span><a href=\"mailto:unita.crisi@esteri.it\">unita.crisi@esteri.it<\/a><\/p>\n<p style=\"text-align: justify;\"><strong>UFFICIO ICE\u00a0\u2013 Agenzia per la Promozione all\u2019estero e l\u2019Internazionalizzazione delle Imprese Italiane<br \/>\n<\/strong><span class=\"baec5a81-e4d6-4674-97f3-e9220f0136c1\">c\/o Ambasciata d\u2019Italia, Av. Kenneth Kaunda, 387, Maputo<br \/>\n<\/span>Direttore: Dott. Giancarlo ALBANO<br \/>\n<span class=\"baec5a81-e4d6-4674-97f3-e9220f0136c1\">Tel. : +258 20606550<br \/>\n<\/span><span class=\"baec5a81-e4d6-4674-97f3-e9220f0136c1\">Fax: +258 20606559<br \/>\nE-mail:\u00a0<a href=\"mailto:maputo@ice.it\">maputo@ice.it<br \/>\n<\/a><\/span>Web:\u00a0www.ice.it\/it\/mercati\/mozambico\/maputo<br \/>\nPer richieste di assistenza alla sezione economico-commerciale, <a href=\"https:\/\/www.ice.it\/it\/area-clienti\/login\">clicca qui<\/a><br \/>\nPer informazioni sui bandi di gara, <a href=\"https:\/\/www.ice.it\/it\/area-clienti\/ricerche\/opportunita-commerciali?idPaese=366\">clicca qui<\/a>.<\/p>\n<p><span class=\"baec5a81-e4d6-4674-97f3-e9220f0136c1\"><strong>UFFICIO AICS\u00a0\u2013 Agenzia Italiana per la Cooperazione\u00a0allo Sviluppo<br \/>\n<\/strong><\/span><span class=\"baec5a81-e4d6-4674-97f3-e9220f0136c1\">Rua Damiao de Gois, 381 Maputo<br \/>\n<\/span><span class=\"baec5a81-e4d6-4674-97f3-e9220f0136c1\">Direttore: Dott. Paolo SERTOLI<br \/>\nTel +258 21491782\/7\/8 \u2013 21498513<br \/>\n<\/span><span class=\"baec5a81-e4d6-4674-97f3-e9220f0136c1\">E-mail:\u00a0<a href=\"mailto:maputo@aics.gov.it\">maputo@aics.gov.it<br \/>\n<\/a><\/span><span class=\"baec5a81-e4d6-4674-97f3-e9220f0136c1\">Web:\u00a0<a href=\"https:\/\/maputo.aics.gov.it\/\">maputo.aics.gov.it<\/a><\/span><\/p>\n<p><span class=\"baec5a81-e4d6-4674-97f3-e9220f0136c1\"><strong>UFFICIO ADDETTO PER LA DIFESA<br \/>\n<\/strong><\/span><span class=\"baec5a81-e4d6-4674-97f3-e9220f0136c1\">c\/o Ambasciata d\u2019Italia a Pretoria (Sud Africa)<br \/>\nCol. Franco LINZALONE<br \/>\n<\/span><span class=\"baec5a81-e4d6-4674-97f3-e9220f0136c1\">Tel +27 12 3420026<br \/>\n<\/span>Fax +27 12 4302091<br \/>\n<span class=\"baec5a81-e4d6-4674-97f3-e9220f0136c1\">E-mail:\u00a0<a href=\"mailto:difeitalia.pretoria@smd.difesa.it\">difeitalia.pretoria@smd.difesa.it<\/a><\/span><\/p>\n<p><strong>Corrispondente Consolare &#8211; Pemba<\/strong><br \/>\n(competenza per tutta la Provincia di Cabo Delgado)<br \/>\nCorrispondente Consolare: Luigi Giglio<br \/>\nRua Jer\u00f3nimo Romero, pr\u00e9dio CoWork<br \/>\nCell: +258 848164119<br \/>\nE-mail <a href=\"mailto:geom.giglioluigi@gmail.com\">geom.giglioluigi@gmail.com<\/a><br \/>\nOrario di apertura al pubblico : dal luned\u00ec al venerd\u00ec dalle 7:30 alle 17:30<br \/>\n<a href=\"https:\/\/ambmaputo.esteri.it\/wp-content\/uploads\/2024\/08\/Decreto-n.-11-2024_Nomina-LuigiGiglio-Corrispondente-Consolare-1.pdf\">Decreto di nomina<\/a><\/p>\n<p><strong>Consolato Generale del Portogallo a Beira<br \/>\n<\/strong>(Ufficio competente a processare le domande di visto Schengen presentate da persone residenti pi\u00f9 vicino a tale citt\u00e0 che a Maputo)<br \/>\nRua Ant\u00f3nio Enes, 148\/149 &#8211; 2\u00ba andar<br \/>\nCaixa Postal n.\u00ba 1996, Beira<br \/>\nTel:\u00a0+(258) 233 260 66\/76<br \/>\nTel:\u00a0+(258) 233 222 96<br \/>\nE-mail: <a href=\"mailto:consulado.beira@mne.pt\">consulado.beira@mne.pt<\/a><br \/>\n<a href=\"https:\/\/beira.consuladoportugal.mne.gov.pt\/pt\/\">https:\/\/beira.consuladoportugal.mne.gov.pt\/pt\/<\/a><\/p>\n<p><strong>Consolato Onorario \u2013 Eswatini<br \/>\n<\/strong>Console Onorario: Roberto Russo<br \/>\nPlot 179, 1st Street, Matsapha<br \/>\nTel:\u00a0<span class=\"baec5a81-e4d6-4674-97f3-e9220f0136c1\">+268 2518 7797<\/span>\u00a0(ufficio)<br \/>\n<span class=\"baec5a81-e4d6-4674-97f3-e9220f0136c1\">Cell.: +268 7602 2882<br \/>\n<\/span>e-mail:\u00a0<a href=\"mailto:mbabane.onorario@esteri.it\">mbabane.onorario@esteri.it<\/a><br \/>\ne-mail:\u00a0<a href=\"mailto:tenele@starpaint.co.za\">tenele@starpaint.co.za<\/a>\u00a0(Segr. Sig. Tenele Mazibuko)<br \/>\nOrario di apertura al pubblico: dal luned\u00ec al venerd\u00ec dalle 9:00 alle 15:00<br \/>\n<a href=\"https:\/\/ambmaputo.esteri.it\/wp-content\/uploads\/2023\/10\/decreto_russo.pdf\">Decreto di limitazione delle funzioni consolari<\/a><\/p>\n<p>Corrispondente Consolare:\u00a0Marzio D\u2019Orsi<br \/>\nMantenga Drive, Ezulwini<br \/>\nTel:\u00a0<span class=\"baec5a81-e4d6-4674-97f3-e9220f0136c1\">+268 76042535<\/span><br \/>\ne-mail:\u00a0<a href=\"mailto:dorsimmg@gmail.com\">dorsimmg@gmail.com<\/a><\/p>\n<p><strong>Vice-Consolato Onorario \u2013 Botswana<br \/>\n<\/strong>Vice-Console Onorario Guido Renato Giovanni Giachetti<br \/>\nLejara Road, Plot 5624, Broadhurst Ind.<br \/>\nP.O. Box 495, Gaborone<br \/>\nWhatsApp.: +267 72300110<br \/>\nFax:\u00a0<span class=\"baec5a81-e4d6-4674-97f3-e9220f0136c1\">+267 3973441<br \/>\n<\/span>e-mail:\u00a0<a href=\"mailto:givenm@rdc.bw\">givenm@rdc.bw<\/a>\u00a0(Segr. Sig. Given Mabina)<br \/>\n<a href=\"https:\/\/ambmaputo.esteri.it\/wp-content\/uploads\/2023\/10\/Decreto_Giachetti.pdf\">Decreto di limitazione delle funzioni consolari<\/a><\/p>\n<p>&nbsp;<\/p>\n","protected":false},"excerpt":{"rendered":"AMBASCIATA D&#8217;ITALIA A MAPUTO Av. Kenneth Kaunda, 387 976, Maputo Tel.: +258 20606560 E-mail: ambasciata.maputo@esteri.it PEC:\u00a0amb.maputo@cert.esteri.it Orari di apertura dell&#8217;Ambasciata Luned\u00ec: 08.00 &#8211; 17.00 Marted\u00ec: 08.00 &#8211; 15.30 Mercoled\u00ec: 08.00 &#8211; 15.30 Gioved\u00ec: 08.00 &#8211; 15.30 Venerd\u00ec: 08.00 &#8211; 13.30 Orari dei servizi consolari Dal luned\u00ec al venerd\u00ec: 09.00 &#8211; 12.00 Luned\u00ec: 14.00 &#8211; 16.00 [&hellip;]","protected":false},"author":1,"featured_media":0,"parent":13,"menu_order":4,"comment_status":"closed","ping_status":"closed","template":"","meta":{"footnotes":""},"class_list":["post-135","page","type-page","status-publish","hentry"],"_links":{"self":[{"href":"https:\/\/ambmaputo.esteri.it\/it\/wp-json\/wp\/v2\/pages\/135","targetHints":{"allow":["GET"]}}],"collection":[{"href":"https:\/\/ambmaputo.esteri.it\/it\/wp-json\/wp\/v2\/pages"}],"about":[{"href":"https:\/\/ambmaputo.esteri.it\/it\/wp-json\/wp\/v2\/types\/page"}],"author":[{"embeddable":true,"href":"https:\/\/ambmaputo.esteri.it\/it\/wp-json\/wp\/v2\/users\/1"}],"replies":[{"embeddable":true,"href":"https:\/\/ambmaputo.esteri.it\/it\/wp-json\/wp\/v2\/comments?post=135"}],"version-history":[{"count":7,"href":"https:\/\/ambmaputo.esteri.it\/it\/wp-json\/wp\/v2\/pages\/135\/revisions"}],"predecessor-version":[{"id":11790,"href":"https:\/\/ambmaputo.esteri.it\/it\/wp-json\/wp\/v2\/pages\/135\/revisions\/11790"}],"up":[{"embeddable":true,"href":"https:\/\/ambmaputo.esteri.it\/it\/wp-json\/wp\/v2\/pages\/13"}],"wp:attachment":[{"href":"https:\/\/ambmaputo.esteri.it\/it\/wp-json\/wp\/v2\/media?parent=135"}],"curies":[{"name":"wp","href":"https:\/\/api.w.org\/{rel}","templated":true}]}}